{"id":830,"date":"2023-04-14T09:00:11","date_gmt":"2023-04-14T07:00:11","guid":{"rendered":"https:\/\/sekelskiftes.wpengine.com\/?page_id=830"},"modified":"2023-08-17T16:20:41","modified_gmt":"2023-08-17T14:20:41","slug":"sekelskiftesdagarna-2023","status":"publish","type":"page","link":"https:\/\/sekelskiftesdagarna.se\/sv_se\/sekelskiftesdagarna-2023\/","title":{"rendered":"Sekelskiftesdagarna 2023"},"content":{"rendered":"\n<div class=\"wp-block-columns alignwide is-layout-flex wp-container-core-columns-is-layout-9d6595d7 wp-block-columns-is-layout-flex\">\n<div class=\"wp-block-column is-layout-flow wp-block-column-is-layout-flow\" style=\"flex-basis:50%\">\n<figure class=\"wp-block-image\"><a href=\"https:\/\/sekelskiftesdagarna.se\/wp-content\/uploads\/2023\/06\/Marstrands-dagarna-2023nr15859-1.pdf\"><img loading=\"lazy\" decoding=\"async\" width=\"300\" height=\"225\" src=\"https:\/\/sekelskiftesdagarna.se\/wp-content\/uploads\/2023\/06\/program-2015-hatt-300x225-1-1.jpeg\" alt=\"\" class=\"wp-image-969\"\/><\/a><figcaption class=\"wp-element-caption\"><em>H\u00e4r kan du l\u00e4sa programbladet<\/em><\/figcaption><\/figure>\n<\/div>\n\n\n\n<div class=\"wp-block-column is-layout-flow wp-block-column-is-layout-flow\" style=\"flex-basis:50%\">\n<p>Sekelskiftesdagarna inleddes i \u00e5r under onsdagen 9 augusti med en filmvisning p\u00e5 Marstrands havshotell med Bodil Tingsby. <\/p>\n\n\n\n<p>Ett nytt h\u00e4rligt tillskott var Husarernas M\u00e4ssingsexttet som spelade i Paviljongen vid Grand Hotell.<\/p>\n\n\n\n<p>Det var en h\u00e4rlig och solig helg 11-13 augusti.<\/p>\n<\/div>\n<\/div>\n\n\n\n<figure class=\"wp-block-gallery has-nested-images columns-default is-cropped wp-block-gallery-1 is-layout-flex wp-block-gallery-is-layout-flex\">\n<figure class=\"wp-block-image size-large\"><img loading=\"lazy\" decoding=\"async\" width=\"1024\" height=\"683\" data-id=\"1065\" src=\"https:\/\/sekelskiftesdagarna.se\/wp-content\/uploads\/2023\/08\/IMG_5321-1024x683.jpg\" alt=\"\" class=\"wp-image-1065\" srcset=\"https:\/\/sekelskiftesdagarna.se\/wp-content\/uploads\/2023\/08\/IMG_5321-1024x683.jpg 1024w, https:\/\/sekelskiftesdagarna.se\/wp-content\/uploads\/2023\/08\/IMG_5321-300x200.jpg 300w, https:\/\/sekelskiftesdagarna.se\/wp-content\/uploads\/2023\/08\/IMG_5321-768x512.jpg 768w, https:\/\/sekelskiftesdagarna.se\/wp-content\/uploads\/2023\/08\/IMG_5321-1536x1024.jpg 1536w, https:\/\/sekelskiftesdagarna.se\/wp-content\/uploads\/2023\/08\/IMG_5321-2048x1365.jpg 2048w, https:\/\/sekelskiftesdagarna.se\/wp-content\/uploads\/2023\/08\/IMG_5321-18x12.jpg 18w\" sizes=\"auto, (max-width: 767px) 89vw, (max-width: 1000px) 54vw, (max-width: 1071px) 543px, 580px\" \/><\/figure>\n\n\n\n<figure class=\"wp-block-image size-large\"><img loading=\"lazy\" decoding=\"async\" width=\"1024\" height=\"683\" data-id=\"1064\" src=\"https:\/\/sekelskiftesdagarna.se\/wp-content\/uploads\/2023\/08\/IMG_5333-1024x683.jpg\" alt=\"\" class=\"wp-image-1064\" srcset=\"https:\/\/sekelskiftesdagarna.se\/wp-content\/uploads\/2023\/08\/IMG_5333-1024x683.jpg 1024w, https:\/\/sekelskiftesdagarna.se\/wp-content\/uploads\/2023\/08\/IMG_5333-300x200.jpg 300w, https:\/\/sekelskiftesdagarna.se\/wp-content\/uploads\/2023\/08\/IMG_5333-768x512.jpg 768w, https:\/\/sekelskiftesdagarna.se\/wp-content\/uploads\/2023\/08\/IMG_5333-1536x1024.jpg 1536w, https:\/\/sekelskiftesdagarna.se\/wp-content\/uploads\/2023\/08\/IMG_5333-2048x1365.jpg 2048w, https:\/\/sekelskiftesdagarna.se\/wp-content\/uploads\/2023\/08\/IMG_5333-18x12.jpg 18w\" sizes=\"auto, (max-width: 767px) 89vw, (max-width: 1000px) 54vw, (max-width: 1071px) 543px, 580px\" \/><\/figure>\n\n\n\n<figure class=\"wp-block-image size-large\"><img loading=\"lazy\" decoding=\"async\" width=\"1024\" height=\"683\" data-id=\"1063\" src=\"https:\/\/sekelskiftesdagarna.se\/wp-content\/uploads\/2023\/08\/IMG_5324-1024x683.jpg\" alt=\"\" class=\"wp-image-1063\" srcset=\"https:\/\/sekelskiftesdagarna.se\/wp-content\/uploads\/2023\/08\/IMG_5324-1024x683.jpg 1024w, https:\/\/sekelskiftesdagarna.se\/wp-content\/uploads\/2023\/08\/IMG_5324-300x200.jpg 300w, https:\/\/sekelskiftesdagarna.se\/wp-content\/uploads\/2023\/08\/IMG_5324-768x512.jpg 768w, https:\/\/sekelskiftesdagarna.se\/wp-content\/uploads\/2023\/08\/IMG_5324-1536x1024.jpg 1536w, https:\/\/sekelskiftesdagarna.se\/wp-content\/uploads\/2023\/08\/IMG_5324-2048x1365.jpg 2048w, https:\/\/sekelskiftesdagarna.se\/wp-content\/uploads\/2023\/08\/IMG_5324-18x12.jpg 18w\" sizes=\"auto, (max-width: 767px) 89vw, (max-width: 1000px) 54vw, (max-width: 1071px) 543px, 580px\" \/><\/figure>\n\n\n\n<figure class=\"wp-block-image size-large\"><img loading=\"lazy\" decoding=\"async\" width=\"1024\" height=\"683\" data-id=\"1066\" src=\"https:\/\/sekelskiftesdagarna.se\/wp-content\/uploads\/2023\/08\/IMG_5339-1024x683.jpg\" alt=\"\" class=\"wp-image-1066\" srcset=\"https:\/\/sekelskiftesdagarna.se\/wp-content\/uploads\/2023\/08\/IMG_5339-1024x683.jpg 1024w, https:\/\/sekelskiftesdagarna.se\/wp-content\/uploads\/2023\/08\/IMG_5339-300x200.jpg 300w, https:\/\/sekelskiftesdagarna.se\/wp-content\/uploads\/2023\/08\/IMG_5339-768x512.jpg 768w, https:\/\/sekelskiftesdagarna.se\/wp-content\/uploads\/2023\/08\/IMG_5339-1536x1024.jpg 1536w, https:\/\/sekelskiftesdagarna.se\/wp-content\/uploads\/2023\/08\/IMG_5339-2048x1365.jpg 2048w, https:\/\/sekelskiftesdagarna.se\/wp-content\/uploads\/2023\/08\/IMG_5339-18x12.jpg 18w\" sizes=\"auto, (max-width: 767px) 89vw, (max-width: 1000px) 54vw, (max-width: 1071px) 543px, 580px\" \/><\/figure>\n\n\n\n<figure class=\"wp-block-image size-large\"><img loading=\"lazy\" decoding=\"async\" width=\"1024\" height=\"770\" data-id=\"1067\" src=\"https:\/\/sekelskiftesdagarna.se\/wp-content\/uploads\/2023\/08\/IMG_5475-1024x770.jpg\" alt=\"\" class=\"wp-image-1067\" srcset=\"https:\/\/sekelskiftesdagarna.se\/wp-content\/uploads\/2023\/08\/IMG_5475-1024x770.jpg 1024w, https:\/\/sekelskiftesdagarna.se\/wp-content\/uploads\/2023\/08\/IMG_5475-300x226.jpg 300w, https:\/\/sekelskiftesdagarna.se\/wp-content\/uploads\/2023\/08\/IMG_5475-768x578.jpg 768w, https:\/\/sekelskiftesdagarna.se\/wp-content\/uploads\/2023\/08\/IMG_5475-1536x1155.jpg 1536w, https:\/\/sekelskiftesdagarna.se\/wp-content\/uploads\/2023\/08\/IMG_5475-2048x1540.jpg 2048w, https:\/\/sekelskiftesdagarna.se\/wp-content\/uploads\/2023\/08\/IMG_5475-16x12.jpg 16w\" sizes=\"auto, (max-width: 767px) 89vw, (max-width: 1000px) 54vw, (max-width: 1071px) 543px, 580px\" \/><\/figure>\n\n\n\n<figure class=\"wp-block-image size-large\"><img loading=\"lazy\" decoding=\"async\" width=\"1024\" height=\"683\" data-id=\"1068\" src=\"https:\/\/sekelskiftesdagarna.se\/wp-content\/uploads\/2023\/08\/IMG_5548-1024x683.jpg\" alt=\"\" class=\"wp-image-1068\" srcset=\"https:\/\/sekelskiftesdagarna.se\/wp-content\/uploads\/2023\/08\/IMG_5548-1024x683.jpg 1024w, https:\/\/sekelskiftesdagarna.se\/wp-content\/uploads\/2023\/08\/IMG_5548-300x200.jpg 300w, https:\/\/sekelskiftesdagarna.se\/wp-content\/uploads\/2023\/08\/IMG_5548-768x512.jpg 768w, https:\/\/sekelskiftesdagarna.se\/wp-content\/uploads\/2023\/08\/IMG_5548-1536x1024.jpg 1536w, https:\/\/sekelskiftesdagarna.se\/wp-content\/uploads\/2023\/08\/IMG_5548-2048x1365.jpg 2048w, https:\/\/sekelskiftesdagarna.se\/wp-content\/uploads\/2023\/08\/IMG_5548-18x12.jpg 18w\" sizes=\"auto, (max-width: 767px) 89vw, (max-width: 1000px) 54vw, (max-width: 1071px) 543px, 580px\" \/><\/figure>\n\n\n\n<figure class=\"wp-block-image size-large\"><img loading=\"lazy\" decoding=\"async\" width=\"683\" height=\"1024\" data-id=\"1072\" src=\"https:\/\/sekelskiftesdagarna.se\/wp-content\/uploads\/2023\/08\/IMG_5450-683x1024.jpg\" alt=\"\" class=\"wp-image-1072\" srcset=\"https:\/\/sekelskiftesdagarna.se\/wp-content\/uploads\/2023\/08\/IMG_5450-683x1024.jpg 683w, https:\/\/sekelskiftesdagarna.se\/wp-content\/uploads\/2023\/08\/IMG_5450-200x300.jpg 200w, https:\/\/sekelskiftesdagarna.se\/wp-content\/uploads\/2023\/08\/IMG_5450-768x1152.jpg 768w, https:\/\/sekelskiftesdagarna.se\/wp-content\/uploads\/2023\/08\/IMG_5450-1024x1536.jpg 1024w, https:\/\/sekelskiftesdagarna.se\/wp-content\/uploads\/2023\/08\/IMG_5450-1365x2048.jpg 1365w, https:\/\/sekelskiftesdagarna.se\/wp-content\/uploads\/2023\/08\/IMG_5450-8x12.jpg 8w, https:\/\/sekelskiftesdagarna.se\/wp-content\/uploads\/2023\/08\/IMG_5450-scaled.jpg 1707w\" sizes=\"auto, (max-width: 683px) 100vw, 683px\" \/><\/figure>\n\n\n\n<figure class=\"wp-block-image size-large\"><img loading=\"lazy\" decoding=\"async\" width=\"683\" height=\"1024\" data-id=\"1074\" src=\"https:\/\/sekelskiftesdagarna.se\/wp-content\/uploads\/2023\/08\/IMG_5503-683x1024.jpg\" alt=\"\" class=\"wp-image-1074\" srcset=\"https:\/\/sekelskiftesdagarna.se\/wp-content\/uploads\/2023\/08\/IMG_5503-683x1024.jpg 683w, https:\/\/sekelskiftesdagarna.se\/wp-content\/uploads\/2023\/08\/IMG_5503-200x300.jpg 200w, https:\/\/sekelskiftesdagarna.se\/wp-content\/uploads\/2023\/08\/IMG_5503-768x1152.jpg 768w, https:\/\/sekelskiftesdagarna.se\/wp-content\/uploads\/2023\/08\/IMG_5503-1024x1536.jpg 1024w, https:\/\/sekelskiftesdagarna.se\/wp-content\/uploads\/2023\/08\/IMG_5503-1365x2048.jpg 1365w, https:\/\/sekelskiftesdagarna.se\/wp-content\/uploads\/2023\/08\/IMG_5503-8x12.jpg 8w, https:\/\/sekelskiftesdagarna.se\/wp-content\/uploads\/2023\/08\/IMG_5503-scaled.jpg 1707w\" sizes=\"auto, (max-width: 683px) 100vw, 683px\" \/><\/figure>\n\n\n\n<figure class=\"wp-block-image size-large\"><img loading=\"lazy\" decoding=\"async\" width=\"683\" height=\"1024\" data-id=\"1073\" src=\"https:\/\/sekelskiftesdagarna.se\/wp-content\/uploads\/2023\/08\/IMG_5481-683x1024.jpg\" alt=\"\" class=\"wp-image-1073\" srcset=\"https:\/\/sekelskiftesdagarna.se\/wp-content\/uploads\/2023\/08\/IMG_5481-683x1024.jpg 683w, https:\/\/sekelskiftesdagarna.se\/wp-content\/uploads\/2023\/08\/IMG_5481-200x300.jpg 200w, https:\/\/sekelskiftesdagarna.se\/wp-content\/uploads\/2023\/08\/IMG_5481-768x1152.jpg 768w, https:\/\/sekelskiftesdagarna.se\/wp-content\/uploads\/2023\/08\/IMG_5481-1024x1536.jpg 1024w, https:\/\/sekelskiftesdagarna.se\/wp-content\/uploads\/2023\/08\/IMG_5481-1365x2048.jpg 1365w, https:\/\/sekelskiftesdagarna.se\/wp-content\/uploads\/2023\/08\/IMG_5481-8x12.jpg 8w, https:\/\/sekelskiftesdagarna.se\/wp-content\/uploads\/2023\/08\/IMG_5481-scaled.jpg 1707w\" sizes=\"auto, (max-width: 683px) 100vw, 683px\" \/><\/figure>\n\n\n\n<figure class=\"wp-block-image size-large\"><img loading=\"lazy\" decoding=\"async\" width=\"1024\" height=\"683\" data-id=\"1069\" src=\"https:\/\/sekelskiftesdagarna.se\/wp-content\/uploads\/2023\/08\/IMG_5488-1024x683.jpg\" alt=\"\" class=\"wp-image-1069\" srcset=\"https:\/\/sekelskiftesdagarna.se\/wp-content\/uploads\/2023\/08\/IMG_5488-1024x683.jpg 1024w, https:\/\/sekelskiftesdagarna.se\/wp-content\/uploads\/2023\/08\/IMG_5488-300x200.jpg 300w, https:\/\/sekelskiftesdagarna.se\/wp-content\/uploads\/2023\/08\/IMG_5488-768x512.jpg 768w, https:\/\/sekelskiftesdagarna.se\/wp-content\/uploads\/2023\/08\/IMG_5488-1536x1024.jpg 1536w, https:\/\/sekelskiftesdagarna.se\/wp-content\/uploads\/2023\/08\/IMG_5488-2048x1365.jpg 2048w, https:\/\/sekelskiftesdagarna.se\/wp-content\/uploads\/2023\/08\/IMG_5488-18x12.jpg 18w\" sizes=\"auto, (max-width: 767px) 89vw, (max-width: 1000px) 54vw, (max-width: 1071px) 543px, 580px\" \/><\/figure>\n\n\n\n<figure class=\"wp-block-image size-large\"><img loading=\"lazy\" decoding=\"async\" width=\"1024\" height=\"683\" data-id=\"1070\" src=\"https:\/\/sekelskiftesdagarna.se\/wp-content\/uploads\/2023\/08\/IMG_5491-1024x683.jpg\" alt=\"\" class=\"wp-image-1070\" srcset=\"https:\/\/sekelskiftesdagarna.se\/wp-content\/uploads\/2023\/08\/IMG_5491-1024x683.jpg 1024w, https:\/\/sekelskiftesdagarna.se\/wp-content\/uploads\/2023\/08\/IMG_5491-300x200.jpg 300w, https:\/\/sekelskiftesdagarna.se\/wp-content\/uploads\/2023\/08\/IMG_5491-768x512.jpg 768w, https:\/\/sekelskiftesdagarna.se\/wp-content\/uploads\/2023\/08\/IMG_5491-1536x1024.jpg 1536w, https:\/\/sekelskiftesdagarna.se\/wp-content\/uploads\/2023\/08\/IMG_5491-2048x1365.jpg 2048w, https:\/\/sekelskiftesdagarna.se\/wp-content\/uploads\/2023\/08\/IMG_5491-18x12.jpg 18w\" sizes=\"auto, (max-width: 767px) 89vw, (max-width: 1000px) 54vw, (max-width: 1071px) 543px, 580px\" \/><\/figure>\n\n\n\n<figure class=\"wp-block-image size-large\"><img loading=\"lazy\" decoding=\"async\" width=\"1024\" height=\"683\" data-id=\"1071\" src=\"https:\/\/sekelskiftesdagarna.se\/wp-content\/uploads\/2023\/08\/IMG_5610-1024x683.jpg\" alt=\"\" class=\"wp-image-1071\" srcset=\"https:\/\/sekelskiftesdagarna.se\/wp-content\/uploads\/2023\/08\/IMG_5610-1024x683.jpg 1024w, https:\/\/sekelskiftesdagarna.se\/wp-content\/uploads\/2023\/08\/IMG_5610-300x200.jpg 300w, https:\/\/sekelskiftesdagarna.se\/wp-content\/uploads\/2023\/08\/IMG_5610-768x512.jpg 768w, https:\/\/sekelskiftesdagarna.se\/wp-content\/uploads\/2023\/08\/IMG_5610-1536x1024.jpg 1536w, https:\/\/sekelskiftesdagarna.se\/wp-content\/uploads\/2023\/08\/IMG_5610-2048x1365.jpg 2048w, https:\/\/sekelskiftesdagarna.se\/wp-content\/uploads\/2023\/08\/IMG_5610-18x12.jpg 18w\" sizes=\"auto, (max-width: 767px) 89vw, (max-width: 1000px) 54vw, (max-width: 1071px) 543px, 580px\" \/><\/figure>\n\n\n\n<figure class=\"wp-block-image size-large\"><img loading=\"lazy\" decoding=\"async\" width=\"1024\" height=\"683\" data-id=\"1086\" src=\"https:\/\/sekelskiftesdagarna.se\/wp-content\/uploads\/2023\/08\/IMG_5587-1024x683.jpg\" alt=\"\" class=\"wp-image-1086\" srcset=\"https:\/\/sekelskiftesdagarna.se\/wp-content\/uploads\/2023\/08\/IMG_5587-1024x683.jpg 1024w, https:\/\/sekelskiftesdagarna.se\/wp-content\/uploads\/2023\/08\/IMG_5587-300x200.jpg 300w, https:\/\/sekelskiftesdagarna.se\/wp-content\/uploads\/2023\/08\/IMG_5587-768x512.jpg 768w, https:\/\/sekelskiftesdagarna.se\/wp-content\/uploads\/2023\/08\/IMG_5587-1536x1024.jpg 1536w, https:\/\/sekelskiftesdagarna.se\/wp-content\/uploads\/2023\/08\/IMG_5587-2048x1365.jpg 2048w, https:\/\/sekelskiftesdagarna.se\/wp-content\/uploads\/2023\/08\/IMG_5587-18x12.jpg 18w\" sizes=\"auto, (max-width: 767px) 89vw, (max-width: 1000px) 54vw, (max-width: 1071px) 543px, 580px\" \/><\/figure>\n\n\n\n<figure class=\"wp-block-image size-large\"><img loading=\"lazy\" decoding=\"async\" width=\"1024\" height=\"683\" data-id=\"1087\" src=\"https:\/\/sekelskiftesdagarna.se\/wp-content\/uploads\/2023\/08\/IMG_5706-1024x683.jpg\" alt=\"\" class=\"wp-image-1087\" srcset=\"https:\/\/sekelskiftesdagarna.se\/wp-content\/uploads\/2023\/08\/IMG_5706-1024x683.jpg 1024w, https:\/\/sekelskiftesdagarna.se\/wp-content\/uploads\/2023\/08\/IMG_5706-300x200.jpg 300w, https:\/\/sekelskiftesdagarna.se\/wp-content\/uploads\/2023\/08\/IMG_5706-768x512.jpg 768w, https:\/\/sekelskiftesdagarna.se\/wp-content\/uploads\/2023\/08\/IMG_5706-1536x1024.jpg 1536w, https:\/\/sekelskiftesdagarna.se\/wp-content\/uploads\/2023\/08\/IMG_5706-2048x1365.jpg 2048w, https:\/\/sekelskiftesdagarna.se\/wp-content\/uploads\/2023\/08\/IMG_5706-18x12.jpg 18w\" sizes=\"auto, (max-width: 767px) 89vw, (max-width: 1000px) 54vw, (max-width: 1071px) 543px, 580px\" \/><\/figure>\n\n\n\n<figure class=\"wp-block-image size-large\"><img loading=\"lazy\" decoding=\"async\" width=\"1024\" height=\"683\" data-id=\"1091\" src=\"https:\/\/sekelskiftesdagarna.se\/wp-content\/uploads\/2023\/08\/IMG_6155-1024x683.jpg\" alt=\"\" class=\"wp-image-1091\" srcset=\"https:\/\/sekelskiftesdagarna.se\/wp-content\/uploads\/2023\/08\/IMG_6155-1024x683.jpg 1024w, https:\/\/sekelskiftesdagarna.se\/wp-content\/uploads\/2023\/08\/IMG_6155-300x200.jpg 300w, https:\/\/sekelskiftesdagarna.se\/wp-content\/uploads\/2023\/08\/IMG_6155-768x512.jpg 768w, https:\/\/sekelskiftesdagarna.se\/wp-content\/uploads\/2023\/08\/IMG_6155-1536x1024.jpg 1536w, https:\/\/sekelskiftesdagarna.se\/wp-content\/uploads\/2023\/08\/IMG_6155-2048x1365.jpg 2048w, https:\/\/sekelskiftesdagarna.se\/wp-content\/uploads\/2023\/08\/IMG_6155-18x12.jpg 18w\" sizes=\"auto, (max-width: 767px) 89vw, (max-width: 1000px) 54vw, (max-width: 1071px) 543px, 580px\" \/><\/figure>\n\n\n\n<figure class=\"wp-block-image size-large\"><img loading=\"lazy\" decoding=\"async\" width=\"655\" height=\"1024\" data-id=\"1092\" src=\"https:\/\/sekelskiftesdagarna.se\/wp-content\/uploads\/2023\/08\/IMG_5644-655x1024.jpg\" alt=\"\" class=\"wp-image-1092\" srcset=\"https:\/\/sekelskiftesdagarna.se\/wp-content\/uploads\/2023\/08\/IMG_5644-655x1024.jpg 655w, https:\/\/sekelskiftesdagarna.se\/wp-content\/uploads\/2023\/08\/IMG_5644-192x300.jpg 192w, https:\/\/sekelskiftesdagarna.se\/wp-content\/uploads\/2023\/08\/IMG_5644-768x1200.jpg 768w, https:\/\/sekelskiftesdagarna.se\/wp-content\/uploads\/2023\/08\/IMG_5644-983x1536.jpg 983w, https:\/\/sekelskiftesdagarna.se\/wp-content\/uploads\/2023\/08\/IMG_5644-1311x2048.jpg 1311w, https:\/\/sekelskiftesdagarna.se\/wp-content\/uploads\/2023\/08\/IMG_5644-8x12.jpg 8w, https:\/\/sekelskiftesdagarna.se\/wp-content\/uploads\/2023\/08\/IMG_5644-scaled.jpg 1639w\" sizes=\"auto, (max-width: 655px) 100vw, 655px\" \/><\/figure>\n\n\n\n<figure class=\"wp-block-image size-large\"><img loading=\"lazy\" decoding=\"async\" width=\"683\" height=\"1024\" data-id=\"1094\" src=\"https:\/\/sekelskiftesdagarna.se\/wp-content\/uploads\/2023\/08\/IMG_5402-683x1024.jpg\" alt=\"\" class=\"wp-image-1094\" srcset=\"https:\/\/sekelskiftesdagarna.se\/wp-content\/uploads\/2023\/08\/IMG_5402-683x1024.jpg 683w, https:\/\/sekelskiftesdagarna.se\/wp-content\/uploads\/2023\/08\/IMG_5402-200x300.jpg 200w, https:\/\/sekelskiftesdagarna.se\/wp-content\/uploads\/2023\/08\/IMG_5402-768x1152.jpg 768w, https:\/\/sekelskiftesdagarna.se\/wp-content\/uploads\/2023\/08\/IMG_5402-1024x1536.jpg 1024w, https:\/\/sekelskiftesdagarna.se\/wp-content\/uploads\/2023\/08\/IMG_5402-1365x2048.jpg 1365w, https:\/\/sekelskiftesdagarna.se\/wp-content\/uploads\/2023\/08\/IMG_5402-8x12.jpg 8w, https:\/\/sekelskiftesdagarna.se\/wp-content\/uploads\/2023\/08\/IMG_5402-scaled.jpg 1707w\" sizes=\"auto, (max-width: 683px) 100vw, 683px\" \/><\/figure>\n\n\n\n<figure class=\"wp-block-image size-large\"><img loading=\"lazy\" decoding=\"async\" width=\"683\" height=\"1024\" data-id=\"1095\" src=\"https:\/\/sekelskiftesdagarna.se\/wp-content\/uploads\/2023\/08\/IMG_6090-683x1024.jpg\" alt=\"\" class=\"wp-image-1095\" srcset=\"https:\/\/sekelskiftesdagarna.se\/wp-content\/uploads\/2023\/08\/IMG_6090-683x1024.jpg 683w, https:\/\/sekelskiftesdagarna.se\/wp-content\/uploads\/2023\/08\/IMG_6090-200x300.jpg 200w, https:\/\/sekelskiftesdagarna.se\/wp-content\/uploads\/2023\/08\/IMG_6090-768x1152.jpg 768w, https:\/\/sekelskiftesdagarna.se\/wp-content\/uploads\/2023\/08\/IMG_6090-1024x1536.jpg 1024w, https:\/\/sekelskiftesdagarna.se\/wp-content\/uploads\/2023\/08\/IMG_6090-1365x2048.jpg 1365w, https:\/\/sekelskiftesdagarna.se\/wp-content\/uploads\/2023\/08\/IMG_6090-8x12.jpg 8w, https:\/\/sekelskiftesdagarna.se\/wp-content\/uploads\/2023\/08\/IMG_6090-scaled.jpg 1707w\" sizes=\"auto, (max-width: 683px) 100vw, 683px\" \/><\/figure>\n\n\n\n<figure class=\"wp-block-image size-large\"><img loading=\"lazy\" decoding=\"async\" width=\"1024\" height=\"683\" data-id=\"1108\" src=\"https:\/\/sekelskiftesdagarna.se\/wp-content\/uploads\/2023\/08\/IMG_6573-1024x683.jpg\" alt=\"\" class=\"wp-image-1108\" srcset=\"https:\/\/sekelskiftesdagarna.se\/wp-content\/uploads\/2023\/08\/IMG_6573-1024x683.jpg 1024w, https:\/\/sekelskiftesdagarna.se\/wp-content\/uploads\/2023\/08\/IMG_6573-300x200.jpg 300w, https:\/\/sekelskiftesdagarna.se\/wp-content\/uploads\/2023\/08\/IMG_6573-768x512.jpg 768w, https:\/\/sekelskiftesdagarna.se\/wp-content\/uploads\/2023\/08\/IMG_6573-1536x1024.jpg 1536w, https:\/\/sekelskiftesdagarna.se\/wp-content\/uploads\/2023\/08\/IMG_6573-2048x1365.jpg 2048w, https:\/\/sekelskiftesdagarna.se\/wp-content\/uploads\/2023\/08\/IMG_6573-18x12.jpg 18w\" sizes=\"auto, (max-width: 767px) 89vw, (max-width: 1000px) 54vw, (max-width: 1071px) 543px, 580px\" \/><\/figure>\n<\/figure>\n\n\n\n<figure class=\"wp-block-embed is-type-video is-provider-youtube wp-block-embed-youtube wp-embed-aspect-16-9 wp-has-aspect-ratio\"><div class=\"wp-block-embed__wrapper\">\n<iframe loading=\"lazy\" title=\"Sekelskiftesdagarna 2023 trailer\" width=\"525\" height=\"295\" src=\"https:\/\/www.youtube.com\/embed\/CVhowF2lnmU?feature=oembed\" frameborder=\"0\" allow=\"accelerometer; autoplay; clipboard-write; encrypted-media; gyroscope; picture-in-picture; web-share\" referrerpolicy=\"strict-origin-when-cross-origin\" allowfullscreen><\/iframe>\n<\/div><figcaption class=\"wp-element-caption\">Sekelskiftesdagarna 2023<\/figcaption><\/figure>\n\n\n\n<figure class=\"wp-block-embed is-type-video is-provider-youtube wp-block-embed-youtube wp-embed-aspect-16-9 wp-has-aspect-ratio\"><div class=\"wp-block-embed__wrapper\">\n<iframe loading=\"lazy\" title=\"Riverside Gospel p\u00e5 Sekelskiftesdagarna 2023\" width=\"525\" height=\"295\" src=\"https:\/\/www.youtube.com\/embed\/zRFDsW8SE8c?feature=oembed\" frameborder=\"0\" allow=\"accelerometer; autoplay; clipboard-write; encrypted-media; gyroscope; picture-in-picture; web-share\" referrerpolicy=\"strict-origin-when-cross-origin\" allowfullscreen><\/iframe>\n<\/div><figcaption class=\"wp-element-caption\">Riverside Gospels konsert i Marstrands kyrka<\/figcaption><\/figure>\n\n\n\n<figure class=\"wp-block-embed is-type-video is-provider-youtube wp-block-embed-youtube wp-embed-aspect-16-9 wp-has-aspect-ratio\"><div class=\"wp-block-embed__wrapper\">\n<iframe loading=\"lazy\" title=\"Margaretas tragedi\" width=\"525\" height=\"295\" src=\"https:\/\/www.youtube.com\/embed\/kiO7yDZcyDw?feature=oembed\" frameborder=\"0\" allow=\"accelerometer; autoplay; clipboard-write; encrypted-media; gyroscope; picture-in-picture; web-share\" referrerpolicy=\"strict-origin-when-cross-origin\" allowfullscreen><\/iframe>\n<\/div><figcaption class=\"wp-element-caption\">En teaterf\u00f6rest\u00e4llning fr\u00e5n Sekelskiftesdagarna 2023<\/figcaption><\/figure>\n\n\n\n<figure class=\"wp-block-embed is-type-video is-provider-youtube wp-block-embed-youtube wp-embed-aspect-16-9 wp-has-aspect-ratio\"><div class=\"wp-block-embed__wrapper\">\n<iframe loading=\"lazy\" title=\"Sommarjobba p\u00e5 Sekelskiftesdagarna\" width=\"525\" height=\"295\" src=\"https:\/\/www.youtube.com\/embed\/c_LIgQ5e-zc?feature=oembed\" frameborder=\"0\" allow=\"accelerometer; autoplay; clipboard-write; encrypted-media; gyroscope; picture-in-picture; web-share\" referrerpolicy=\"strict-origin-when-cross-origin\" allowfullscreen><\/iframe>\n<\/div><figcaption class=\"wp-element-caption\">Reklamfilm f\u00f6r sommarjobb<\/figcaption><\/figure>\n\n\n\n<figure class=\"wp-block-embed is-type-video is-provider-youtube wp-block-embed-youtube wp-embed-aspect-16-9 wp-has-aspect-ratio\"><div class=\"wp-block-embed__wrapper\">\n<iframe loading=\"lazy\" title=\"Sekelskiftesdagarnas ungdomskonsert 2023\" width=\"525\" height=\"295\" src=\"https:\/\/www.youtube.com\/embed\/GNvlqap3dFw?feature=oembed\" frameborder=\"0\" allow=\"accelerometer; autoplay; clipboard-write; encrypted-media; gyroscope; picture-in-picture; web-share\" referrerpolicy=\"strict-origin-when-cross-origin\" allowfullscreen><\/iframe>\n<\/div><figcaption class=\"wp-element-caption\">Ungdomskonsert 2023<\/figcaption><\/figure>\n","protected":false},"excerpt":{"rendered":"<p>Sekelskiftesdagarna inleddes i \u00e5r under onsdagen 9 augusti med en filmvisning p\u00e5 Marstrands havshotell med Bodil Tingsby. Ett nytt h\u00e4rligt tillskott var Husarernas M\u00e4ssingsexttet som spelade i Paviljongen vid Grand Hotell. Det var en h\u00e4rlig och solig helg 11-13 augusti.<\/p>\n","protected":false},"author":3,"featured_media":0,"parent":0,"menu_order":0,"comment_status":"closed","ping_status":"closed","template":"","meta":{"_oct_exclude_from_cache":false,"footnotes":""},"class_list":["post-830","page","type-page","status-publish","hentry"],"_links":{"self":[{"href":"https:\/\/sekelskiftesdagarna.se\/sv_se\/wp-json\/wp\/v2\/pages\/830","targetHints":{"allow":["GET"]}}],"collection":[{"href":"https:\/\/sekelskiftesdagarna.se\/sv_se\/wp-json\/wp\/v2\/pages"}],"about":[{"href":"https:\/\/sekelskiftesdagarna.se\/sv_se\/wp-json\/wp\/v2\/types\/page"}],"author":[{"embeddable":true,"href":"https:\/\/sekelskiftesdagarna.se\/sv_se\/wp-json\/wp\/v2\/users\/3"}],"replies":[{"embeddable":true,"href":"https:\/\/sekelskiftesdagarna.se\/sv_se\/wp-json\/wp\/v2\/comments?post=830"}],"version-history":[{"count":0,"href":"https:\/\/sekelskiftesdagarna.se\/sv_se\/wp-json\/wp\/v2\/pages\/830\/revisions"}],"wp:attachment":[{"href":"https:\/\/sekelskiftesdagarna.se\/sv_se\/wp-json\/wp\/v2\/media?parent=830"}],"curies":[{"name":"wp","href":"https:\/\/api.w.org\/{rel}","templated":true}]}}