{"id":375,"date":"2023-01-30T13:53:44","date_gmt":"2023-01-30T12:53:44","guid":{"rendered":"https:\/\/sekelskiftesdagarna.kxfh.se\/?page_id=2"},"modified":"2023-11-30T12:53:10","modified_gmt":"2023-11-30T11:53:10","slug":"exempelsida-2","status":"publish","type":"page","link":"https:\/\/sekelskiftesdagarna.se\/sv_se\/exempelsida-2\/","title":{"rendered":"Om f\u00f6reningen"},"content":{"rendered":"\n<p class=\"has-text-align-left\">Sekelskiftesdagarna drivs sedan 2015 av en ideell f\u00f6rening vid namn<br> &#8221;Sekelskiftesdagarna i Marstrand ideella f\u00f6rening\u201d.<\/p>\n\n\n\n<p class=\"has-text-align-left\">F\u00f6reningen har till \u00e4ndam\u00e5l att genomf\u00f6ra Marstrands Sekelskiftesdagar.<\/p>\n\n\n\n<p>F\u00f6reningen ska uppfylla sitt \u00e4ndam\u00e5l genom att planera, organisera och genomf\u00f6ra sekelskiftesdagar i Marstrand varje \u00e5r. F\u00f6reningen ska verka genom att bredda m\u00f6jligheter f\u00f6r kulturevenemang inom teater, musik, dans och d\u00e4rtill liknande s\u00e4tt att medverka till kulturutveckling. F\u00f6reningen ska ocks\u00e5 verka f\u00f6r att dess medlemmar deltar genom l\u00e4mplig kl\u00e4dsel under Sekelskiftesdagarna.<\/p>\n","protected":false},"excerpt":{"rendered":"<p>Sekelskiftesdagarna drivs sedan 2015 av en ideell f\u00f6rening vid namn &#8221;Sekelskiftesdagarna i Marstrand ideella f\u00f6rening\u201d. F\u00f6reningen har till \u00e4ndam\u00e5l att genomf\u00f6ra Marstrands Sekelskiftesdagar. F\u00f6reningen ska uppfylla sitt \u00e4ndam\u00e5l genom att planera, organisera och genomf\u00f6ra sekelskiftesdagar i Marstrand varje \u00e5r. F\u00f6reningen ska verka genom att bredda m\u00f6jligheter f\u00f6r kulturevenemang inom teater, musik, dans och d\u00e4rtill liknande &hellip; <\/p>\n<p class=\"link-more\"><a href=\"https:\/\/sekelskiftesdagarna.se\/sv_se\/exempelsida-2\/\" class=\"more-link\">Forts\u00e4tt l\u00e4sa<span class=\"screen-reader-text\"> \u201dOm f\u00f6reningen\u201d<\/span><\/a><\/p>\n","protected":false},"author":3,"featured_media":0,"parent":0,"menu_order":0,"comment_status":"closed","ping_status":"closed","template":"","meta":{"_oct_exclude_from_cache":false,"footnotes":""},"class_list":["post-375","page","type-page","status-publish","hentry"],"_links":{"self":[{"href":"https:\/\/sekelskiftesdagarna.se\/sv_se\/wp-json\/wp\/v2\/pages\/375","targetHints":{"allow":["GET"]}}],"collection":[{"href":"https:\/\/sekelskiftesdagarna.se\/sv_se\/wp-json\/wp\/v2\/pages"}],"about":[{"href":"https:\/\/sekelskiftesdagarna.se\/sv_se\/wp-json\/wp\/v2\/types\/page"}],"author":[{"embeddable":true,"href":"https:\/\/sekelskiftesdagarna.se\/sv_se\/wp-json\/wp\/v2\/users\/3"}],"replies":[{"embeddable":true,"href":"https:\/\/sekelskiftesdagarna.se\/sv_se\/wp-json\/wp\/v2\/comments?post=375"}],"version-history":[{"count":0,"href":"https:\/\/sekelskiftesdagarna.se\/sv_se\/wp-json\/wp\/v2\/pages\/375\/revisions"}],"wp:attachment":[{"href":"https:\/\/sekelskiftesdagarna.se\/sv_se\/wp-json\/wp\/v2\/media?parent=375"}],"curies":[{"name":"wp","href":"https:\/\/api.w.org\/{rel}","templated":true}]}}