{"id":342,"date":"2023-02-20T13:08:13","date_gmt":"2023-02-20T12:08:13","guid":{"rendered":"https:\/\/sekelskiftesdagarna.kxfh.se\/?page_id=342"},"modified":"2025-08-18T19:04:32","modified_gmt":"2025-08-18T17:04:32","slug":"sekelskiftesdagarna-2021","status":"publish","type":"page","link":"https:\/\/sekelskiftesdagarna.se\/sv_se\/","title":{"rendered":"Sekelskiftesdagarna"},"content":{"rendered":"\n<div class=\"wp-block-group\"><div class=\"wp-block-group__inner-container is-layout-constrained wp-block-group-is-layout-constrained\">\n<div class=\"wp-block-group\"><div class=\"wp-block-group__inner-container is-layout-constrained wp-block-group-is-layout-constrained\">\n<p>Den 7-9&nbsp;augusti 2026 \u00e4r det \u00e5terigen dags att dra tillbaka tiden till f\u00f6rra sekelskiftet och uppleva Marstrand som havskurort. Baderskor, kungar, bilar, marknader, teaterf\u00f6rest\u00e4llningar, stj\u00e4rnb\u00e5tar, orkestrar och mycket mycket mer \u00e4r p\u00e5 plats f\u00f6r att f\u00f6rvandla Marstrand till n\u00e5got magiskt som bara fanns f\u00f6rr i tiden.<\/p>\n\n\n\n<figure class=\"wp-block-gallery has-nested-images columns-default is-cropped wp-block-gallery-1 is-layout-flex wp-block-gallery-is-layout-flex\">\n<figure class=\"wp-block-image size-large\"><img loading=\"lazy\" decoding=\"async\" width=\"683\" height=\"1024\" data-id=\"255\" src=\"https:\/\/sekelskiftes.wpengine.com\/wp-content\/uploads\/2023\/01\/FF2B50C2-0B3F-410B-9702-951574BC9A38-scaled-1-683x1024.jpeg\" alt=\"Gammeldags bil genom folkmassa p\u00e5 marstrand\" class=\"wp-image-255\" srcset=\"https:\/\/sekelskiftesdagarna.se\/wp-content\/uploads\/2023\/01\/FF2B50C2-0B3F-410B-9702-951574BC9A38-scaled-1-683x1024.jpeg 683w, https:\/\/sekelskiftesdagarna.se\/wp-content\/uploads\/2023\/01\/FF2B50C2-0B3F-410B-9702-951574BC9A38-scaled-1-200x300.jpeg 200w, https:\/\/sekelskiftesdagarna.se\/wp-content\/uploads\/2023\/01\/FF2B50C2-0B3F-410B-9702-951574BC9A38-scaled-1-768x1152.jpeg 768w, https:\/\/sekelskiftesdagarna.se\/wp-content\/uploads\/2023\/01\/FF2B50C2-0B3F-410B-9702-951574BC9A38-scaled-1-1024x1536.jpeg 1024w, https:\/\/sekelskiftesdagarna.se\/wp-content\/uploads\/2023\/01\/FF2B50C2-0B3F-410B-9702-951574BC9A38-scaled-1-1366x2048.jpeg 1366w, https:\/\/sekelskiftesdagarna.se\/wp-content\/uploads\/2023\/01\/FF2B50C2-0B3F-410B-9702-951574BC9A38-scaled-1.jpeg 1707w\" sizes=\"auto, (max-width: 683px) 100vw, 683px\" \/><\/figure>\n\n\n\n<figure class=\"wp-block-image size-large\"><img loading=\"lazy\" decoding=\"async\" width=\"1024\" height=\"748\" data-id=\"238\" src=\"https:\/\/sekelskiftes.wpengine.com\/wp-content\/uploads\/2023\/01\/6ADD04B3-4851-4BC8-8C69-EDE575858BBA-1024x748.png\" alt=\"\" class=\"wp-image-238\" srcset=\"https:\/\/sekelskiftesdagarna.se\/wp-content\/uploads\/2023\/01\/6ADD04B3-4851-4BC8-8C69-EDE575858BBA-1024x748.png 1024w, https:\/\/sekelskiftesdagarna.se\/wp-content\/uploads\/2023\/01\/6ADD04B3-4851-4BC8-8C69-EDE575858BBA-300x219.png 300w, https:\/\/sekelskiftesdagarna.se\/wp-content\/uploads\/2023\/01\/6ADD04B3-4851-4BC8-8C69-EDE575858BBA-768x561.png 768w, https:\/\/sekelskiftesdagarna.se\/wp-content\/uploads\/2023\/01\/6ADD04B3-4851-4BC8-8C69-EDE575858BBA-1536x1123.png 1536w, https:\/\/sekelskiftesdagarna.se\/wp-content\/uploads\/2023\/01\/6ADD04B3-4851-4BC8-8C69-EDE575858BBA-2048x1497.png 2048w\" sizes=\"auto, (max-width: 767px) 89vw, (max-width: 1000px) 54vw, (max-width: 1071px) 543px, 580px\" \/><\/figure>\n<\/figure>\n\n\n\n<p class=\"has-text-align-left has-base-background-color has-background\">Kom g\u00e4rna uppkl\u00e4dd i sekelskifteskl\u00e4der. V\u00e4lj en roll du gillar, t.ex. sillfiskare, fin dam, torggumma, matros eller herre i h\u00f6g hatt. Upplev den speciella k\u00e4nslan att vara kl\u00e4dd i tidsenliga kl\u00e4der p\u00e5 Marstrand under dessa dagar.<\/p>\n<\/div><\/div>\n\n\n\n<hr class=\"wp-block-separator has-alpha-channel-opacity is-style-wide\"\/>\n\n\n\n<p>Sekelskiftesdagarna \u00e4r ett h\u00e4rligt folklustspel, d\u00e4r bes\u00f6karna bidrar till st\u00e4mningen. Mer \u00e4n 300 artister underh\u00e5ller. Det \u00e4r musiker, sk\u00e5despelare, dansare, s\u00e5ngare, seglare, guider, en kung med adjutant, en sagober\u00e4ttare och en trollkonstn\u00e4r f\u00f6r att n\u00e4mna n\u00e5gra. Till detta kommer alla de entusiaster som kommer \u00e5r efter \u00e5r, en del i vackra kl\u00e4der och st\u00e5tliga uniformer eller folkdr\u00e4kt och andra i trasor, som Lus-Anna.<\/p>\n\n\n\n<figure class=\"wp-block-gallery has-nested-images columns-default is-cropped wp-block-gallery-2 is-layout-flex wp-block-gallery-is-layout-flex\">\n<figure class=\"wp-block-image size-large\"><img loading=\"lazy\" decoding=\"async\" width=\"672\" height=\"1024\" data-id=\"289\" src=\"https:\/\/sekelskiftes.wpengine.com\/wp-content\/uploads\/2023\/01\/01F354B7-85E8-4CA4-BA56-9D1B3A59256E-scaled-1-672x1024.jpeg\" alt=\"\" class=\"wp-image-289\" srcset=\"https:\/\/sekelskiftesdagarna.se\/wp-content\/uploads\/2023\/01\/01F354B7-85E8-4CA4-BA56-9D1B3A59256E-scaled-1-672x1024.jpeg 672w, https:\/\/sekelskiftesdagarna.se\/wp-content\/uploads\/2023\/01\/01F354B7-85E8-4CA4-BA56-9D1B3A59256E-scaled-1-197x300.jpeg 197w, https:\/\/sekelskiftesdagarna.se\/wp-content\/uploads\/2023\/01\/01F354B7-85E8-4CA4-BA56-9D1B3A59256E-scaled-1-768x1170.jpeg 768w, https:\/\/sekelskiftesdagarna.se\/wp-content\/uploads\/2023\/01\/01F354B7-85E8-4CA4-BA56-9D1B3A59256E-scaled-1-1009x1536.jpeg 1009w, https:\/\/sekelskiftesdagarna.se\/wp-content\/uploads\/2023\/01\/01F354B7-85E8-4CA4-BA56-9D1B3A59256E-scaled-1-1345x2048.jpeg 1345w, https:\/\/sekelskiftesdagarna.se\/wp-content\/uploads\/2023\/01\/01F354B7-85E8-4CA4-BA56-9D1B3A59256E-scaled-1.jpeg 1681w\" sizes=\"auto, (max-width: 672px) 100vw, 672px\" \/><\/figure>\n\n\n\n<figure class=\"wp-block-image size-large\"><img decoding=\"async\" data-id=\"288\" src=\"https:\/\/sekelskiftes.wpengine.com\/wp-content\/uploads\/2023\/01\/7E4282DA-997D-45D9-A292-7B282514325D_1_105_c-1024x683.jpeg\" alt=\"\" class=\"wp-image-288\"\/><\/figure>\n<\/figure>\n\n\n\n<p>Sekelskiftesdagarna drivs sedan 2015 av en Ideell f\u00f6rening vid namn \u201dSekelskiftesdagarna i Marstrand ideella f\u00f6rening\u201d. Vill du bli medlem i v\u00e5r f\u00f6rening och genom ditt medlemskap st\u00f6dja och medverka till att Sekelskiftesdagarna blir ett l\u00e5ngsiktigt h\u00e5llbart och i framtiden \u00e4nnu b\u00e4ttre evenemang s\u00e5 kan du f\u00f6r 200 kronor v\u00e4lja att bli medlem <\/p>\n\n\n\n<div class=\"wp-block-buttons is-vertical is-content-justification-center is-layout-flex wp-container-core-buttons-is-layout-9a7cdcfd wp-block-buttons-is-layout-flex\">\n<div class=\"wp-block-button has-custom-width wp-block-button__width-25 aligncenter is-style-outline is-style-outline--3\"><a class=\"wp-block-button__link has-white-color has-black-background-color has-text-color has-background has-custom-font-size wp-element-button\" href=\"https:\/\/sekelskiftes.wpengine.com\/bli-medlem\/\" style=\"border-radius:27px;font-size:16px\">Bli medlem<\/a><\/div>\n<\/div>\n\n\n\n<div style=\"height:39px\" aria-hidden=\"true\" class=\"wp-block-spacer\"><\/div>\n\n\n\n<p class=\"has-text-align-center has-medium-font-size\"><strong>Du kan \u00e4ven betala via Swish: 123 63 286 29 <\/strong><br><strong>eller Bankgiro: 695-8813<\/strong><\/p>\n\n\n\n<p class=\"has-text-align-center\">Gl\u00f6m inte f\u00f6lja oss p\u00e5 Facebook f\u00f6r planering, uppdatering och minnen, \u201dSekelskiftesdagarna p\u00e5 Marstrand\u201d.<\/p>\n\n\n\n<ul class=\"wp-block-social-links aligncenter is-layout-flex wp-block-social-links-is-layout-flex\"><li class=\"wp-social-link wp-social-link-facebook  wp-block-social-link\"><a href=\"https:\/\/www.facebook.com\/sekelskiftesdagarna\" class=\"wp-block-social-link-anchor\"><svg width=\"24\" height=\"24\" viewBox=\"0 0 24 24\" version=\"1.1\" xmlns=\"http:\/\/www.w3.org\/2000\/svg\" aria-hidden=\"true\" focusable=\"false\"><path d=\"M12 2C6.5 2 2 6.5 2 12c0 5 3.7 9.1 8.4 9.9v-7H7.9V12h2.5V9.8c0-2.5 1.5-3.9 3.8-3.9 1.1 0 2.2.2 2.2.2v2.5h-1.3c-1.2 0-1.6.8-1.6 1.6V12h2.8l-.4 2.9h-2.3v7C18.3 21.1 22 17 22 12c0-5.5-4.5-10-10-10z\"><\/path><\/svg><span class=\"wp-block-social-link-label screen-reader-text\">Facebook<\/span><\/a><\/li><\/ul>\n\n\n\n<p class=\"has-text-align-center\"><strong>Vi ses p\u00e5 Marstrands\u00f6n 7-9 augusti 2026!<\/strong><\/p>\n\n\n\n<hr class=\"wp-block-separator has-alpha-channel-opacity is-style-wide\"\/>\n<\/div><\/div>\n\n\n\n<h2 class=\"wp-block-heading has-text-align-center\"><strong>Ser mer fr\u00e5n tidigare Sekelskiftesdagar <\/strong><\/h2>\n\n\n\n<div class=\"wp-block-columns is-layout-flex wp-container-core-columns-is-layout-9d6595d7 wp-block-columns-is-layout-flex\">\n<div class=\"wp-block-column is-layout-flow wp-block-column-is-layout-flow\">\n<figure class=\"wp-block-image size-full\"><a href=\"https:\/\/sekelskiftesdagarna.se\/sv_se\/sekelskiftesdagarna-2025\/\"><img loading=\"lazy\" decoding=\"async\" width=\"576\" height=\"1024\" src=\"https:\/\/sekelskiftesdagarna.se\/wp-content\/uploads\/2025\/08\/2023-1.png\" alt=\"\" class=\"wp-image-1714\" srcset=\"https:\/\/sekelskiftesdagarna.se\/wp-content\/uploads\/2025\/08\/2023-1.png 576w, https:\/\/sekelskiftesdagarna.se\/wp-content\/uploads\/2025\/08\/2023-1-169x300.png 169w, https:\/\/sekelskiftesdagarna.se\/wp-content\/uploads\/2025\/08\/2023-1-7x12.png 7w\" sizes=\"auto, (max-width: 576px) 100vw, 576px\" \/><\/a><\/figure>\n<\/div>\n\n\n\n<div class=\"wp-block-column is-layout-flow wp-block-column-is-layout-flow\">\n<figure class=\"wp-block-image size-full\"><a href=\"https:\/\/sekelskiftesdagarna.se\/sv_se\/sekelskiftesdagarna-2024\/\"><img loading=\"lazy\" decoding=\"async\" width=\"576\" height=\"1024\" src=\"https:\/\/sekelskiftesdagarna.se\/wp-content\/uploads\/2024\/08\/2023-2.jpg\" alt=\"\" class=\"wp-image-1432\" srcset=\"https:\/\/sekelskiftesdagarna.se\/wp-content\/uploads\/2024\/08\/2023-2.jpg 576w, https:\/\/sekelskiftesdagarna.se\/wp-content\/uploads\/2024\/08\/2023-2-169x300.jpg 169w, https:\/\/sekelskiftesdagarna.se\/wp-content\/uploads\/2024\/08\/2023-2-7x12.jpg 7w\" sizes=\"auto, (max-width: 576px) 100vw, 576px\" \/><\/a><\/figure>\n<\/div>\n\n\n\n<div class=\"wp-block-column is-layout-flow wp-block-column-is-layout-flow\">\n<figure class=\"wp-block-image size-full\"><a href=\"https:\/\/sekelskiftesdagarna.se\/sv_se\/sekelskiftesdagarna-2023\/\"><img loading=\"lazy\" decoding=\"async\" width=\"576\" height=\"1024\" src=\"https:\/\/sekelskiftesdagarna.se\/wp-content\/uploads\/2023\/08\/2023-3.png\" alt=\"\" class=\"wp-image-1105\" srcset=\"https:\/\/sekelskiftesdagarna.se\/wp-content\/uploads\/2023\/08\/2023-3.png 576w, https:\/\/sekelskiftesdagarna.se\/wp-content\/uploads\/2023\/08\/2023-3-169x300.png 169w, https:\/\/sekelskiftesdagarna.se\/wp-content\/uploads\/2023\/08\/2023-3-7x12.png 7w\" sizes=\"auto, (max-width: 576px) 100vw, 576px\" \/><\/a><\/figure>\n<\/div>\n<\/div>\n\n\n\n<hr class=\"wp-block-separator has-alpha-channel-opacity is-style-wide\"\/>\n\n\n\n<p class=\"has-text-align-center\">Du kan \u00e4ven f\u00f6lja oss p\u00e5 instagram<\/p>\n\n\n\n<ul class=\"wp-block-social-links is-content-justification-center is-layout-flex wp-container-core-social-links-is-layout-16018d1d wp-block-social-links-is-layout-flex\"><li class=\"wp-social-link wp-social-link-instagram  wp-block-social-link\"><a href=\"https:\/\/www.instagram.com\/marstrandssekelskiftesdagar\/\" class=\"wp-block-social-link-anchor\"><svg width=\"24\" height=\"24\" viewBox=\"0 0 24 24\" version=\"1.1\" xmlns=\"http:\/\/www.w3.org\/2000\/svg\" aria-hidden=\"true\" focusable=\"false\"><path d=\"M12,4.622c2.403,0,2.688,0.009,3.637,0.052c0.877,0.04,1.354,0.187,1.671,0.31c0.42,0.163,0.72,0.358,1.035,0.673 c0.315,0.315,0.51,0.615,0.673,1.035c0.123,0.317,0.27,0.794,0.31,1.671c0.043,0.949,0.052,1.234,0.052,3.637 s-0.009,2.688-0.052,3.637c-0.04,0.877-0.187,1.354-0.31,1.671c-0.163,0.42-0.358,0.72-0.673,1.035 c-0.315,0.315-0.615,0.51-1.035,0.673c-0.317,0.123-0.794,0.27-1.671,0.31c-0.949,0.043-1.233,0.052-3.637,0.052 s-2.688-0.009-3.637-0.052c-0.877-0.04-1.354-0.187-1.671-0.31c-0.42-0.163-0.72-0.358-1.035-0.673 c-0.315-0.315-0.51-0.615-0.673-1.035c-0.123-0.317-0.27-0.794-0.31-1.671C4.631,14.688,4.622,14.403,4.622,12 s0.009-2.688,0.052-3.637c0.04-0.877,0.187-1.354,0.31-1.671c0.163-0.42,0.358-0.72,0.673-1.035 c0.315-0.315,0.615-0.51,1.035-0.673c0.317-0.123,0.794-0.27,1.671-0.31C9.312,4.631,9.597,4.622,12,4.622 M12,3 C9.556,3,9.249,3.01,8.289,3.054C7.331,3.098,6.677,3.25,6.105,3.472C5.513,3.702,5.011,4.01,4.511,4.511 c-0.5,0.5-0.808,1.002-1.038,1.594C3.25,6.677,3.098,7.331,3.054,8.289C3.01,9.249,3,9.556,3,12c0,2.444,0.01,2.751,0.054,3.711 c0.044,0.958,0.196,1.612,0.418,2.185c0.23,0.592,0.538,1.094,1.038,1.594c0.5,0.5,1.002,0.808,1.594,1.038 c0.572,0.222,1.227,0.375,2.185,0.418C9.249,20.99,9.556,21,12,21s2.751-0.01,3.711-0.054c0.958-0.044,1.612-0.196,2.185-0.418 c0.592-0.23,1.094-0.538,1.594-1.038c0.5-0.5,0.808-1.002,1.038-1.594c0.222-0.572,0.375-1.227,0.418-2.185 C20.99,14.751,21,14.444,21,12s-0.01-2.751-0.054-3.711c-0.044-0.958-0.196-1.612-0.418-2.185c-0.23-0.592-0.538-1.094-1.038-1.594 c-0.5-0.5-1.002-0.808-1.594-1.038c-0.572-0.222-1.227-0.375-2.185-0.418C14.751,3.01,14.444,3,12,3L12,3z M12,7.378 c-2.552,0-4.622,2.069-4.622,4.622S9.448,16.622,12,16.622s4.622-2.069,4.622-4.622S14.552,7.378,12,7.378z M12,15 c-1.657,0-3-1.343-3-3s1.343-3,3-3s3,1.343,3,3S13.657,15,12,15z M16.804,6.116c-0.596,0-1.08,0.484-1.08,1.08 s0.484,1.08,1.08,1.08c0.596,0,1.08-0.484,1.08-1.08S17.401,6.116,16.804,6.116z\"><\/path><\/svg><span class=\"wp-block-social-link-label screen-reader-text\">Instagram<\/span><\/a><\/li><\/ul>\n\n\n\n<p><\/p>\n\n\n\n<figure class=\"wp-block-gallery has-nested-images columns-default is-cropped wp-block-gallery-4 is-layout-flex wp-block-gallery-is-layout-flex\">\n<figure class=\"wp-block-image size-large\"><img loading=\"lazy\" decoding=\"async\" width=\"763\" height=\"764\" data-id=\"1114\" src=\"https:\/\/sekelskiftesdagarna.se\/wp-content\/uploads\/2023\/09\/logga-stor-leader.jpg\" alt=\"\" class=\"wp-image-1114\" srcset=\"https:\/\/sekelskiftesdagarna.se\/wp-content\/uploads\/2023\/09\/logga-stor-leader.jpg 763w, https:\/\/sekelskiftesdagarna.se\/wp-content\/uploads\/2023\/09\/logga-stor-leader-300x300.jpg 300w, https:\/\/sekelskiftesdagarna.se\/wp-content\/uploads\/2023\/09\/logga-stor-leader-150x150.jpg 150w, https:\/\/sekelskiftesdagarna.se\/wp-content\/uploads\/2023\/09\/logga-stor-leader-12x12.jpg 12w, https:\/\/sekelskiftesdagarna.se\/wp-content\/uploads\/2023\/09\/logga-stor-leader-100x100.jpg 100w\" sizes=\"auto, (max-width: 706px) 89vw, (max-width: 767px) 82vw, 740px\" \/><\/figure>\n\n\n\n<figure class=\"wp-block-image size-large\"><img loading=\"lazy\" decoding=\"async\" width=\"278\" height=\"271\" data-id=\"1113\" src=\"https:\/\/sekelskiftesdagarna.se\/wp-content\/uploads\/2023\/09\/logga-eu.jpg\" alt=\"\" class=\"wp-image-1113\" srcset=\"https:\/\/sekelskiftesdagarna.se\/wp-content\/uploads\/2023\/09\/logga-eu.jpg 278w, https:\/\/sekelskiftesdagarna.se\/wp-content\/uploads\/2023\/09\/logga-eu-12x12.jpg 12w\" sizes=\"auto, (max-width: 278px) 100vw, 278px\" \/><\/figure>\n<\/figure>\n\n\n\n<figure class=\"wp-block-image size-large\"><img loading=\"lazy\" decoding=\"async\" width=\"1024\" height=\"299\" src=\"https:\/\/sekelskiftesdagarna.se\/wp-content\/uploads\/2023\/09\/logga-leader-bohula--1024x299.png\" alt=\"\" class=\"wp-image-1115\" srcset=\"https:\/\/sekelskiftesdagarna.se\/wp-content\/uploads\/2023\/09\/logga-leader-bohula--1024x299.png 1024w, https:\/\/sekelskiftesdagarna.se\/wp-content\/uploads\/2023\/09\/logga-leader-bohula--300x88.png 300w, https:\/\/sekelskiftesdagarna.se\/wp-content\/uploads\/2023\/09\/logga-leader-bohula--768x224.png 768w, https:\/\/sekelskiftesdagarna.se\/wp-content\/uploads\/2023\/09\/logga-leader-bohula--1536x448.png 1536w, https:\/\/sekelskiftesdagarna.se\/wp-content\/uploads\/2023\/09\/logga-leader-bohula--18x5.png 18w, https:\/\/sekelskiftesdagarna.se\/wp-content\/uploads\/2023\/09\/logga-leader-bohula-.png 1898w\" sizes=\"auto, (max-width: 767px) 89vw, (max-width: 1000px) 54vw, (max-width: 1071px) 543px, 580px\" \/><\/figure>\n","protected":false},"excerpt":{"rendered":"<p>Den 7-9&nbsp;augusti 2026 \u00e4r det \u00e5terigen dags att dra tillbaka tiden till f\u00f6rra sekelskiftet och uppleva Marstrand som havskurort. Baderskor, kungar, bilar, marknader, teaterf\u00f6rest\u00e4llningar, stj\u00e4rnb\u00e5tar, orkestrar och mycket mycket mer \u00e4r p\u00e5 plats f\u00f6r att f\u00f6rvandla Marstrand till n\u00e5got magiskt som bara fanns f\u00f6rr i tiden. Kom g\u00e4rna uppkl\u00e4dd i sekelskifteskl\u00e4der. V\u00e4lj en roll du &hellip; <\/p>\n<p class=\"link-more\"><a href=\"https:\/\/sekelskiftesdagarna.se\/sv_se\/\" class=\"more-link\">Forts\u00e4tt l\u00e4sa<span class=\"screen-reader-text\"> \u201dSekelskiftesdagarna\u201d<\/span><\/a><\/p>\n","protected":false},"author":3,"featured_media":0,"parent":0,"menu_order":0,"comment_status":"closed","ping_status":"closed","template":"","meta":{"_oct_exclude_from_cache":false,"footnotes":""},"class_list":["post-342","page","type-page","status-publish","hentry"],"_links":{"self":[{"href":"https:\/\/sekelskiftesdagarna.se\/sv_se\/wp-json\/wp\/v2\/pages\/342","targetHints":{"allow":["GET"]}}],"collection":[{"href":"https:\/\/sekelskiftesdagarna.se\/sv_se\/wp-json\/wp\/v2\/pages"}],"about":[{"href":"https:\/\/sekelskiftesdagarna.se\/sv_se\/wp-json\/wp\/v2\/types\/page"}],"author":[{"embeddable":true,"href":"https:\/\/sekelskiftesdagarna.se\/sv_se\/wp-json\/wp\/v2\/users\/3"}],"replies":[{"embeddable":true,"href":"https:\/\/sekelskiftesdagarna.se\/sv_se\/wp-json\/wp\/v2\/comments?post=342"}],"version-history":[{"count":0,"href":"https:\/\/sekelskiftesdagarna.se\/sv_se\/wp-json\/wp\/v2\/pages\/342\/revisions"}],"wp:attachment":[{"href":"https:\/\/sekelskiftesdagarna.se\/sv_se\/wp-json\/wp\/v2\/media?parent=342"}],"curies":[{"name":"wp","href":"https:\/\/api.w.org\/{rel}","templated":true}]}}