{"id":1635,"date":"2025-08-18T15:44:53","date_gmt":"2025-08-18T13:44:53","guid":{"rendered":"https:\/\/sekelskiftesdagarna.se\/?page_id=1635"},"modified":"2025-08-18T15:51:32","modified_gmt":"2025-08-18T13:51:32","slug":"sekelskiftesdagarna-2026-7-9-augusti","status":"publish","type":"page","link":"https:\/\/sekelskiftesdagarna.se\/sv_se\/sekelskiftesdagarna-2026-7-9-augusti\/","title":{"rendered":"Sekelskiftesdagarna 2026 7-9 augusti"},"content":{"rendered":"\n<p>Sekelskiftesdagarna 2026 kommer vara 7-9 augusti. L\u00e4ngtar du redan och vill engagera dig i v\u00e5r f\u00f6rening s\u00e5 f\u00e5r du g\u00e4rna h\u00f6r av dig! H\u00e4r nedan kan du se hur Sekelskiftesdagarna s\u00e5g ut 2025. Vi ses!<\/p>\n\n\n\n<figure class=\"wp-block-embed is-type-video is-provider-youtube wp-block-embed-youtube wp-embed-aspect-16-9 wp-has-aspect-ratio\"><div class=\"wp-block-embed__wrapper\">\n<iframe loading=\"lazy\" title=\"Sekelskiftesdagarna 2025 trailer\" width=\"525\" height=\"295\" src=\"https:\/\/www.youtube.com\/embed\/idi9ftF_Olg?feature=oembed\" frameborder=\"0\" allow=\"accelerometer; autoplay; clipboard-write; encrypted-media; gyroscope; picture-in-picture; web-share\" referrerpolicy=\"strict-origin-when-cross-origin\" allowfullscreen><\/iframe>\n<\/div><\/figure>\n","protected":false},"excerpt":{"rendered":"<p>Sekelskiftesdagarna 2026 kommer vara 7-9 augusti. L\u00e4ngtar du redan och vill engagera dig i v\u00e5r f\u00f6rening s\u00e5 f\u00e5r du g\u00e4rna h\u00f6r av dig! H\u00e4r nedan kan du se hur Sekelskiftesdagarna s\u00e5g ut 2025. Vi ses!<\/p>\n","protected":false},"author":3,"featured_media":0,"parent":0,"menu_order":0,"comment_status":"closed","ping_status":"closed","template":"","meta":{"_oct_exclude_from_cache":false,"footnotes":""},"class_list":["post-1635","page","type-page","status-publish","hentry"],"_links":{"self":[{"href":"https:\/\/sekelskiftesdagarna.se\/sv_se\/wp-json\/wp\/v2\/pages\/1635","targetHints":{"allow":["GET"]}}],"collection":[{"href":"https:\/\/sekelskiftesdagarna.se\/sv_se\/wp-json\/wp\/v2\/pages"}],"about":[{"href":"https:\/\/sekelskiftesdagarna.se\/sv_se\/wp-json\/wp\/v2\/types\/page"}],"author":[{"embeddable":true,"href":"https:\/\/sekelskiftesdagarna.se\/sv_se\/wp-json\/wp\/v2\/users\/3"}],"replies":[{"embeddable":true,"href":"https:\/\/sekelskiftesdagarna.se\/sv_se\/wp-json\/wp\/v2\/comments?post=1635"}],"version-history":[{"count":0,"href":"https:\/\/sekelskiftesdagarna.se\/sv_se\/wp-json\/wp\/v2\/pages\/1635\/revisions"}],"wp:attachment":[{"href":"https:\/\/sekelskiftesdagarna.se\/sv_se\/wp-json\/wp\/v2\/media?parent=1635"}],"curies":[{"name":"wp","href":"https:\/\/api.w.org\/{rel}","templated":true}]}}