{"id":151,"date":"2023-02-06T11:14:15","date_gmt":"2023-02-06T10:14:15","guid":{"rendered":"https:\/\/sekelskiftesdagarna.kxfh.se\/?page_id=151"},"modified":"2024-03-15T12:22:39","modified_gmt":"2024-03-15T11:22:39","slug":"gdpr","status":"publish","type":"page","link":"https:\/\/sekelskiftesdagarna.se\/sv_se\/gdpr\/","title":{"rendered":"GDPR"},"content":{"rendered":"\n<h1 class=\"wp-block-heading has-text-align-left\"><strong>Hur vi hanterar personuppgifter<\/strong><br><br>MEDLEMSREGISTER<\/h1>\n\n\n\n<p>Medlemsregistret inneh\u00e5ller kontaktuppgifter f\u00f6r medlemmarna samt uppgifter om betalning av medlemsavgiften de senaste 3 \u00e5ren.<\/p>\n\n\n\n<p>Medlemsregistret anv\u00e4nds f\u00f6r medlemsinformation via E-post. D\u00e5 anv\u00e4nds alltid s.k. \u201ddold kopia\u201d i utskicket, dvs medlemmarnas E-post-adresser avsl\u00f6jas inte dem sinsemellan.<\/p>\n\n\n\n<p>Nya medlemmar anm\u00e4ler sig via medlemsformul\u00e4ret p\u00e5 f\u00f6reningens hemsida.<br>Uppgifter som registreras och sparas \u00e4r:<br><br>\u25aa Betalt innevarande \u00e5r  (2024)<br>\u25aa Betalt innevarande \u00e5r  \u2013 1  (2023)<br>\u25aa Betalt innevarande \u00e5r \u2013 2 (2022)<br>\u25aa Medlemsnr<br>\u25aa Medlemsdatum<br>\u25aa Namn<br>\u25aa Adress<br>\u25aa Postnr<br>\u25aa Ort<br>\u25aa Land<br>\u25aa Mobil<br>\u25aa E-post<br><br>Originalet av medlemsregistret \u00e4r ett excel-register som finns fysiskt lagrat p\u00e5 f\u00f6reningens h\u00e5rddisk. Backup-kopior sparas i Google Drive.<\/p>\n\n\n\n<hr class=\"wp-block-separator has-alpha-channel-opacity\"\/>\n\n\n\n<h2 class=\"wp-block-heading\">DELTAGARREGISTER SEKELSKIFTESDAGARNA<\/h2>\n\n\n\n<p>Registret inneh\u00e5ller kontaktuppgifter f\u00f6r deltagare i \u00e5rets Sekelskiftesdagar.<br><br>Registret anv\u00e4nds f\u00f6r bl.a. planering av platser och tider f\u00f6r deltagare samt<br>kommunikation med deltagare, ex anvisning om f\u00e4rje\u00f6verfart. Denna kommunikation sker via mail och d\u00e5 anv\u00e4nds alltid s.k. \u201ddold kopia\u201d i utskicket, dvs deltagarnas E-post-adresser avsl\u00f6jas inte dem sinsemellan.<\/p>\n\n\n\n<p>Registret uppdateras i och med att en deltagare anm\u00e4ler sig till Sekelskiftesdagarna.<br><br>Uppgifter som registreras och sparas \u00e4r:<br>\u25aa F\u00f6rnamn<br>\u25aa Efternamn<br>\u25aa Personnummer<br>\u25aa Adress<br>\u25aa Postnummer<br>\u25aa Ort<br>\u25aa Telefonnummer<br>\u25aa Mobilnummer<br>\u25aa E-post<br>\u25aa Vilken eventuell aktivitet personen arrangerar under dagarna<br><br>Vid anm\u00e4lan godk\u00e4nner deltagaren att f\u00f6reningen f\u00e5r anv\u00e4nda bild och text i samband med festivalaktiviteter samt p\u00e5 f\u00f6reningens hemsida och facebook-sida.<br><br>Originalet av registret \u00e4r ett excel-register samt ett bildarkiv som finns fysiskt lagrat p\u00e5 f\u00f6reningens h\u00e5rddisk. Backup-kopior sparas i Google Drive.<br><br>Registret sparas i 2 \u00e5r eftersom inbjudan till kommande Sekelskiftesdagar baseras p\u00e5 de 2 senaste \u00e5rens deltagande<\/p>\n\n\n\n<hr class=\"wp-block-separator has-alpha-channel-opacity\"\/>\n\n\n\n<h2 class=\"wp-block-heading\">BILDARKIV<\/h2>\n\n\n\n<p>I samband med Sekelskiftesdagarna i Marstrand och andra sammanhang som f\u00f6reningen dokumentera sparas materialet i f\u00f6reningens bildarkiv. Bilderna som sparas \u00e4r tagna av f\u00f6reningens utsedda fotografer vilket inneb\u00e4r att f\u00f6reningen har upphovsmannar\u00e4tt till bilderna.<br><br>Bildarkivet anv\u00e4nds f\u00f6r publicering p\u00e5 f\u00f6reningens hemsida, facebook-sida, instagram, vid f\u00f6redrag om f\u00f6reningens verksamhet och i v\u00e5rt programblad osv.<br><br>Originalet av bildarkivet \u00e4r lagrat i en h\u00e5rddisk och p\u00e5 Google Drive. Ansvarig f\u00f6r bildarkivet \u00e4r f\u00f6reningens projektledare.<\/p>\n","protected":false},"excerpt":{"rendered":"<p>Hur vi hanterar personuppgifter MEDLEMSREGISTER Medlemsregistret inneh\u00e5ller kontaktuppgifter f\u00f6r medlemmarna samt uppgifter om betalning av medlemsavgiften de senaste 3 \u00e5ren. Medlemsregistret anv\u00e4nds f\u00f6r medlemsinformation via E-post. D\u00e5 anv\u00e4nds alltid s.k. \u201ddold kopia\u201d i utskicket, dvs medlemmarnas E-post-adresser avsl\u00f6jas inte dem sinsemellan. Nya medlemmar anm\u00e4ler sig via medlemsformul\u00e4ret p\u00e5 f\u00f6reningens hemsida.Uppgifter som registreras och sparas \u00e4r: &hellip; <\/p>\n<p class=\"link-more\"><a href=\"https:\/\/sekelskiftesdagarna.se\/sv_se\/gdpr\/\" class=\"more-link\">Forts\u00e4tt l\u00e4sa<span class=\"screen-reader-text\"> \u201dGDPR\u201d<\/span><\/a><\/p>\n","protected":false},"author":3,"featured_media":0,"parent":0,"menu_order":0,"comment_status":"closed","ping_status":"closed","template":"","meta":{"_oct_exclude_from_cache":false,"footnotes":""},"class_list":["post-151","page","type-page","status-publish","hentry"],"_links":{"self":[{"href":"https:\/\/sekelskiftesdagarna.se\/sv_se\/wp-json\/wp\/v2\/pages\/151","targetHints":{"allow":["GET"]}}],"collection":[{"href":"https:\/\/sekelskiftesdagarna.se\/sv_se\/wp-json\/wp\/v2\/pages"}],"about":[{"href":"https:\/\/sekelskiftesdagarna.se\/sv_se\/wp-json\/wp\/v2\/types\/page"}],"author":[{"embeddable":true,"href":"https:\/\/sekelskiftesdagarna.se\/sv_se\/wp-json\/wp\/v2\/users\/3"}],"replies":[{"embeddable":true,"href":"https:\/\/sekelskiftesdagarna.se\/sv_se\/wp-json\/wp\/v2\/comments?post=151"}],"version-history":[{"count":0,"href":"https:\/\/sekelskiftesdagarna.se\/sv_se\/wp-json\/wp\/v2\/pages\/151\/revisions"}],"wp:attachment":[{"href":"https:\/\/sekelskiftesdagarna.se\/sv_se\/wp-json\/wp\/v2\/media?parent=151"}],"curies":[{"name":"wp","href":"https:\/\/api.w.org\/{rel}","templated":true}]}}