{"id":149,"date":"2023-02-06T11:14:15","date_gmt":"2023-02-06T10:14:15","guid":{"rendered":"https:\/\/sekelskiftesdagarna.kxfh.se\/?page_id=149"},"modified":"2023-02-28T12:06:09","modified_gmt":"2023-02-28T11:06:09","slug":"stadgar","status":"publish","type":"page","link":"https:\/\/sekelskiftesdagarna.se\/sv_se\/stadgar\/","title":{"rendered":"Stadgar"},"content":{"rendered":"\n<h2 class=\"wp-block-heading\">STADGAR F\u00d6R Sekelskiftesdagarna i Marstrands Ideella F\u00f6rening<\/h2>\n\n\n\n<h3 class=\"wp-block-heading\"><strong>\u00a7 1 F\u00f6reningens namn<\/strong><\/h3>\n\n\n\n<p class=\"has-medium-font-size\"><strong>Sekelskiftesdagarna i Marstrands Ideella F\u00f6rening<\/strong><\/p>\n\n\n\n<h3 class=\"wp-block-heading\"><strong>\u00a7 2 F\u00f6reningens \u00e4ndam\u00e5l<\/strong><\/h3>\n\n\n\n<p>F\u00f6reningen har till \u00e4ndam\u00e5l att genomf\u00f6ra Marstrands Sekelskiftesdagar.<br><br>F\u00f6reningen ska uppfylla sitt \u00e4ndam\u00e5l genom att planera, organisera och genomf\u00f6ra sekelskiftesdagar i Marstrand varje \u00e5r. F\u00f6reningen ska verka genom att bereda m\u00f6jligheter f\u00f6r kulturevenemang inom teater, musik, dans och d\u00e4rtill liknande s\u00e4tt att medverka till kulturutveckling. F\u00f6reningen ska ocks\u00e5 verka f\u00f6r att dess medlemmar deltar genom l\u00e4mplig kl\u00e4dsel under Sekelskiftesdagarna.<\/p>\n\n\n\n<h3 class=\"wp-block-heading\"><strong>\u00a7 3 F\u00f6reningen har sitt s\u00e4te i Marstrand, Kung\u00e4lvs Kommun.<\/strong><\/h3>\n\n\n\n<h3 class=\"wp-block-heading\"><strong>\u00a7 4 Medlemsskap<\/strong><\/h3>\n\n\n\n<p>Medlem i f\u00f6reningen \u00e4r den som vill verka f\u00f6r f\u00f6reningens m\u00e5ls\u00e4ttning och f\u00f6rbinder sig att f\u00f6lja f\u00f6reningens stadgar.<\/p>\n\n\n\n<h3 class=\"wp-block-heading\"><strong>\u00a7 5 Medlemsavgifter<\/strong><\/h3>\n\n\n\n<p>Medlem ska betala den medlemsavgift som \u00e5rligen fastst\u00e4lls av \u00e5rsm\u00f6tet.<\/p>\n\n\n\n<h3 class=\"wp-block-heading\"><strong>\u00a7 6 Styrelsen<\/strong><\/h3>\n\n\n\n<p>Styrelsen best\u00e5r av ordf\u00f6rande, minst 5 \u00f6vriga ledam\u00f6ter j\u00e4mte 2 suppleanter. Styrelsen utser inom sig vice ordf\u00f6rande, sekreterare, kass\u00f6r och de \u00f6vriga ledam\u00f6ter f\u00f6reningen anser sig beh\u00f6va. Vid f\u00f6rfall intr\u00e4der suppleant. Avg\u00e5r ledamot f\u00f6re mandattidens utg\u00e5ng intr\u00e4der suppleant i dennes st\u00e4lle f\u00f6r tiden t o m n\u00e4sta \u00e5rsm\u00f6te.<\/p>\n\n\n\n<h3 class=\"wp-block-heading\"><strong>\u00a7 7 Styrelsens uppgifter<\/strong><\/h3>\n\n\n\n<p>Styrelsen f\u00f6retr\u00e4der f\u00f6reningen, bevakar dess intressen och handhar dess angel\u00e4genheter. Styrelsen beslutar \u00e5 f\u00f6reningens v\u00e4gnar s\u00e5vida inte annat f\u00f6reskrivs i dessa stadgar. Styrelsen ska verkst\u00e4lla av \u00e5rsm\u00f6tet fattade beslut, handha f\u00f6reningens ekonomiska angel\u00e4genheter och f\u00f6ra r\u00e4kenskaper, samt avge \u00e5rsredovisning till \u00e5rsst\u00e4mman f\u00f6r det senaste r\u00e4kenskaps\u00e5ret. Styrelsen sammantr\u00e4der n\u00e4r ordf\u00f6randen finner det erforderligt eller om minst tre styrelseledam\u00f6ter beg\u00e4r detta.<br><br>Styrelsen \u00e4r beslutsf\u00f6r d\u00e5 minst 3 personer \u00e4r n\u00e4rvarande. Styrelsebeslut fattas med enkel majoritet. Vid lika r\u00f6stetal g\u00e4ller den mening ordf\u00f6randen bitr\u00e4der, dock sker avg\u00f6randet vid val genom lottning.<\/p>\n\n\n\n<p>F\u00f6reningens firma tecknas av f\u00f6reningens ordf\u00f6rande eller kass\u00f6r inom det belopp styrelsen beslutar. Vid st\u00f6rre belopp \u00e4n det styrelsen best\u00e4mmer kr\u00e4vs dokumenterat styrelsebeslut innan firmateckning f\u00e5r ske av f\u00f6reningens ordf\u00f6rande eller kass\u00f6r.<\/p>\n\n\n\n<h3 class=\"wp-block-heading\"><strong>\u00a7 8 R\u00e4kenskaper<\/strong><\/h3>\n\n\n\n<p>R\u00e4kenskaps\u00e5r ska vara kalender\u00e5r.<br>Styrelsens \u00e5rsredovisning ska \u00f6verl\u00e4mnas till f\u00f6reningens revisorer senast den 1:e mars.<\/p>\n\n\n\n<h3 class=\"wp-block-heading\"><strong> \u00a7 9 Revisorer<\/strong><\/h3>\n\n\n\n<p>Styrelsens f\u00f6rvaltning ska \u00e5rligen granskas av en p\u00e5 \u00e5rsm\u00f6tet utsedda revisor. Revisorn ska senast den 1:e april avge sin revisionsber\u00e4ttelse.<\/p>\n\n\n\n<h3 class=\"wp-block-heading\"><strong>\u00a7 10 \u00c5rsm\u00f6te<\/strong><\/h3>\n\n\n\n<p>Ordinarie \u00e5rsm\u00f6te, vilket \u00e4r f\u00f6reningens h\u00f6gsta beslutande organ, h\u00e5lls \u00e5rligen f\u00f6re den 30 april p\u00e5 tid och plats som styrelsen best\u00e4mmer. Skriftlig kallelse ska avs\u00e4ndas till alla medlemmar senast 14 dagar f\u00f6re ordinarie \u00e5rsm\u00f6te och senast 14 dagar f\u00f6re extra \u00e5rsm\u00f6te.<br><br>Vid ordinarie \u00e5rsm\u00f6te ska f\u00f6ljande \u00e4renden behandlas:<\/p>\n\n\n\n<ol class=\"wp-block-list\">\n<li>Val av ordf\u00f6rande och sekreterare f\u00f6r m\u00f6tet.<\/li>\n\n\n\n<li>Fastst\u00e4llande av r\u00f6stl\u00e4ngd f\u00f6r m\u00f6tet.<\/li>\n\n\n\n<li>Val av protokolljusterare och r\u00f6str\u00e4knare.<\/li>\n\n\n\n<li>Fr\u00e5ga om m\u00f6tet har utlysts p\u00e5 r\u00e4tt s\u00e4tt.<\/li>\n\n\n\n<li>Fastst\u00e4llande av dagordning.<\/li>\n\n\n\n<li>a) Styrelsens verksamhetsber\u00e4ttelse f\u00f6r det senaste verksamhets\u00e5ret.<br>b) Styrelsens f\u00f6rvaltningsber\u00e4ttelse (balans- och resultatr\u00e4kning) f\u00f6r det senaste verksamhets-\/r\u00e4kenskaps\u00e5ret.<\/li>\n\n\n\n<li>Revisionsber\u00e4ttelsen f\u00f6r verksamhets-\/r\u00e4kenskaps\u00e5ret.<\/li>\n\n\n\n<li>Fr\u00e5ga om ansvarsfrihet f\u00f6r styrelsen f\u00f6r den tid revisionen avser.<\/li>\n\n\n\n<li>Fastst\u00e4llande av medlemsavgifter.<\/li>\n\n\n\n<li>Fastst\u00e4llande av ev. verksamhetsplan och behandling av budget f\u00f6r det kommande verksamhets- \/r\u00e4kenskaps\u00e5ret.<\/li>\n\n\n\n<li>Val av ordf\u00f6rande i f\u00f6reningen f\u00f6r en tid av 2 \u00e5r.<\/li>\n\n\n\n<li>Val av 3 styrelseledam\u00f6ter samt suppleanter f\u00f6r en tid av 1 \u00e5r, samt val av 2 styrelseledam\u00f6ter f\u00f6r en tid av 2 \u00e5r.<\/li>\n\n\n\n<li>En valberedning best\u00e5ende av 2 personer utses f\u00f6r en period av 1 \u00e5r<\/li>\n\n\n\n<li>Val av revisor samt suppleant.<\/li>\n\n\n\n<li>Behandling av styrelsens f\u00f6rslag och motioner inkomna 3 veckor innan \u00e5rsm\u00f6tet<\/li>\n\n\n\n<li>\u00d6vriga fr\u00e5gor.<\/li>\n<\/ol>\n\n\n\n<p>Beslut i fr\u00e5gor av st\u00f6rre ekonomisk betydelse f\u00f6r f\u00f6reningen eller dess medlemmar f\u00e5r inte fattas om detta inte funnits med i kallelsen till m\u00f6tet.<\/p>\n\n\n\n<h3 class=\"wp-block-heading\"><strong>\u00a7 11 Extra \u00e5rsm\u00f6te<\/strong><\/h3>\n\n\n\n<p>Extra \u00e5rsm\u00f6te h\u00e5lls n\u00e4r styrelsen eller revisorn finner att det \u00e4r n\u00f6dv\u00e4ndigt eller n\u00e4r minst 1\/10 av f\u00f6reningens medlemmar kr\u00e4ver detta genom en skriftlig beg\u00e4ran till styrelsen. <br>Av beg\u00e4ran ska framg\u00e5 det eller de \u00e4renden som medlemmarna vill att m\u00f6tet ska behandla. <br>P\u00e5 extra \u00e5rsm\u00f6te f\u00e5r endast de \u00e4renden som angivits i kallelse behandlas.<\/p>\n\n\n\n<h3 class=\"wp-block-heading\"><strong>\u00a7 12 R\u00f6str\u00e4tt<\/strong><\/h3>\n\n\n\n<p>Vid \u00e5rsm\u00f6te har varje medlem en r\u00f6st. R\u00f6str\u00e4tten \u00e4r personlig.<\/p>\n\n\n\n<h3 class=\"wp-block-heading\"><strong>\u00a7 13 Beslut, omr\u00f6stning och beslutsm\u00e4ssighet<\/strong><\/h3>\n\n\n\n<p>Beslut fattas med bifallsrop (acklamation) eller om s\u00e5 beg\u00e4rs, efter omr\u00f6stning (votering).<br><br>Omr\u00f6stning sker \u00f6ppet, utom vid val d\u00e4r sluten omr\u00f6stning ska \u00e4ga rum om n\u00e5gon beg\u00e4r detta. Beslut fattas, s\u00e5vida dessa stadgar ej f\u00f6reskriver annat, med enkel majoritet. Vid lika r\u00f6stetal g\u00e4ller den mening som ordf\u00f6randen bitr\u00e4der, vid val sker dock avg\u00f6randet genom lottning.<br><br>Ledamot av styrelsen f\u00e5r inte delta i beslut om ansvarsfrihet f\u00f6r f\u00f6rvaltnings\u00e5tg\u00e4rd f\u00f6r vilken denne \u00e4r ansvarig, inte heller vid val av revisor. <br><br>M\u00f6tet \u00e4r beslutsm\u00e4ssigt med det antal r\u00f6stber\u00e4ttigade medlemmar som \u00e4r n\u00e4rvarande p\u00e5 m\u00f6tet.<\/p>\n\n\n\n<h3 class=\"wp-block-heading\"><strong>\u00a7 14 Regler f\u00f6r \u00e4ndring av stadgarna<\/strong><\/h3>\n\n\n\n<p>F\u00f6r \u00e4ndring av dessa stadgar kr\u00e4vs beslut av \u00e5rsm\u00f6te med minst 2\/3 av antalet avgivna r\u00f6ster. F\u00f6rslag till \u00e4ndring av stadgarna f\u00e5r ges s\u00e5v\u00e4l av medlem som styrelsen.<\/p>\n\n\n\n<h3 class=\"wp-block-heading\"><strong>\u00a7 15 Uttr\u00e4de<\/strong><\/h3>\n\n\n\n<p>Medlem som \u00f6nskar uttr\u00e4da ur f\u00f6reningen ska skriftligen anm\u00e4la detta till styrelsen och anses d\u00e4rmed omedelbart ha l\u00e4mnat f\u00f6reningen.<\/p>\n\n\n\n<h3 class=\"wp-block-heading\"><strong>\u00a7 16 Uteslutning<\/strong><\/h3>\n\n\n\n<p>Medlem f\u00e5r inte uteslutas ur f\u00f6reningen av annan anledning \u00e4n att den har f\u00f6rsummat att betala beslutade avgifter, motarbetat f\u00f6reningens verksamhet eller \u00e4ndam\u00e5l, eller uppenbarligen skadat f\u00f6reningens intressen.<br><br>Fr\u00e5ga om uteslutning f\u00e5r inte avg\u00f6ras f\u00f6rr\u00e4n medlem f\u00e5tt del av de omst\u00e4ndigheter som f\u00f6ranlett att medlemskapet ifr\u00e5gas\u00e4tts. Beslut om uteslutning f\u00e5r inte fattas f\u00f6rr\u00e4n medlemmen f\u00e5tt tillf\u00e4lle att yttra sig inom viss av f\u00f6reningsstyrelsen angiven tid, minst 30 dagar. I beslutet ska sk\u00e4len f\u00f6r uteslutning redovisas. Beslutet ska tillst\u00e4llas den ber\u00f6rde inom 5 dagar efter beslutet.<\/p>\n\n\n\n<h3 class=\"wp-block-heading\"><strong>\u00a7 17 Uppl\u00f6sning av f\u00f6reningen<\/strong><\/h3>\n\n\n\n<p>F\u00f6r uppl\u00f6sning av f\u00f6reningen kr\u00e4vs beslut av \u00e5rsm\u00f6te med minst 2\/3 av antalet avgivna r\u00f6ster. Om f\u00f6reningen uppl\u00f6ses ska f\u00f6reningens tillg\u00e5ngar \u00f6verl\u00e4mnas till verksamhet med liknande syfte\/ v\u00e4lg\u00f6rande \u00e4ndam\u00e5l etc.<\/p>\n\n\n\n<p><em>&#8211; Kopia av det \u00e5rsm\u00f6tesprotokoll som inneh\u00e5ller beslut om f\u00f6reningens uppl\u00f6sning ska d\u00e4refter s\u00e4ndas till skattekontoret f\u00f6r avregistrering av f\u00f6reningen.<\/em><\/p>\n\n\n\n<p>Dessa stadgar antogs p\u00e5 det konstituerande \u00e5rsm\u00f6tet f\u00f6r f\u00f6reningen den 22 febr 2015, se protokoll. <br><br>Justering av stadgar antogs p\u00e5 \u00e5rsm\u00f6tet f\u00f6r f\u00f6reningen den 7 febr 2016, se protokoll.<\/p>\n","protected":false},"excerpt":{"rendered":"<p>STADGAR F\u00d6R Sekelskiftesdagarna i Marstrands Ideella F\u00f6rening \u00a7 1 F\u00f6reningens namn Sekelskiftesdagarna i Marstrands Ideella F\u00f6rening \u00a7 2 F\u00f6reningens \u00e4ndam\u00e5l F\u00f6reningen har till \u00e4ndam\u00e5l att genomf\u00f6ra Marstrands Sekelskiftesdagar. F\u00f6reningen ska uppfylla sitt \u00e4ndam\u00e5l genom att planera, organisera och genomf\u00f6ra sekelskiftesdagar i Marstrand varje \u00e5r. F\u00f6reningen ska verka genom att bereda m\u00f6jligheter f\u00f6r kulturevenemang inom teater, &hellip; <\/p>\n<p class=\"link-more\"><a href=\"https:\/\/sekelskiftesdagarna.se\/sv_se\/stadgar\/\" class=\"more-link\">Forts\u00e4tt l\u00e4sa<span class=\"screen-reader-text\"> \u201dStadgar\u201d<\/span><\/a><\/p>\n","protected":false},"author":3,"featured_media":0,"parent":0,"menu_order":0,"comment_status":"closed","ping_status":"closed","template":"","meta":{"_oct_exclude_from_cache":false,"footnotes":""},"class_list":["post-149","page","type-page","status-publish","hentry"],"_links":{"self":[{"href":"https:\/\/sekelskiftesdagarna.se\/sv_se\/wp-json\/wp\/v2\/pages\/149","targetHints":{"allow":["GET"]}}],"collection":[{"href":"https:\/\/sekelskiftesdagarna.se\/sv_se\/wp-json\/wp\/v2\/pages"}],"about":[{"href":"https:\/\/sekelskiftesdagarna.se\/sv_se\/wp-json\/wp\/v2\/types\/page"}],"author":[{"embeddable":true,"href":"https:\/\/sekelskiftesdagarna.se\/sv_se\/wp-json\/wp\/v2\/users\/3"}],"replies":[{"embeddable":true,"href":"https:\/\/sekelskiftesdagarna.se\/sv_se\/wp-json\/wp\/v2\/comments?post=149"}],"version-history":[{"count":0,"href":"https:\/\/sekelskiftesdagarna.se\/sv_se\/wp-json\/wp\/v2\/pages\/149\/revisions"}],"wp:attachment":[{"href":"https:\/\/sekelskiftesdagarna.se\/sv_se\/wp-json\/wp\/v2\/media?parent=149"}],"curies":[{"name":"wp","href":"https:\/\/api.w.org\/{rel}","templated":true}]}}