{"id":1158,"date":"2024-03-20T16:01:59","date_gmt":"2024-03-20T15:01:59","guid":{"rendered":"https:\/\/sekelskiftesdagarna.se\/?page_id=1158"},"modified":"2024-03-20T16:10:11","modified_gmt":"2024-03-20T15:10:11","slug":"sekelskiftesdagarna-2022-2","status":"publish","type":"page","link":"https:\/\/sekelskiftesdagarna.se\/sv_se\/sekelskiftesdagarna-2022-2\/","title":{"rendered":"Sekelskiftesdagarna 2022"},"content":{"rendered":"\n<div class=\"wp-block-columns is-layout-flex wp-container-core-columns-is-layout-9d6595d7 wp-block-columns-is-layout-flex\">\n<div class=\"wp-block-column is-layout-flow wp-block-column-is-layout-flow\" style=\"flex-basis:50%\">\n<figure class=\"wp-block-image is-resized\"><a href=\"https:\/\/sekelskiftes.wpengine.com\/wp-content\/uploads\/2023\/03\/program-2022.pdf\"><img loading=\"lazy\" decoding=\"async\" width=\"300\" height=\"225\" src=\"https:\/\/sekelskiftesdagarna.se\/wp-content\/uploads\/2023\/06\/program-2015-hatt-300x225-1.jpeg\" alt=\"\" class=\"wp-image-967\" style=\"width:322px;height:auto\"\/><\/a><figcaption class=\"wp-element-caption\"><a href=\"https:\/\/sekelskiftes.wpengine.com\/wp-content\/uploads\/2023\/03\/program-2022.pdf\">H\u00e4r kan du l\u00e4sa programbladet<\/a><\/figcaption><\/figure>\n<\/div>\n\n\n\n<div class=\"wp-block-column is-layout-flow wp-block-column-is-layout-flow\" style=\"flex-basis:50%\">\n<p><strong>Sekelskiftesdagarna gjorde succ\u00e9 i \u00e5r ute p\u00e5 Marstrand!<\/strong><\/p>\n\n\n\n<p>Vi hade runt 15 000 bes\u00f6kare och vi var m\u00e5nga som gjorde dagarna m\u00f6jliga. N\u00e5gra nytillkomna var teatergruppen Happy Clown och jongl\u00f6ren Hugo Rosvall, roligt att ni var med!<\/p>\n\n\n\n<p>Ett extra tack till alla er som varit med i n\u00e5gra \u00e5r nu, ni f\u00e5r oss att g\u00e5 runt!<\/p>\n<\/div>\n<\/div>\n\n\n\n<figure class=\"wp-block-gallery has-nested-images columns-default is-cropped wp-block-gallery-1 is-layout-flex wp-block-gallery-is-layout-flex\">\n<figure class=\"wp-block-image size-large\"><img loading=\"lazy\" decoding=\"async\" width=\"1024\" height=\"752\" data-id=\"630\" src=\"https:\/\/sekelskiftesdagarna.se\/wp-content\/uploads\/2023\/03\/IMG_1408-1024x752.jpg\" alt=\"\" class=\"wp-image-630\" srcset=\"https:\/\/sekelskiftesdagarna.se\/wp-content\/uploads\/2023\/03\/IMG_1408-1024x752.jpg 1024w, https:\/\/sekelskiftesdagarna.se\/wp-content\/uploads\/2023\/03\/IMG_1408-300x220.jpg 300w, https:\/\/sekelskiftesdagarna.se\/wp-content\/uploads\/2023\/03\/IMG_1408-768x564.jpg 768w, https:\/\/sekelskiftesdagarna.se\/wp-content\/uploads\/2023\/03\/IMG_1408-1536x1128.jpg 1536w, https:\/\/sekelskiftesdagarna.se\/wp-content\/uploads\/2023\/03\/IMG_1408-2048x1504.jpg 2048w\" sizes=\"auto, (max-width: 767px) 89vw, (max-width: 1000px) 54vw, (max-width: 1071px) 543px, 580px\" \/><\/figure>\n\n\n\n<figure class=\"wp-block-image size-large\"><img loading=\"lazy\" decoding=\"async\" width=\"1024\" height=\"754\" data-id=\"602\" src=\"https:\/\/sekelskiftesdagarna.se\/wp-content\/uploads\/2023\/03\/IMG_0356-1024x754.jpg\" alt=\"\" class=\"wp-image-602\" srcset=\"https:\/\/sekelskiftesdagarna.se\/wp-content\/uploads\/2023\/03\/IMG_0356-1024x754.jpg 1024w, https:\/\/sekelskiftesdagarna.se\/wp-content\/uploads\/2023\/03\/IMG_0356-300x221.jpg 300w, https:\/\/sekelskiftesdagarna.se\/wp-content\/uploads\/2023\/03\/IMG_0356-768x566.jpg 768w, https:\/\/sekelskiftesdagarna.se\/wp-content\/uploads\/2023\/03\/IMG_0356-1536x1131.jpg 1536w, https:\/\/sekelskiftesdagarna.se\/wp-content\/uploads\/2023\/03\/IMG_0356-2048x1509.jpg 2048w\" sizes=\"auto, (max-width: 767px) 89vw, (max-width: 1000px) 54vw, (max-width: 1071px) 543px, 580px\" \/><\/figure>\n\n\n\n<figure class=\"wp-block-image size-large\"><img loading=\"lazy\" decoding=\"async\" width=\"733\" height=\"1024\" data-id=\"626\" src=\"https:\/\/sekelskiftesdagarna.se\/wp-content\/uploads\/2023\/03\/IMG_1321-733x1024.jpg\" alt=\"\" class=\"wp-image-626\" srcset=\"https:\/\/sekelskiftesdagarna.se\/wp-content\/uploads\/2023\/03\/IMG_1321-733x1024.jpg 733w, https:\/\/sekelskiftesdagarna.se\/wp-content\/uploads\/2023\/03\/IMG_1321-215x300.jpg 215w, https:\/\/sekelskiftesdagarna.se\/wp-content\/uploads\/2023\/03\/IMG_1321-768x1073.jpg 768w, https:\/\/sekelskiftesdagarna.se\/wp-content\/uploads\/2023\/03\/IMG_1321-1099x1536.jpg 1099w, https:\/\/sekelskiftesdagarna.se\/wp-content\/uploads\/2023\/03\/IMG_1321-1466x2048.jpg 1466w, https:\/\/sekelskiftesdagarna.se\/wp-content\/uploads\/2023\/03\/IMG_1321-scaled.jpg 1832w\" sizes=\"auto, (max-width: 733px) 100vw, 733px\" \/><\/figure>\n\n\n\n<figure class=\"wp-block-image size-large\"><img loading=\"lazy\" decoding=\"async\" width=\"1024\" height=\"683\" data-id=\"609\" src=\"https:\/\/sekelskiftesdagarna.se\/wp-content\/uploads\/2023\/03\/IMG_0591-1024x683.jpg\" alt=\"\" class=\"wp-image-609\" srcset=\"https:\/\/sekelskiftesdagarna.se\/wp-content\/uploads\/2023\/03\/IMG_0591-1024x683.jpg 1024w, https:\/\/sekelskiftesdagarna.se\/wp-content\/uploads\/2023\/03\/IMG_0591-300x200.jpg 300w, https:\/\/sekelskiftesdagarna.se\/wp-content\/uploads\/2023\/03\/IMG_0591-768x512.jpg 768w, https:\/\/sekelskiftesdagarna.se\/wp-content\/uploads\/2023\/03\/IMG_0591-1536x1024.jpg 1536w, https:\/\/sekelskiftesdagarna.se\/wp-content\/uploads\/2023\/03\/IMG_0591-2048x1365.jpg 2048w\" sizes=\"auto, (max-width: 767px) 89vw, (max-width: 1000px) 54vw, (max-width: 1071px) 543px, 580px\" \/><\/figure>\n\n\n\n<figure class=\"wp-block-image size-large\"><img loading=\"lazy\" decoding=\"async\" width=\"661\" height=\"1024\" data-id=\"618\" src=\"https:\/\/sekelskiftesdagarna.se\/wp-content\/uploads\/2023\/03\/IMG_0827-661x1024.jpg\" alt=\"\" class=\"wp-image-618\" srcset=\"https:\/\/sekelskiftesdagarna.se\/wp-content\/uploads\/2023\/03\/IMG_0827-661x1024.jpg 661w, https:\/\/sekelskiftesdagarna.se\/wp-content\/uploads\/2023\/03\/IMG_0827-194x300.jpg 194w, https:\/\/sekelskiftesdagarna.se\/wp-content\/uploads\/2023\/03\/IMG_0827-768x1189.jpg 768w, https:\/\/sekelskiftesdagarna.se\/wp-content\/uploads\/2023\/03\/IMG_0827-992x1536.jpg 992w, https:\/\/sekelskiftesdagarna.se\/wp-content\/uploads\/2023\/03\/IMG_0827-1322x2048.jpg 1322w, https:\/\/sekelskiftesdagarna.se\/wp-content\/uploads\/2023\/03\/IMG_0827-scaled.jpg 1653w\" sizes=\"auto, (max-width: 661px) 100vw, 661px\" \/><\/figure>\n\n\n\n<figure class=\"wp-block-image size-large\"><img loading=\"lazy\" decoding=\"async\" width=\"672\" height=\"1024\" data-id=\"599\" src=\"https:\/\/sekelskiftesdagarna.se\/wp-content\/uploads\/2023\/03\/IMG_0265-672x1024.jpg\" alt=\"\" class=\"wp-image-599\" srcset=\"https:\/\/sekelskiftesdagarna.se\/wp-content\/uploads\/2023\/03\/IMG_0265-672x1024.jpg 672w, https:\/\/sekelskiftesdagarna.se\/wp-content\/uploads\/2023\/03\/IMG_0265-197x300.jpg 197w, https:\/\/sekelskiftesdagarna.se\/wp-content\/uploads\/2023\/03\/IMG_0265-768x1170.jpg 768w, https:\/\/sekelskiftesdagarna.se\/wp-content\/uploads\/2023\/03\/IMG_0265-1008x1536.jpg 1008w, https:\/\/sekelskiftesdagarna.se\/wp-content\/uploads\/2023\/03\/IMG_0265-1345x2048.jpg 1345w, https:\/\/sekelskiftesdagarna.se\/wp-content\/uploads\/2023\/03\/IMG_0265-scaled.jpg 1681w\" sizes=\"auto, (max-width: 672px) 100vw, 672px\" \/><\/figure>\n\n\n\n<figure class=\"wp-block-image size-large\"><img loading=\"lazy\" decoding=\"async\" width=\"705\" height=\"1024\" data-id=\"601\" src=\"https:\/\/sekelskiftesdagarna.se\/wp-content\/uploads\/2023\/03\/IMG_0293-705x1024.jpg\" alt=\"\" class=\"wp-image-601\" srcset=\"https:\/\/sekelskiftesdagarna.se\/wp-content\/uploads\/2023\/03\/IMG_0293-705x1024.jpg 705w, https:\/\/sekelskiftesdagarna.se\/wp-content\/uploads\/2023\/03\/IMG_0293-206x300.jpg 206w, https:\/\/sekelskiftesdagarna.se\/wp-content\/uploads\/2023\/03\/IMG_0293-768x1116.jpg 768w, https:\/\/sekelskiftesdagarna.se\/wp-content\/uploads\/2023\/03\/IMG_0293-1057x1536.jpg 1057w, https:\/\/sekelskiftesdagarna.se\/wp-content\/uploads\/2023\/03\/IMG_0293-1409x2048.jpg 1409w, https:\/\/sekelskiftesdagarna.se\/wp-content\/uploads\/2023\/03\/IMG_0293-scaled.jpg 1762w\" sizes=\"auto, (max-width: 705px) 100vw, 705px\" \/><\/figure>\n\n\n\n<figure class=\"wp-block-image size-large\"><img loading=\"lazy\" decoding=\"async\" width=\"1024\" height=\"812\" data-id=\"594\" src=\"https:\/\/sekelskiftesdagarna.se\/wp-content\/uploads\/2023\/03\/06082022-DSC_0168-1024x812.jpg\" alt=\"\" class=\"wp-image-594\" srcset=\"https:\/\/sekelskiftesdagarna.se\/wp-content\/uploads\/2023\/03\/06082022-DSC_0168-1024x812.jpg 1024w, https:\/\/sekelskiftesdagarna.se\/wp-content\/uploads\/2023\/03\/06082022-DSC_0168-300x238.jpg 300w, https:\/\/sekelskiftesdagarna.se\/wp-content\/uploads\/2023\/03\/06082022-DSC_0168-768x609.jpg 768w, https:\/\/sekelskiftesdagarna.se\/wp-content\/uploads\/2023\/03\/06082022-DSC_0168-1536x1217.jpg 1536w, https:\/\/sekelskiftesdagarna.se\/wp-content\/uploads\/2023\/03\/06082022-DSC_0168-2048x1623.jpg 2048w\" sizes=\"auto, (max-width: 767px) 89vw, (max-width: 1000px) 54vw, (max-width: 1071px) 543px, 580px\" \/><\/figure>\n\n\n\n<figure class=\"wp-block-image size-large\"><img loading=\"lazy\" decoding=\"async\" width=\"1024\" height=\"831\" data-id=\"591\" src=\"https:\/\/sekelskiftesdagarna.se\/wp-content\/uploads\/2023\/03\/06082022-DSC_0143-1024x831.jpg\" alt=\"\" class=\"wp-image-591\" srcset=\"https:\/\/sekelskiftesdagarna.se\/wp-content\/uploads\/2023\/03\/06082022-DSC_0143-1024x831.jpg 1024w, https:\/\/sekelskiftesdagarna.se\/wp-content\/uploads\/2023\/03\/06082022-DSC_0143-300x243.jpg 300w, https:\/\/sekelskiftesdagarna.se\/wp-content\/uploads\/2023\/03\/06082022-DSC_0143-768x623.jpg 768w, https:\/\/sekelskiftesdagarna.se\/wp-content\/uploads\/2023\/03\/06082022-DSC_0143-1536x1247.jpg 1536w, https:\/\/sekelskiftesdagarna.se\/wp-content\/uploads\/2023\/03\/06082022-DSC_0143-2048x1662.jpg 2048w\" sizes=\"auto, (max-width: 767px) 89vw, (max-width: 1000px) 54vw, (max-width: 1071px) 543px, 580px\" \/><\/figure>\n\n\n\n<figure class=\"wp-block-image size-large\"><img loading=\"lazy\" decoding=\"async\" width=\"1024\" height=\"983\" data-id=\"590\" src=\"https:\/\/sekelskiftesdagarna.se\/wp-content\/uploads\/2023\/03\/06082022-DSC_0121-1024x983.jpg\" alt=\"\" class=\"wp-image-590\" srcset=\"https:\/\/sekelskiftesdagarna.se\/wp-content\/uploads\/2023\/03\/06082022-DSC_0121-1024x983.jpg 1024w, https:\/\/sekelskiftesdagarna.se\/wp-content\/uploads\/2023\/03\/06082022-DSC_0121-300x288.jpg 300w, https:\/\/sekelskiftesdagarna.se\/wp-content\/uploads\/2023\/03\/06082022-DSC_0121-768x738.jpg 768w, https:\/\/sekelskiftesdagarna.se\/wp-content\/uploads\/2023\/03\/06082022-DSC_0121-1536x1475.jpg 1536w, https:\/\/sekelskiftesdagarna.se\/wp-content\/uploads\/2023\/03\/06082022-DSC_0121-2048x1967.jpg 2048w\" sizes=\"auto, (max-width: 767px) 89vw, (max-width: 1000px) 54vw, (max-width: 1071px) 543px, 580px\" \/><\/figure>\n\n\n\n<figure class=\"wp-block-image size-large\"><img loading=\"lazy\" decoding=\"async\" width=\"1024\" height=\"683\" data-id=\"576\" src=\"https:\/\/sekelskiftesdagarna.se\/wp-content\/uploads\/2023\/03\/04082022-DSC_0230-1024x683.jpg\" alt=\"\" class=\"wp-image-576\" srcset=\"https:\/\/sekelskiftesdagarna.se\/wp-content\/uploads\/2023\/03\/04082022-DSC_0230-1024x683.jpg 1024w, https:\/\/sekelskiftesdagarna.se\/wp-content\/uploads\/2023\/03\/04082022-DSC_0230-300x200.jpg 300w, https:\/\/sekelskiftesdagarna.se\/wp-content\/uploads\/2023\/03\/04082022-DSC_0230-768x512.jpg 768w, https:\/\/sekelskiftesdagarna.se\/wp-content\/uploads\/2023\/03\/04082022-DSC_0230-1536x1024.jpg 1536w, https:\/\/sekelskiftesdagarna.se\/wp-content\/uploads\/2023\/03\/04082022-DSC_0230-2048x1365.jpg 2048w\" sizes=\"auto, (max-width: 767px) 89vw, (max-width: 1000px) 54vw, (max-width: 1071px) 543px, 580px\" \/><\/figure>\n\n\n\n<figure class=\"wp-block-image size-large\"><img loading=\"lazy\" decoding=\"async\" width=\"1024\" height=\"683\" data-id=\"588\" src=\"https:\/\/sekelskiftesdagarna.se\/wp-content\/uploads\/2023\/03\/06082022-DSC_0110-1024x683.jpg\" alt=\"\" class=\"wp-image-588\" srcset=\"https:\/\/sekelskiftesdagarna.se\/wp-content\/uploads\/2023\/03\/06082022-DSC_0110-1024x683.jpg 1024w, https:\/\/sekelskiftesdagarna.se\/wp-content\/uploads\/2023\/03\/06082022-DSC_0110-300x200.jpg 300w, https:\/\/sekelskiftesdagarna.se\/wp-content\/uploads\/2023\/03\/06082022-DSC_0110-768x512.jpg 768w, https:\/\/sekelskiftesdagarna.se\/wp-content\/uploads\/2023\/03\/06082022-DSC_0110-1536x1024.jpg 1536w, https:\/\/sekelskiftesdagarna.se\/wp-content\/uploads\/2023\/03\/06082022-DSC_0110-2048x1365.jpg 2048w\" sizes=\"auto, (max-width: 767px) 89vw, (max-width: 1000px) 54vw, (max-width: 1071px) 543px, 580px\" \/><\/figure>\n<\/figure>\n\n\n\n<figure class=\"wp-block-embed is-type-video is-provider-youtube wp-block-embed-youtube wp-embed-aspect-16-9 wp-has-aspect-ratio\"><div class=\"wp-block-embed__wrapper\">\n<iframe loading=\"lazy\" title=\"Sekelskiftesdagarna 2022 trailer\" width=\"525\" height=\"295\" src=\"https:\/\/www.youtube.com\/embed\/bXsqUVNRUaY?feature=oembed\" frameborder=\"0\" allow=\"accelerometer; autoplay; clipboard-write; encrypted-media; gyroscope; picture-in-picture; web-share\" referrerpolicy=\"strict-origin-when-cross-origin\" allowfullscreen><\/iframe>\n<\/div><\/figure>\n\n\n\n<figure class=\"wp-block-embed is-type-video is-provider-youtube wp-block-embed-youtube wp-embed-aspect-16-9 wp-has-aspect-ratio\"><div class=\"wp-block-embed__wrapper\">\n<iframe loading=\"lazy\" title=\"Kung\u00e4lvs Musikk\u00e5r p\u00e5 Sekelskiftesdagarna\" width=\"525\" height=\"295\" src=\"https:\/\/www.youtube.com\/embed\/B0PcQ-y-ooM?feature=oembed\" frameborder=\"0\" allow=\"accelerometer; autoplay; clipboard-write; encrypted-media; gyroscope; picture-in-picture; web-share\" referrerpolicy=\"strict-origin-when-cross-origin\" allowfullscreen><\/iframe>\n<\/div><\/figure>\n\n\n\n<figure class=\"wp-block-embed is-type-video is-provider-youtube wp-block-embed-youtube wp-embed-aspect-16-9 wp-has-aspect-ratio\"><div class=\"wp-block-embed__wrapper\">\n<iframe loading=\"lazy\" title=\"Ungdomskonsert 2022\" width=\"525\" height=\"295\" src=\"https:\/\/www.youtube.com\/embed\/b_7J0P5tOPk?feature=oembed\" frameborder=\"0\" allow=\"accelerometer; autoplay; clipboard-write; encrypted-media; gyroscope; picture-in-picture; web-share\" referrerpolicy=\"strict-origin-when-cross-origin\" allowfullscreen><\/iframe>\n<\/div><\/figure>\n\n\n\n<figure class=\"wp-block-embed is-type-video is-provider-youtube wp-block-embed-youtube wp-embed-aspect-16-9 wp-has-aspect-ratio\"><div class=\"wp-block-embed__wrapper\">\n<iframe loading=\"lazy\" title=\"Kung Oscar II anl\u00e4nder till Sekelskiftesdagarna 2022\" width=\"525\" height=\"295\" src=\"https:\/\/www.youtube.com\/embed\/BmidIVb8tSU?feature=oembed\" frameborder=\"0\" allow=\"accelerometer; autoplay; clipboard-write; encrypted-media; gyroscope; picture-in-picture; web-share\" referrerpolicy=\"strict-origin-when-cross-origin\" allowfullscreen><\/iframe>\n<\/div><\/figure>\n\n\n\n<figure class=\"wp-block-embed is-type-video is-provider-youtube wp-block-embed-youtube wp-embed-aspect-16-9 wp-has-aspect-ratio\"><div class=\"wp-block-embed__wrapper\">\n<iframe loading=\"lazy\" title=\"Fler delar av Sekelskiftesdagarna\" width=\"525\" height=\"295\" src=\"https:\/\/www.youtube.com\/embed\/9gnNP6E2Lkg?feature=oembed\" frameborder=\"0\" allow=\"accelerometer; autoplay; clipboard-write; encrypted-media; gyroscope; picture-in-picture; web-share\" referrerpolicy=\"strict-origin-when-cross-origin\" allowfullscreen><\/iframe>\n<\/div><\/figure>\n","protected":false},"excerpt":{"rendered":"<p>Sekelskiftesdagarna gjorde succ\u00e9 i \u00e5r ute p\u00e5 Marstrand! Vi hade runt 15 000 bes\u00f6kare och vi var m\u00e5nga som gjorde dagarna m\u00f6jliga. N\u00e5gra nytillkomna var teatergruppen Happy Clown och jongl\u00f6ren Hugo Rosvall, roligt att ni var med! Ett extra tack till alla er som varit med i n\u00e5gra \u00e5r nu, ni f\u00e5r oss att g\u00e5 &hellip; <\/p>\n<p class=\"link-more\"><a href=\"https:\/\/sekelskiftesdagarna.se\/sv_se\/sekelskiftesdagarna-2022-2\/\" class=\"more-link\">Forts\u00e4tt l\u00e4sa<span class=\"screen-reader-text\"> \u201dSekelskiftesdagarna 2022\u201d<\/span><\/a><\/p>\n","protected":false},"author":3,"featured_media":0,"parent":0,"menu_order":0,"comment_status":"closed","ping_status":"closed","template":"","meta":{"_oct_exclude_from_cache":false,"footnotes":""},"class_list":["post-1158","page","type-page","status-publish","hentry"],"_links":{"self":[{"href":"https:\/\/sekelskiftesdagarna.se\/sv_se\/wp-json\/wp\/v2\/pages\/1158","targetHints":{"allow":["GET"]}}],"collection":[{"href":"https:\/\/sekelskiftesdagarna.se\/sv_se\/wp-json\/wp\/v2\/pages"}],"about":[{"href":"https:\/\/sekelskiftesdagarna.se\/sv_se\/wp-json\/wp\/v2\/types\/page"}],"author":[{"embeddable":true,"href":"https:\/\/sekelskiftesdagarna.se\/sv_se\/wp-json\/wp\/v2\/users\/3"}],"replies":[{"embeddable":true,"href":"https:\/\/sekelskiftesdagarna.se\/sv_se\/wp-json\/wp\/v2\/comments?post=1158"}],"version-history":[{"count":0,"href":"https:\/\/sekelskiftesdagarna.se\/sv_se\/wp-json\/wp\/v2\/pages\/1158\/revisions"}],"wp:attachment":[{"href":"https:\/\/sekelskiftesdagarna.se\/sv_se\/wp-json\/wp\/v2\/media?parent=1158"}],"curies":[{"name":"wp","href":"https:\/\/api.w.org\/{rel}","templated":true}]}}