{"id":665,"date":"2023-03-01T15:19:35","date_gmt":"2023-03-01T14:19:35","guid":{"rendered":"https:\/\/sekelskiftes.wpengine.com\/?page_id=665"},"modified":"2023-03-02T09:36:27","modified_gmt":"2023-03-02T08:36:27","slug":"vara-hjaltar","status":"publish","type":"page","link":"https:\/\/sekelskiftesdagarna.se\/en\/vara-hjaltar\/","title":{"rendered":"Our heroes"},"content":{"rendered":"<div class=\"wp-block-group\"><div class=\"wp-block-group__inner-container is-layout-constrained wp-block-group-is-layout-constrained\">\n<h2 class=\"wp-block-heading translation-block\">Without these heroes our festival would have been nothing. We have great gratidue to you.<\/h2>\n\n\n\n<p>All the youths who work at the festival with singing, dancing, theatre, documenting and playing with the children who visit the festival.<br>Anders Arnell alias King Oscar II<br>Anette S\u00f6rgren from the Swedish 1800s party<br>Britt Johansson with her lovely T-fords<br>Christina Svensson who knows everything about Marstrand and does a gudied tour in chruch on Marstrand<br>Cynthia Persson who plays both Lice-Anna and Selma Lagerl\u00f6f <br>and Marion Larsson who plays the friend of Cynthia<br>Eiwe Svanberg who is commander of the fortress<br>G\u00f6ran Kristensson who does tours on Marstrand<br>Julia who rides Shirehorses<br>Mats Erasmie and his lecture about the emigration in the 1800's<br>Mikael Thomasson the storyteller<br>Staffan Karlsson and his car \"Gustaf V's hunting car\"<\/p>\n\n\n\n<div class=\"wp-block-group\"><div class=\"wp-block-group__inner-container is-layout-constrained wp-block-group-is-layout-constrained\">\n<h2 class=\"wp-block-heading\">Recurring salespeople at our fair<\/h2>\n\n\n\n<p>Mimmi Textil &#8211; <a href=\"https:\/\/www.mimmitextil.se\/\" target=\"_blank\" rel=\"noreferrer noopener\">https:\/\/www.mimmitextil.se\/<\/a><br>F\u00e5rg\u00e5rden i Stala &#8211; <a href=\"http:\/\/www.fargarden.se\/\" target=\"_blank\" rel=\"noreferrer noopener\">http:\/\/www.fargarden.se\/<\/a><br>T\u00f6ll\u00e5s F\u00e5rg\u00e5rd &#8211; <a href=\"https:\/\/fargard.se\/\" target=\"_blank\" rel=\"noreferrer noopener\">https:\/\/fargard.se\/<\/a><br>Repslagarmus\u00e9et &#8211; <a href=\"https:\/\/repslagarbanan.se\/\" target=\"_blank\" rel=\"noreferrer noopener\">https:\/\/repslagarbanan.se\/<\/a><br>Osthyveln &#8211; <a href=\"https:\/\/cheeseonwheels.se\/\" target=\"_blank\" rel=\"noreferrer noopener\">https:\/\/cheeseonwheels.se\/<\/a><br>Cc \u0301s havtorns delikatesser &#8211; <a href=\"http:\/\/www.cclaxhavtorn.se\/\" target=\"_blank\" rel=\"noreferrer noopener\">http:\/\/www.cclaxhavtorn.se\/<\/a><br>Marstrands Hembygdsf\u00f6rening &#8211; <a href=\"https:\/\/www.hembygd.se\/marstrand\" target=\"_blank\" rel=\"noreferrer noopener\">https:\/\/www.hembygd.se\/marstrand<\/a><\/p>\n<\/div><\/div>\n<\/div><\/div>","protected":false},"excerpt":{"rendered":"<p>Ett urval av v\u00e5ra Hj\u00e4ltar utan vars insats v\u00e5ra dagar inte hade varit n\u00e5gonting. Alla v\u00e5ra sommarungdomar som sjunger, spelar, spelar teater, dansar, leker med barn, filmar och fotar dagarnaAnders Arnell alias Oscar IIAnette S\u00f6rgren fr\u00e5n Svenska 1800-tals s\u00e4llskapetBritt Johansson med sina underbara T-fordarChristina Svensson som kan allt om Marstrands Kyrka och visar runt och &hellip; <\/p>\n<p class=\"link-more\"><a href=\"https:\/\/sekelskiftesdagarna.se\/en\/vara-hjaltar\/\" class=\"more-link\">Continue reading<span class=\"screen-reader-text\"> &#8221;V\u00e5ra hj\u00e4ltar&#8221;<\/span><\/a><\/p>","protected":false},"author":3,"featured_media":0,"parent":0,"menu_order":0,"comment_status":"closed","ping_status":"closed","template":"","meta":{"_oct_exclude_from_cache":false,"footnotes":""},"class_list":["post-665","page","type-page","status-publish","hentry"],"_links":{"self":[{"href":"https:\/\/sekelskiftesdagarna.se\/en\/wp-json\/wp\/v2\/pages\/665","targetHints":{"allow":["GET"]}}],"collection":[{"href":"https:\/\/sekelskiftesdagarna.se\/en\/wp-json\/wp\/v2\/pages"}],"about":[{"href":"https:\/\/sekelskiftesdagarna.se\/en\/wp-json\/wp\/v2\/types\/page"}],"author":[{"embeddable":true,"href":"https:\/\/sekelskiftesdagarna.se\/en\/wp-json\/wp\/v2\/users\/3"}],"replies":[{"embeddable":true,"href":"https:\/\/sekelskiftesdagarna.se\/en\/wp-json\/wp\/v2\/comments?post=665"}],"version-history":[{"count":0,"href":"https:\/\/sekelskiftesdagarna.se\/en\/wp-json\/wp\/v2\/pages\/665\/revisions"}],"wp:attachment":[{"href":"https:\/\/sekelskiftesdagarna.se\/en\/wp-json\/wp\/v2\/media?parent=665"}],"curies":[{"name":"wp","href":"https:\/\/api.w.org\/{rel}","templated":true}]}}