{"id":434,"date":"2023-02-28T08:31:19","date_gmt":"2023-02-28T07:31:19","guid":{"rendered":"https:\/\/sekelskiftes.wpengine.com\/?page_id=434"},"modified":"2025-08-24T17:26:57","modified_gmt":"2025-08-24T15:26:57","slug":"styrelsen-2","status":"publish","type":"page","link":"https:\/\/sekelskiftesdagarna.se\/en\/styrelsen-2\/","title":{"rendered":"The board"},"content":{"rendered":"<div class=\"wp-block-media-text alignwide has-media-on-the-right is-stacked-on-mobile is-image-fill-element\"><div class=\"wp-block-media-text__content\">\n<p><strong>Chairman<\/strong><br>Bo Wallmander <br>+46(0)768812040<br><a href=\"mailto:bobo@wallmanderco.se\">bobo@wallmanderco.se<\/a><br>Kulper\u00f6dsv\u00e4gen 30<br>442 95 H\u00e5lta<\/p>\n<\/div><figure class=\"wp-block-media-text__media\"><img loading=\"lazy\" decoding=\"async\" width=\"692\" height=\"388\" src=\"https:\/\/sekelskiftes.wpengine.com\/wp-content\/uploads\/2023\/03\/Bo-Wallmander-1.jpg\" alt=\"\" class=\"wp-image-788 size-full\" style=\"object-position:2% 8%\" srcset=\"https:\/\/sekelskiftesdagarna.se\/wp-content\/uploads\/2023\/03\/Bo-Wallmander-1.jpg 692w, https:\/\/sekelskiftesdagarna.se\/wp-content\/uploads\/2023\/03\/Bo-Wallmander-1-300x168.jpg 300w\" sizes=\"auto, (max-width: 692px) 100vw, 692px\" \/><\/figure><\/div>\n\n\n\n<div class=\"wp-block-media-text has-media-on-the-right is-stacked-on-mobile\"><div class=\"wp-block-media-text__content\">\n<p><strong>Kass\u00f6r<\/strong><br>Jan Arvidsson <br>+46(0)705116965<br><a href=\"mailto:karsv14@gmail.com\"><\/a><a href=\"mailto:Jan.e.g.arvidsson@gmail.com\">jan.e.g.arvidsson@gmail.com<\/a><\/p>\n<\/div><figure class=\"wp-block-media-text__media\"><img loading=\"lazy\" decoding=\"async\" width=\"1024\" height=\"924\" src=\"https:\/\/sekelskiftesdagarna.se\/wp-content\/uploads\/2025\/08\/Adobe-Express-file-1024x924.jpg\" alt=\"\" class=\"wp-image-1720 size-full\" srcset=\"https:\/\/sekelskiftesdagarna.se\/wp-content\/uploads\/2025\/08\/Adobe-Express-file-1024x924.jpg 1024w, https:\/\/sekelskiftesdagarna.se\/wp-content\/uploads\/2025\/08\/Adobe-Express-file-300x271.jpg 300w, https:\/\/sekelskiftesdagarna.se\/wp-content\/uploads\/2025\/08\/Adobe-Express-file-768x693.jpg 768w, https:\/\/sekelskiftesdagarna.se\/wp-content\/uploads\/2025\/08\/Adobe-Express-file-1536x1386.jpg 1536w, https:\/\/sekelskiftesdagarna.se\/wp-content\/uploads\/2025\/08\/Adobe-Express-file-2048x1848.jpg 2048w, https:\/\/sekelskiftesdagarna.se\/wp-content\/uploads\/2025\/08\/Adobe-Express-file-13x12.jpg 13w\" sizes=\"auto, (max-width: 767px) 89vw, (max-width: 1000px) 54vw, (max-width: 1071px) 543px, 580px\" \/><\/figure><\/div>\n\n\n\n<div class=\"wp-block-media-text alignwide has-media-on-the-right is-stacked-on-mobile is-image-fill-element\"><div class=\"wp-block-media-text__content\">\n<p><strong>Commissioner<\/strong><br>Karin Harryson<br>+46(0)702450345<br><a href=\"mailto:karsv14@gmail.com\">karsv14@gmail.com<\/a><\/p>\n<\/div><figure class=\"wp-block-media-text__media\"><img loading=\"lazy\" decoding=\"async\" width=\"318\" height=\"423\" src=\"https:\/\/sekelskiftes.wpengine.com\/wp-content\/uploads\/2023\/03\/Karin.jpg\" alt=\"\" class=\"wp-image-795 size-full\" style=\"object-position:51% 0%\" srcset=\"https:\/\/sekelskiftesdagarna.se\/wp-content\/uploads\/2023\/03\/Karin.jpg 318w, https:\/\/sekelskiftesdagarna.se\/wp-content\/uploads\/2023\/03\/Karin-226x300.jpg 226w\" sizes=\"auto, (max-width: 318px) 100vw, 318px\" \/><\/figure><\/div>\n\n\n\n<div class=\"wp-block-media-text alignwide has-media-on-the-right is-stacked-on-mobile\"><div class=\"wp-block-media-text__content\">\n<p><strong>Commissioner<\/strong><br>Jan Eliasson<br>+46(0)707666770<br><a href=\"mailto:ekis99@gmail.com\">eliassons.storband@telia.com<\/a><\/p>\n<\/div><figure class=\"wp-block-media-text__media\"><img loading=\"lazy\" decoding=\"async\" width=\"1024\" height=\"974\" src=\"https:\/\/sekelskiftesdagarna.se\/wp-content\/uploads\/2023\/06\/4Y1A891h-2-1024x974.jpg\" alt=\"\" class=\"wp-image-993 size-full\" srcset=\"https:\/\/sekelskiftesdagarna.se\/wp-content\/uploads\/2023\/06\/4Y1A891h-2-1024x974.jpg 1024w, https:\/\/sekelskiftesdagarna.se\/wp-content\/uploads\/2023\/06\/4Y1A891h-2-300x285.jpg 300w, https:\/\/sekelskiftesdagarna.se\/wp-content\/uploads\/2023\/06\/4Y1A891h-2-768x730.jpg 768w, https:\/\/sekelskiftesdagarna.se\/wp-content\/uploads\/2023\/06\/4Y1A891h-2-1536x1461.jpg 1536w, https:\/\/sekelskiftesdagarna.se\/wp-content\/uploads\/2023\/06\/4Y1A891h-2-2048x1948.jpg 2048w\" sizes=\"auto, (max-width: 767px) 89vw, (max-width: 1000px) 54vw, (max-width: 1071px) 543px, 580px\" \/><\/figure><\/div>\n\n\n\n<div class=\"wp-block-media-text alignwide has-media-on-the-right is-stacked-on-mobile is-image-fill-element\"><div class=\"wp-block-media-text__content\">\n<p><strong>Commissioner<\/strong><br>Meta Grunden<br>+46(0)706560904<br><a href=\"mailto:meta.grunden@gmail.com\">meta.grunden@gmail.com<\/a><\/p>\n<\/div><figure class=\"wp-block-media-text__media\"><img loading=\"lazy\" decoding=\"async\" width=\"983\" height=\"1024\" src=\"https:\/\/sekelskiftesdagarna.se\/wp-content\/uploads\/2023\/06\/Meta-Grdunden5762-983x1024.jpg\" alt=\"\" class=\"wp-image-990 size-full\" style=\"object-position:50% 50%\" srcset=\"https:\/\/sekelskiftesdagarna.se\/wp-content\/uploads\/2023\/06\/Meta-Grdunden5762-983x1024.jpg 983w, https:\/\/sekelskiftesdagarna.se\/wp-content\/uploads\/2023\/06\/Meta-Grdunden5762-288x300.jpg 288w, https:\/\/sekelskiftesdagarna.se\/wp-content\/uploads\/2023\/06\/Meta-Grdunden5762-768x800.jpg 768w, https:\/\/sekelskiftesdagarna.se\/wp-content\/uploads\/2023\/06\/Meta-Grdunden5762-1474x1536.jpg 1474w, https:\/\/sekelskiftesdagarna.se\/wp-content\/uploads\/2023\/06\/Meta-Grdunden5762-1966x2048.jpg 1966w\" sizes=\"auto, (max-width: 767px) 89vw, (max-width: 1000px) 54vw, (max-width: 1071px) 543px, 580px\" \/><\/figure><\/div>\n\n\n\n<div class=\"wp-block-media-text alignwide has-media-on-the-right is-stacked-on-mobile\"><div class=\"wp-block-media-text__content\">\n<p><strong>Commissioner<\/strong><br>Alex Reuter<br>+46(0)738163146<br><a href=\"mailto:alexandra.reuter@gmail.com\">alexandra.reuter@gmail.com<\/a><\/p>\n<\/div><figure class=\"wp-block-media-text__media\"><img loading=\"lazy\" decoding=\"async\" width=\"1020\" height=\"1024\" src=\"https:\/\/sekelskiftesdagarna.se\/wp-content\/uploads\/2023\/07\/Alex-Reuter6212-1020x1024.jpg\" alt=\"\" class=\"wp-image-1034 size-full\" srcset=\"https:\/\/sekelskiftesdagarna.se\/wp-content\/uploads\/2023\/07\/Alex-Reuter6212-1020x1024.jpg 1020w, https:\/\/sekelskiftesdagarna.se\/wp-content\/uploads\/2023\/07\/Alex-Reuter6212-300x300.jpg 300w, https:\/\/sekelskiftesdagarna.se\/wp-content\/uploads\/2023\/07\/Alex-Reuter6212-150x150.jpg 150w, https:\/\/sekelskiftesdagarna.se\/wp-content\/uploads\/2023\/07\/Alex-Reuter6212-768x771.jpg 768w, https:\/\/sekelskiftesdagarna.se\/wp-content\/uploads\/2023\/07\/Alex-Reuter6212-1530x1536.jpg 1530w, https:\/\/sekelskiftesdagarna.se\/wp-content\/uploads\/2023\/07\/Alex-Reuter6212-2040x2048.jpg 2040w, https:\/\/sekelskiftesdagarna.se\/wp-content\/uploads\/2023\/07\/Alex-Reuter6212-12x12.jpg 12w, https:\/\/sekelskiftesdagarna.se\/wp-content\/uploads\/2023\/07\/Alex-Reuter6212-100x100.jpg 100w\" sizes=\"auto, (max-width: 767px) 89vw, (max-width: 1000px) 54vw, (max-width: 1071px) 543px, 580px\" \/><\/figure><\/div>\n\n\n\n<div class=\"wp-block-media-text alignwide has-media-on-the-right is-stacked-on-mobile\"><div class=\"wp-block-media-text__content\">\n<p><strong>Commissioner<\/strong><br>Britt Johansson<br>+46(0)739584537<br><a href=\"mailto:b11.britt@outlook.com\">b11.britt@outlook.com<\/a><\/p>\n<\/div><figure class=\"wp-block-media-text__media\"><img loading=\"lazy\" decoding=\"async\" width=\"1024\" height=\"1024\" src=\"https:\/\/sekelskiftesdagarna.se\/wp-content\/uploads\/2023\/07\/Britt-Johansson6213-1024x1024.jpg\" alt=\"\" class=\"wp-image-1036 size-full\" srcset=\"https:\/\/sekelskiftesdagarna.se\/wp-content\/uploads\/2023\/07\/Britt-Johansson6213-1024x1024.jpg 1024w, https:\/\/sekelskiftesdagarna.se\/wp-content\/uploads\/2023\/07\/Britt-Johansson6213-300x300.jpg 300w, https:\/\/sekelskiftesdagarna.se\/wp-content\/uploads\/2023\/07\/Britt-Johansson6213-150x150.jpg 150w, https:\/\/sekelskiftesdagarna.se\/wp-content\/uploads\/2023\/07\/Britt-Johansson6213-768x768.jpg 768w, https:\/\/sekelskiftesdagarna.se\/wp-content\/uploads\/2023\/07\/Britt-Johansson6213-1536x1536.jpg 1536w, https:\/\/sekelskiftesdagarna.se\/wp-content\/uploads\/2023\/07\/Britt-Johansson6213-2048x2048.jpg 2048w, https:\/\/sekelskiftesdagarna.se\/wp-content\/uploads\/2023\/07\/Britt-Johansson6213-12x12.jpg 12w, https:\/\/sekelskiftesdagarna.se\/wp-content\/uploads\/2023\/07\/Britt-Johansson6213-100x100.jpg 100w\" sizes=\"auto, (max-width: 767px) 89vw, (max-width: 1000px) 54vw, (max-width: 1071px) 543px, 580px\" \/><\/figure><\/div>\n\n\n\n<div class=\"wp-block-media-text alignwide has-media-on-the-right is-stacked-on-mobile is-image-fill-element\"><div class=\"wp-block-media-text__content\">\n<p><strong>Alternate and secretary<\/strong><br>G\u00f6ran Kristensson<br>+46(0)707954502<br><a href=\"mailto:goran.kristensson@telia.com\">goran.kristensson@telia.com<\/a><\/p>\n<\/div><figure class=\"wp-block-media-text__media\"><img loading=\"lazy\" decoding=\"async\" width=\"349\" height=\"523\" src=\"https:\/\/sekelskiftes.wpengine.com\/wp-content\/uploads\/2023\/03\/Goran-K.jpg\" alt=\"\" class=\"wp-image-793 size-full\" style=\"object-position:57% 22%\" srcset=\"https:\/\/sekelskiftesdagarna.se\/wp-content\/uploads\/2023\/03\/Goran-K.jpg 349w, https:\/\/sekelskiftesdagarna.se\/wp-content\/uploads\/2023\/03\/Goran-K-200x300.jpg 200w\" sizes=\"auto, (max-width: 349px) 100vw, 349px\" \/><\/figure><\/div>","protected":false},"excerpt":{"rendered":"<p>Ordf\u00f6randeBo Wallmander +46(0)768812040bobo@wallmanderco.seKulper\u00f6dsv\u00e4gen 30442 95 H\u00e5lta Kass\u00f6rJan Arvidsson +46(0)705116965jan.e.g.arvidsson@gmail.com LedamotKarin Harryson+46(0)702450345karsv14@gmail.com LedamotJan Eliasson+46(0)707666770eliassons.storband@telia.com LedamotMeta Grunden+46(0)706560904meta.grunden@gmail.com LeadamotAlex Reuter+46(0)738163146alexandra.reuter@gmail.com LedamotBritt Johansson+46(0)739584537b11.britt@outlook.com Suppleant och sekretareG\u00f6ran Kristensson+46(0)707954502goran.kristensson@telia.com<\/p>","protected":false},"author":3,"featured_media":0,"parent":0,"menu_order":0,"comment_status":"closed","ping_status":"closed","template":"","meta":{"_oct_exclude_from_cache":false,"footnotes":""},"class_list":["post-434","page","type-page","status-publish","hentry"],"_links":{"self":[{"href":"https:\/\/sekelskiftesdagarna.se\/en\/wp-json\/wp\/v2\/pages\/434","targetHints":{"allow":["GET"]}}],"collection":[{"href":"https:\/\/sekelskiftesdagarna.se\/en\/wp-json\/wp\/v2\/pages"}],"about":[{"href":"https:\/\/sekelskiftesdagarna.se\/en\/wp-json\/wp\/v2\/types\/page"}],"author":[{"embeddable":true,"href":"https:\/\/sekelskiftesdagarna.se\/en\/wp-json\/wp\/v2\/users\/3"}],"replies":[{"embeddable":true,"href":"https:\/\/sekelskiftesdagarna.se\/en\/wp-json\/wp\/v2\/comments?post=434"}],"version-history":[{"count":0,"href":"https:\/\/sekelskiftesdagarna.se\/en\/wp-json\/wp\/v2\/pages\/434\/revisions"}],"wp:attachment":[{"href":"https:\/\/sekelskiftesdagarna.se\/en\/wp-json\/wp\/v2\/media?parent=434"}],"curies":[{"name":"wp","href":"https:\/\/api.w.org\/{rel}","templated":true}]}}