{"id":375,"date":"2023-01-30T13:53:44","date_gmt":"2023-01-30T12:53:44","guid":{"rendered":"https:\/\/sekelskiftesdagarna.kxfh.se\/?page_id=2"},"modified":"2023-11-30T12:53:10","modified_gmt":"2023-11-30T11:53:10","slug":"exempelsida-2","status":"publish","type":"page","link":"https:\/\/sekelskiftesdagarna.se\/en\/exempelsida-2\/","title":{"rendered":"About the association"},"content":{"rendered":"<p class=\"has-text-align-left\">The Victorian days are operated by a non profit organization called<br> &#8221;Sekelskiftesdagarna i Marstrand ideella f\u00f6rening\u201d.<\/p>\n\n\n\n<p class=\"has-text-align-left\">The organizations purpose is to realize the Victorian Days.<\/p>\n\n\n\n<p>The association shall fulfill its purpose by planning, organizing, and conducting the Victorian days in Marstrand every year. The association shall work to broaden opportunities for cultural events in theater, music, dance, and ways to contribute to cultural development. The association shall also strive for its members to participate by wearing appropriate attire during the Victorian Days.<\/p>","protected":false},"excerpt":{"rendered":"<p>Sekelskiftesdagarna drivs sedan 2015 av en ideell f\u00f6rening vid namn &#8221;Sekelskiftesdagarna i Marstrand ideella f\u00f6rening\u201d. F\u00f6reningen har till \u00e4ndam\u00e5l att genomf\u00f6ra Marstrands Sekelskiftesdagar. F\u00f6reningen ska uppfylla sitt \u00e4ndam\u00e5l genom att planera, organisera och genomf\u00f6ra sekelskiftesdagar i Marstrand varje \u00e5r. F\u00f6reningen ska verka genom att bredda m\u00f6jligheter f\u00f6r kulturevenemang inom teater, musik, dans och d\u00e4rtill liknande &hellip; <\/p>\n<p class=\"link-more\"><a href=\"https:\/\/sekelskiftesdagarna.se\/en\/exempelsida-2\/\" class=\"more-link\">Continue reading<span class=\"screen-reader-text\"> &#8221;Om f\u00f6reningen&#8221;<\/span><\/a><\/p>","protected":false},"author":3,"featured_media":0,"parent":0,"menu_order":0,"comment_status":"closed","ping_status":"closed","template":"","meta":{"_oct_exclude_from_cache":false,"footnotes":""},"class_list":["post-375","page","type-page","status-publish","hentry"],"_links":{"self":[{"href":"https:\/\/sekelskiftesdagarna.se\/en\/wp-json\/wp\/v2\/pages\/375","targetHints":{"allow":["GET"]}}],"collection":[{"href":"https:\/\/sekelskiftesdagarna.se\/en\/wp-json\/wp\/v2\/pages"}],"about":[{"href":"https:\/\/sekelskiftesdagarna.se\/en\/wp-json\/wp\/v2\/types\/page"}],"author":[{"embeddable":true,"href":"https:\/\/sekelskiftesdagarna.se\/en\/wp-json\/wp\/v2\/users\/3"}],"replies":[{"embeddable":true,"href":"https:\/\/sekelskiftesdagarna.se\/en\/wp-json\/wp\/v2\/comments?post=375"}],"version-history":[{"count":0,"href":"https:\/\/sekelskiftesdagarna.se\/en\/wp-json\/wp\/v2\/pages\/375\/revisions"}],"wp:attachment":[{"href":"https:\/\/sekelskiftesdagarna.se\/en\/wp-json\/wp\/v2\/media?parent=375"}],"curies":[{"name":"wp","href":"https:\/\/api.w.org\/{rel}","templated":true}]}}