{"id":149,"date":"2023-02-06T11:14:15","date_gmt":"2023-02-06T10:14:15","guid":{"rendered":"https:\/\/sekelskiftesdagarna.kxfh.se\/?page_id=149"},"modified":"2023-02-28T12:06:09","modified_gmt":"2023-02-28T11:06:09","slug":"stadgar","status":"publish","type":"page","link":"https:\/\/sekelskiftesdagarna.se\/en\/stadgar\/","title":{"rendered":"Bylaws"},"content":{"rendered":"<h2 class=\"wp-block-heading\">Bylaws for Sekelskiftesdagarna in Marstrands non profit organization<\/h2>\n\n\n\n<h3 class=\"wp-block-heading\"><strong>\u00a7 1 The organizations name<\/strong><\/h3>\n\n\n\n<p class=\"has-medium-font-size\"><strong>Sekelskiftesdagarna in Marstrands non profit organization<\/strong><\/p>\n\n\n\n<h3 class=\"wp-block-heading\"><strong>\u00a7 2 The organizations purpose<\/strong><\/h3>\n\n\n\n<p>The organizations purpose is to realize the Victorian Days.<br><br>The organization shall fulfill its purpose by planning, organizing and realize the Victorian Days in Marstrand every year. The organization shall work by broadening opportunities for cultural events in theatre, music, dance and in addition contribute to cultural development. The organization must also work to ensure that its members participate by wearing appropriate clothing during the Victorian Days.<\/p>\n\n\n\n<h3 class=\"wp-block-heading\"><strong>\u00a7 3 The organization has their residence in Marstrand, Kung\u00e4lv municipality<\/strong><\/h3>\n\n\n\n<h3 class=\"wp-block-heading\"><strong>\u00a7 4 Membership<\/strong><\/h3>\n\n\n\n<p>A member of the association is someone who wishes to contribute to the association's objectives and commits to following the association's statutes.<\/p>\n\n\n\n<h3 class=\"wp-block-heading\"><strong>\u00a7 5 Membership Fees<\/strong><\/h3>\n\n\n\n<p>Members shall pay the membership fee annually as determined by the annual general meeting.<\/p>\n\n\n\n<h3 class=\"wp-block-heading\"><strong>\u00a7 6 The Board<\/strong><\/h3>\n\n\n\n<p>The board consists of a chairman, at least 5 other members, along with 2 substitutes. Within the board, a vice chairman, secretary, treasurer, and any other members the association deems necessary are appointed. In case of absence, a substitute member fills in. If a member resigns before the end of their term, a substitute member takes their place until the next annual general meeting.<\/p>\n\n\n\n<h3 class=\"wp-block-heading\"><strong>\u00a7 7 Responsibilities of the Board<\/strong><\/h3>\n\n\n\n<p>The board represents the association, safeguards its interests, and manages its affairs. The board decides on behalf of the association unless otherwise specified in these statutes. The board shall implement decisions made by the annual general meeting, manage the financial affairs of the association and keep accounts, and present the annual report to the annual meeting for the latest financial year. The board convenes when the chairman deems it necessary or if at least three board members request it.<br><br>The board is quorate when at least 3 people are present. Board decisions are made by a simple majority. In case of a tie, the opinion supported by the chairman prevails; however, in the event of a tie in elections, the decision is made by drawing lots.<\/p>\n\n\n\n<p>The association's signature is signed by the chairman or treasurer of the association within the amount determined by the board. For amounts larger than what the board decides, documented board resolution is required before the chairman or treasurer can sign on behalf of the association.<\/p>\n\n\n\n<h3 class=\"wp-block-heading\"><strong>\u00a7 8 Accounts<\/strong><\/h3>\n\n\n\n<p>The financial year shall be the calendar year.<br>The board's annual report shall be submitted to the association's auditors no later than March 1st.<\/p>\n\n\n\n<h3 class=\"wp-block-heading\"><strong> \u00a7 9 Auditors<\/strong><\/h3>\n\n\n\n<p>The board's administration shall be audited annually by an auditor appointed at the annual general meeting. The auditor shall submit their audit report no later than April 1st.<\/p>\n\n\n\n<h3 class=\"wp-block-heading\"><strong>\u00a7 10 Annual General Meeting<\/strong><\/h3>\n\n\n\n<p>The regular annual general meeting, which is the highest decision-making body of the association, is held annually before the 30th of April at a time and place determined by the board. A written notice shall be sent to all members no later than 14 days before the regular annual general meeting and no later than 14 days before an extraordinary general meeting.<br><br>At the regular annual general meeting, the following items of business shall be addressed:<\/p>\n\n\n\n<ol class=\"wp-block-list\">\n<li>Election of chairman and secretary for the meeting.<\/li>\n\n\n\n<li>Establishment of the voter list for the meeting.<\/li>\n\n\n\n<li>Election of minutes approver and vote counter.<\/li>\n\n\n\n<li>Question regarding the proper announcement of the meeting.<\/li>\n\n\n\n<li>Approval of the agenda.<\/li>\n\n\n\n<li>a) The board's activity report for the latest fiscal year.<br>b) The board's management report (balance sheet and income statement) for the latest operational\/financial year.<\/li>\n\n\n\n<li>The audit report for the operational\/financial year.<\/li>\n\n\n\n<li>Question of discharge of liability for the board for the period under review.<\/li>\n\n\n\n<li>Approval of membership fees.<\/li>\n\n\n\n<li>Approval of any activity plan and consideration of the budget for the upcoming operational\/financial year.<\/li>\n\n\n\n<li>Election of the president\/chairperson of the association for a term of 2 years.<\/li>\n\n\n\n<li>Election of 3 board members and substitutes for a term of 1 year, and election of 2 board members for a term of 2 years.<\/li>\n\n\n\n<li>A nominating committee consisting of two persons is appointed for a period of one year.<\/li>\n\n\n\n<li>Election of auditor and deputy auditor.<\/li>\n\n\n\n<li>Consideration of the board's proposals and motions submitted three weeks prior to the annual general meeting.<\/li>\n\n\n\n<li>Any other business.<\/li>\n<\/ol>\n\n\n\n<p>Decisions on matters of significant financial importance for the association or its members may not be made if they were not included in the meeting agenda.<\/p>\n\n\n\n<h3 class=\"wp-block-heading\"><strong>\u00a7 11 Extraordinary General Meeting<\/strong><\/h3>\n\n\n\n<p>An extraordinary general meeting is held when the board or the auditor deems it necessary or when at least 1\/10 of the association's members demand it through a written request to the board. <br>The request should specify the matter or matters that the members want the meeting to address. <br>At an extraordinary general meeting, only the matters specified in the notice may be addressed.<\/p>\n\n\n\n<h3 class=\"wp-block-heading\"><strong>\u00a7 12 Right to vote<\/strong><\/h3>\n\n\n\n<p>At the annual general meeting, each member has one vote. The right to vote is personal.<\/p>\n\n\n\n<h3 class=\"wp-block-heading\"><strong>\u00a7 13 Decision-making, Voting, and Quorum<\/strong><\/h3>\n\n\n\n<p>Decisions are made by acclamation or, if requested, by voting.<br><br>Voting is done openly, except in elections where a secret ballot shall take place if requested. Decisions are made, unless otherwise specified in these bylaws, by a simple majority. In the event of a tie vote, the opinion supported by the chairperson prevails; however, in elections, the decision is determined by drawing lots.<br><br>A member of the board may not participate in the decision regarding discharge from liability for an administrative action for which they are responsible, nor in the election of an auditor. <br><br>The meeting is quorate with the number of eligible voting members present at the meeting.<\/p>\n\n\n\n<h3 class=\"wp-block-heading\"><strong>\u00a7 14 Rules for amending the bylaws<\/strong><\/h3>\n\n\n\n<p>For an amendment to these bylaws, a decision of the annual general meeting with at least 2\/3 of the votes cast is required. Proposals for amending the bylaws may be made by both members and the board.<\/p>\n\n\n\n<h3 class=\"wp-block-heading\"><strong>\u00a7 15 Withdrawal<\/strong><\/h3>\n\n\n\n<p>A member wishing to withdraw from the association must notify the board in writing and is thereby considered to have immediately left the association.<\/p>\n\n\n\n<h3 class=\"wp-block-heading\"><strong>\u00a7 16 Exclusion<\/strong><\/h3>\n\n\n\n<p>A member may not be excluded from the association for any reason other than neglecting to pay agreed fees, undermining the activities or purposes of the association, or evidently harming the interests of the association.<br><br>Question about exclusion may not be decided until the member has been informed of the circumstances that led to the questioning of their membership. A decision on exclusion may not be made until the member has had the opportunity to express themselves within a certain time frame specified by the association's board, at least 30 days. The reasons for the exclusion shall be stated in the decision. The decision shall be communicated to the affected party within 5 days after the decision.<\/p>\n\n\n\n<h3 class=\"wp-block-heading\"><strong>\u00a7 17 Dissolution of the Association<\/strong><\/h3>\n\n\n\n<p>For the dissolution of the association, a decision of the annual general meeting with at least 2\/3 of the votes cast is required. If the association is dissolved, the association's assets shall be transferred to activities with a similar purpose \/ charitable purposes, etc.<\/p>\n\n\n\n<p><em>- A copy of the minutes of the annual general meeting containing the decision on the dissolution of the association shall thereafter be sent to the tax office for the deregistration of the association.<\/em><\/p>\n\n\n\n<p>These statutes were adopted at the inaugural annual general meeting of the association on February 22, 2015, as recorded in the minutes. <br><br>The adjustment of statutes was adopted at the annual general meeting of the association on February 7, 2016, as recorded in the minutes.<\/p>","protected":false},"excerpt":{"rendered":"<p>STADGAR F\u00d6R Sekelskiftesdagarna i Marstrands Ideella F\u00f6rening \u00a7 1 F\u00f6reningens namn Sekelskiftesdagarna i Marstrands Ideella F\u00f6rening \u00a7 2 F\u00f6reningens \u00e4ndam\u00e5l F\u00f6reningen har till \u00e4ndam\u00e5l att genomf\u00f6ra Marstrands Sekelskiftesdagar. F\u00f6reningen ska uppfylla sitt \u00e4ndam\u00e5l genom att planera, organisera och genomf\u00f6ra sekelskiftesdagar i Marstrand varje \u00e5r. F\u00f6reningen ska verka genom att bereda m\u00f6jligheter f\u00f6r kulturevenemang inom teater, &hellip; <\/p>\n<p class=\"link-more\"><a href=\"https:\/\/sekelskiftesdagarna.se\/en\/stadgar\/\" class=\"more-link\">Continue reading<span class=\"screen-reader-text\"> &#8221;Stadgar&#8221;<\/span><\/a><\/p>","protected":false},"author":3,"featured_media":0,"parent":0,"menu_order":0,"comment_status":"closed","ping_status":"closed","template":"","meta":{"_oct_exclude_from_cache":false,"footnotes":""},"class_list":["post-149","page","type-page","status-publish","hentry"],"_links":{"self":[{"href":"https:\/\/sekelskiftesdagarna.se\/en\/wp-json\/wp\/v2\/pages\/149","targetHints":{"allow":["GET"]}}],"collection":[{"href":"https:\/\/sekelskiftesdagarna.se\/en\/wp-json\/wp\/v2\/pages"}],"about":[{"href":"https:\/\/sekelskiftesdagarna.se\/en\/wp-json\/wp\/v2\/types\/page"}],"author":[{"embeddable":true,"href":"https:\/\/sekelskiftesdagarna.se\/en\/wp-json\/wp\/v2\/users\/3"}],"replies":[{"embeddable":true,"href":"https:\/\/sekelskiftesdagarna.se\/en\/wp-json\/wp\/v2\/comments?post=149"}],"version-history":[{"count":0,"href":"https:\/\/sekelskiftesdagarna.se\/en\/wp-json\/wp\/v2\/pages\/149\/revisions"}],"wp:attachment":[{"href":"https:\/\/sekelskiftesdagarna.se\/en\/wp-json\/wp\/v2\/media?parent=149"}],"curies":[{"name":"wp","href":"https:\/\/api.w.org\/{rel}","templated":true}]}}