{"id":147,"date":"2023-02-06T11:14:15","date_gmt":"2023-02-06T10:14:15","guid":{"rendered":"https:\/\/sekelskiftesdagarna.kxfh.se\/?page_id=147"},"modified":"2025-08-24T17:24:18","modified_gmt":"2025-08-24T15:24:18","slug":"styrelsen","status":"publish","type":"page","link":"https:\/\/sekelskiftesdagarna.se\/en\/styrelsen\/","title":{"rendered":"Contact"},"content":{"rendered":"<div class=\"wp-block-media-text alignwide is-stacked-on-mobile\"><figure class=\"wp-block-media-text__media\"><img loading=\"lazy\" decoding=\"async\" width=\"828\" height=\"828\" src=\"https:\/\/sekelskiftesdagarna.se\/wp-content\/uploads\/2023\/06\/235315170_2079696832168230_1024663401172620576_n.jpg\" alt=\"\" class=\"wp-image-978 size-full\" srcset=\"https:\/\/sekelskiftesdagarna.se\/wp-content\/uploads\/2023\/06\/235315170_2079696832168230_1024663401172620576_n.jpg 828w, https:\/\/sekelskiftesdagarna.se\/wp-content\/uploads\/2023\/06\/235315170_2079696832168230_1024663401172620576_n-300x300.jpg 300w, https:\/\/sekelskiftesdagarna.se\/wp-content\/uploads\/2023\/06\/235315170_2079696832168230_1024663401172620576_n-150x150.jpg 150w, https:\/\/sekelskiftesdagarna.se\/wp-content\/uploads\/2023\/06\/235315170_2079696832168230_1024663401172620576_n-768x768.jpg 768w, https:\/\/sekelskiftesdagarna.se\/wp-content\/uploads\/2023\/06\/235315170_2079696832168230_1024663401172620576_n-100x100.jpg 100w\" sizes=\"auto, (max-width: 767px) 89vw, (max-width: 1000px) 54vw, (max-width: 1071px) 543px, 580px\" \/><\/figure><div class=\"wp-block-media-text__content\">\n<p><strong><em>Project manager and artistic manager<\/em><\/strong><\/p>\n\n\n\n<p><em>Linn\u00e9a Johansson&nbsp;<\/em><\/p>\n\n\n\n<p>tel: &nbsp; &nbsp; 0721 958107<\/p>\n\n\n\n<p>mail: <a href=\"mailto:aliveandcreative@hotmail.com\">aliveandcreative@hotmail.com<\/a><\/p>\n<\/div><\/div>\n\n\n\n<div class=\"wp-block-media-text alignwide is-stacked-on-mobile\"><figure class=\"wp-block-media-text__media\"><img loading=\"lazy\" decoding=\"async\" width=\"300\" height=\"280\" src=\"https:\/\/sekelskiftesdagarna.se\/wp-content\/uploads\/2023\/02\/bobo-w.jpeg\" alt=\"\" class=\"wp-image-346 size-full\"\/><\/figure><div class=\"wp-block-media-text__content\">\n<p><strong><em>Chairman and initiator<\/em><\/strong><\/p>\n\n\n\n<p>Bobo Wallmander<\/p>\n\n\n\n<p>tel: &nbsp; &nbsp; 0768 812040<\/p>\n\n\n\n<p>mail: <a href=\"mailto:bobo@wallmanderco.se\">bobo@wallmanderco.se<\/a><\/p>\n<\/div><\/div>\n\n\n\n<div class=\"wp-block-media-text is-stacked-on-mobile\"><figure class=\"wp-block-media-text__media\"><img loading=\"lazy\" decoding=\"async\" width=\"1024\" height=\"924\" src=\"https:\/\/sekelskiftesdagarna.se\/wp-content\/uploads\/2025\/08\/Adobe-Express-file-1-1024x924.jpg\" alt=\"\" class=\"wp-image-1721 size-full\" srcset=\"https:\/\/sekelskiftesdagarna.se\/wp-content\/uploads\/2025\/08\/Adobe-Express-file-1-1024x924.jpg 1024w, https:\/\/sekelskiftesdagarna.se\/wp-content\/uploads\/2025\/08\/Adobe-Express-file-1-300x271.jpg 300w, https:\/\/sekelskiftesdagarna.se\/wp-content\/uploads\/2025\/08\/Adobe-Express-file-1-768x693.jpg 768w, https:\/\/sekelskiftesdagarna.se\/wp-content\/uploads\/2025\/08\/Adobe-Express-file-1-1536x1386.jpg 1536w, https:\/\/sekelskiftesdagarna.se\/wp-content\/uploads\/2025\/08\/Adobe-Express-file-1-2048x1848.jpg 2048w, https:\/\/sekelskiftesdagarna.se\/wp-content\/uploads\/2025\/08\/Adobe-Express-file-1-13x12.jpg 13w\" sizes=\"auto, (max-width: 767px) 89vw, (max-width: 1000px) 54vw, (max-width: 1071px) 543px, 580px\" \/><\/figure><div class=\"wp-block-media-text__content\">\n<p><strong><em>Kass\u00f6r<\/em><\/strong><\/p>\n\n\n\n<p><em>Jan Arvidsson<\/em><\/p>\n\n\n\n<p>tel: \u00a0 0705 116965<\/p>\n\n\n\n<p>mail: <a href=\"mailto:Jan.e.g.arvidsson@gmail.com\">jan.e.g.arvidsson@gmail.com<\/a><\/p>\n\n\n\n<p><\/p>\n<\/div><\/div>\n\n\n\n<div class=\"wp-block-media-text alignwide is-stacked-on-mobile\"><figure class=\"wp-block-media-text__media\"><img loading=\"lazy\" decoding=\"async\" width=\"1024\" height=\"974\" src=\"https:\/\/sekelskiftesdagarna.se\/wp-content\/uploads\/2023\/06\/4Y1A891h-1-1024x974.jpg\" alt=\"\" class=\"wp-image-983 size-full\" srcset=\"https:\/\/sekelskiftesdagarna.se\/wp-content\/uploads\/2023\/06\/4Y1A891h-1-1024x974.jpg 1024w, https:\/\/sekelskiftesdagarna.se\/wp-content\/uploads\/2023\/06\/4Y1A891h-1-300x285.jpg 300w, https:\/\/sekelskiftesdagarna.se\/wp-content\/uploads\/2023\/06\/4Y1A891h-1-768x730.jpg 768w, https:\/\/sekelskiftesdagarna.se\/wp-content\/uploads\/2023\/06\/4Y1A891h-1-1536x1461.jpg 1536w, https:\/\/sekelskiftesdagarna.se\/wp-content\/uploads\/2023\/06\/4Y1A891h-1-2048x1948.jpg 2048w\" sizes=\"auto, (max-width: 767px) 89vw, (max-width: 1000px) 54vw, (max-width: 1071px) 543px, 580px\" \/><\/figure><div class=\"wp-block-media-text__content\">\n<p><strong><em>Responsible for music<\/em><\/strong><\/p>\n\n\n\n<p><em>Jan Eliasson <\/em><\/p>\n\n\n\n<p>tel: &nbsp; 0707 666770<\/p>\n\n\n\n<p>mail: <a href=\"mailto:ekis99@gmail.com\">eliassons.storband@telia.com<\/a><\/p>\n<\/div><\/div>\n\n\n\n<div class=\"wp-block-media-text alignwide is-stacked-on-mobile\"><figure class=\"wp-block-media-text__media\"><img loading=\"lazy\" decoding=\"async\" width=\"1018\" height=\"1024\" src=\"https:\/\/sekelskiftesdagarna.se\/wp-content\/uploads\/2023\/06\/kardin-1018x1024.jpg\" alt=\"\" class=\"wp-image-988 size-full\" srcset=\"https:\/\/sekelskiftesdagarna.se\/wp-content\/uploads\/2023\/06\/kardin-1018x1024.jpg 1018w, https:\/\/sekelskiftesdagarna.se\/wp-content\/uploads\/2023\/06\/kardin-298x300.jpg 298w, https:\/\/sekelskiftesdagarna.se\/wp-content\/uploads\/2023\/06\/kardin-150x150.jpg 150w, https:\/\/sekelskiftesdagarna.se\/wp-content\/uploads\/2023\/06\/kardin-768x773.jpg 768w, https:\/\/sekelskiftesdagarna.se\/wp-content\/uploads\/2023\/06\/kardin-100x100.jpg 100w, https:\/\/sekelskiftesdagarna.se\/wp-content\/uploads\/2023\/06\/kardin.jpg 1125w\" sizes=\"auto, (max-width: 767px) 89vw, (max-width: 1000px) 54vw, (max-width: 1071px) 543px, 580px\" \/><\/figure><div class=\"wp-block-media-text__content\">\n<p><strong><em>Responsible for clothing<\/em><\/strong><\/p>\n\n\n\n<p>Karin Harryson<\/p>\n\n\n\n<p>tel:&nbsp; &nbsp; 0702 450345<\/p>\n\n\n\n<p>mail: <a href=\"mailto:karsv14@gmail.com\">karsv14@gmail.com<\/a><\/p>\n<\/div><\/div>\n\n\n\n<div class=\"wp-block-media-text alignwide is-stacked-on-mobile\"><figure class=\"wp-block-media-text__media\"><img loading=\"lazy\" decoding=\"async\" width=\"1012\" height=\"1024\" src=\"https:\/\/sekelskiftesdagarna.se\/wp-content\/uploads\/2023\/06\/Goran-Krgistensson-1012x1024.jpg\" alt=\"\" class=\"wp-image-989 size-full\" srcset=\"https:\/\/sekelskiftesdagarna.se\/wp-content\/uploads\/2023\/06\/Goran-Krgistensson-1012x1024.jpg 1012w, https:\/\/sekelskiftesdagarna.se\/wp-content\/uploads\/2023\/06\/Goran-Krgistensson-297x300.jpg 297w, https:\/\/sekelskiftesdagarna.se\/wp-content\/uploads\/2023\/06\/Goran-Krgistensson-768x777.jpg 768w, https:\/\/sekelskiftesdagarna.se\/wp-content\/uploads\/2023\/06\/Goran-Krgistensson-1519x1536.jpg 1519w, https:\/\/sekelskiftesdagarna.se\/wp-content\/uploads\/2023\/06\/Goran-Krgistensson-2025x2048.jpg 2025w, https:\/\/sekelskiftesdagarna.se\/wp-content\/uploads\/2023\/06\/Goran-Krgistensson-100x100.jpg 100w\" sizes=\"auto, (max-width: 767px) 89vw, (max-width: 1000px) 54vw, (max-width: 1071px) 543px, 580px\" \/><\/figure><div class=\"wp-block-media-text__content\">\n<p><strong><em>Responsible for Marstrand accuracy<\/em><\/strong><\/p>\n\n\n\n<p>G\u00f6ran Kristensson<\/p>\n\n\n\n<p>tel:&nbsp; &nbsp; 0707 954502<\/p>\n\n\n\n<p>mail: <a href=\"mailto:goran.kristensson@telia.com\">goran.kristensson@telia.com<\/a><\/p>\n<\/div><\/div>","protected":false},"excerpt":{"rendered":"<p>Projektledare och konstn\u00e4rligledare Linn\u00e9a Johansson&nbsp; tel: &nbsp; &nbsp; 0721 958107 mail: aliveandcreative@hotmail.com Ordf\u00f6rande och initiativtagare Bobo Wallmander tel: &nbsp; &nbsp; 0768 812040 mail: bobo@wallmanderco.se Kass\u00f6r Jan Arvidsson tel: \u00a0 0705 116965 mail: jan.e.g.arvidsson@gmail.com Musikansvarig Jan Eliasson tel: &nbsp; 0707 666770 mail: eliassons.storband@telia.com Kl\u00e4dansvarig Karin Harryson tel:&nbsp; &nbsp; 0702 450345 mail: karsv14@gmail.com Marstrands-k\u00e4nnare G\u00f6ran Kristensson tel:&nbsp; &hellip; <\/p>\n<p class=\"link-more\"><a href=\"https:\/\/sekelskiftesdagarna.se\/en\/styrelsen\/\" class=\"more-link\">Continue reading<span class=\"screen-reader-text\"> &#8221;Kontakt&#8221;<\/span><\/a><\/p>","protected":false},"author":3,"featured_media":0,"parent":0,"menu_order":0,"comment_status":"closed","ping_status":"closed","template":"","meta":{"_oct_exclude_from_cache":false,"footnotes":""},"class_list":["post-147","page","type-page","status-publish","hentry"],"_links":{"self":[{"href":"https:\/\/sekelskiftesdagarna.se\/en\/wp-json\/wp\/v2\/pages\/147","targetHints":{"allow":["GET"]}}],"collection":[{"href":"https:\/\/sekelskiftesdagarna.se\/en\/wp-json\/wp\/v2\/pages"}],"about":[{"href":"https:\/\/sekelskiftesdagarna.se\/en\/wp-json\/wp\/v2\/types\/page"}],"author":[{"embeddable":true,"href":"https:\/\/sekelskiftesdagarna.se\/en\/wp-json\/wp\/v2\/users\/3"}],"replies":[{"embeddable":true,"href":"https:\/\/sekelskiftesdagarna.se\/en\/wp-json\/wp\/v2\/comments?post=147"}],"version-history":[{"count":0,"href":"https:\/\/sekelskiftesdagarna.se\/en\/wp-json\/wp\/v2\/pages\/147\/revisions"}],"wp:attachment":[{"href":"https:\/\/sekelskiftesdagarna.se\/en\/wp-json\/wp\/v2\/media?parent=147"}],"curies":[{"name":"wp","href":"https:\/\/api.w.org\/{rel}","templated":true}]}}