{"id":1135,"date":"2024-02-05T13:16:24","date_gmt":"2024-02-05T12:16:24","guid":{"rendered":"https:\/\/sekelskiftesdagarna.se\/?page_id=1135"},"modified":"2025-06-17T16:26:09","modified_gmt":"2025-06-17T14:26:09","slug":"programblad","status":"publish","type":"page","link":"https:\/\/sekelskiftesdagarna.se\/en\/programblad\/","title":{"rendered":"Program brochure"},"content":{"rendered":"<p>Press the image to access this year's program brochure<\/p>\n\n\n\n<figure class=\"wp-block-gallery has-nested-images columns-default is-cropped wp-block-gallery-1 is-layout-flex wp-block-gallery-is-layout-flex\">\n<figure class=\"wp-block-image size-large\"><a href=\"https:\/\/sekelskiftesdagarna.se\/wp-content\/uploads\/2025\/06\/Marstrandsbladet-2025-Web-REv-6-copy.pdf\"><img loading=\"lazy\" decoding=\"async\" width=\"1024\" height=\"1024\" data-id=\"1593\" src=\"https:\/\/sekelskiftesdagarna.se\/wp-content\/uploads\/2025\/06\/2021-1-1024x1024.png\" alt=\"\" class=\"wp-image-1593\" srcset=\"https:\/\/sekelskiftesdagarna.se\/wp-content\/uploads\/2025\/06\/2021-1-1024x1024.png 1024w, https:\/\/sekelskiftesdagarna.se\/wp-content\/uploads\/2025\/06\/2021-1-300x300.png 300w, https:\/\/sekelskiftesdagarna.se\/wp-content\/uploads\/2025\/06\/2021-1-150x150.png 150w, https:\/\/sekelskiftesdagarna.se\/wp-content\/uploads\/2025\/06\/2021-1-768x768.png 768w, https:\/\/sekelskiftesdagarna.se\/wp-content\/uploads\/2025\/06\/2021-1-12x12.png 12w, https:\/\/sekelskiftesdagarna.se\/wp-content\/uploads\/2025\/06\/2021-1-100x100.png 100w, https:\/\/sekelskiftesdagarna.se\/wp-content\/uploads\/2025\/06\/2021-1.png 1080w\" sizes=\"auto, (max-width: 767px) 89vw, (max-width: 1000px) 54vw, (max-width: 1071px) 543px, 580px\" \/><\/a><\/figure>\n\n\n\n<figure class=\"wp-block-image size-large\"><a href=\"https:\/\/usercontent.one\/wp\/sekelskiftesdagarna.se\/wp-content\/uploads\/2024\/06\/Marstrands-dagarna-2024-web.pdf?media=1677740332\"><img loading=\"lazy\" decoding=\"async\" width=\"1024\" height=\"1024\" data-id=\"1206\" src=\"https:\/\/sekelskiftesdagarna.se\/wp-content\/uploads\/2024\/06\/2021-2-1024x1024.png\" alt=\"\" class=\"wp-image-1206\" srcset=\"https:\/\/sekelskiftesdagarna.se\/wp-content\/uploads\/2024\/06\/2021-2-1024x1024.png 1024w, https:\/\/sekelskiftesdagarna.se\/wp-content\/uploads\/2024\/06\/2021-2-300x300.png 300w, https:\/\/sekelskiftesdagarna.se\/wp-content\/uploads\/2024\/06\/2021-2-150x150.png 150w, https:\/\/sekelskiftesdagarna.se\/wp-content\/uploads\/2024\/06\/2021-2-768x768.png 768w, https:\/\/sekelskiftesdagarna.se\/wp-content\/uploads\/2024\/06\/2021-2-12x12.png 12w, https:\/\/sekelskiftesdagarna.se\/wp-content\/uploads\/2024\/06\/2021-2-100x100.png 100w, https:\/\/sekelskiftesdagarna.se\/wp-content\/uploads\/2024\/06\/2021-2.png 1080w\" sizes=\"auto, (max-width: 767px) 89vw, (max-width: 1000px) 54vw, (max-width: 1071px) 543px, 580px\" \/><\/a><\/figure>\n\n\n\n<figure class=\"wp-block-image size-large\"><a href=\"https:\/\/sekelskiftesdagarna.se\/wp-content\/uploads\/2023\/06\/Marstrands-dagarna-2023nr15859-1.pdf\"><img loading=\"lazy\" decoding=\"async\" width=\"1024\" height=\"1024\" data-id=\"1104\" src=\"https:\/\/sekelskiftesdagarna.se\/wp-content\/uploads\/2023\/08\/2021-3-1-1024x1024.png\" alt=\"\" class=\"wp-image-1104\" srcset=\"https:\/\/sekelskiftesdagarna.se\/wp-content\/uploads\/2023\/08\/2021-3-1-1024x1024.png 1024w, https:\/\/sekelskiftesdagarna.se\/wp-content\/uploads\/2023\/08\/2021-3-1-300x300.png 300w, https:\/\/sekelskiftesdagarna.se\/wp-content\/uploads\/2023\/08\/2021-3-1-150x150.png 150w, https:\/\/sekelskiftesdagarna.se\/wp-content\/uploads\/2023\/08\/2021-3-1-768x768.png 768w, https:\/\/sekelskiftesdagarna.se\/wp-content\/uploads\/2023\/08\/2021-3-1-12x12.png 12w, https:\/\/sekelskiftesdagarna.se\/wp-content\/uploads\/2023\/08\/2021-3-1-100x100.png 100w, https:\/\/sekelskiftesdagarna.se\/wp-content\/uploads\/2023\/08\/2021-3-1.png 1080w\" sizes=\"auto, (max-width: 767px) 89vw, (max-width: 1000px) 54vw, (max-width: 1071px) 543px, 580px\" \/><\/a><\/figure>\n\n\n\n<figure class=\"wp-block-image size-large\"><a href=\"https:\/\/sekelskiftes.wpengine.com\/wp-content\/uploads\/2023\/03\/program-2022.pdf\"><img loading=\"lazy\" decoding=\"async\" width=\"1024\" height=\"1024\" data-id=\"1082\" src=\"https:\/\/sekelskiftesdagarna.se\/wp-content\/uploads\/2023\/08\/2022-1024x1024.png\" alt=\"\" class=\"wp-image-1082\" srcset=\"https:\/\/sekelskiftesdagarna.se\/wp-content\/uploads\/2023\/08\/2022-1024x1024.png 1024w, https:\/\/sekelskiftesdagarna.se\/wp-content\/uploads\/2023\/08\/2022-300x300.png 300w, https:\/\/sekelskiftesdagarna.se\/wp-content\/uploads\/2023\/08\/2022-150x150.png 150w, https:\/\/sekelskiftesdagarna.se\/wp-content\/uploads\/2023\/08\/2022-768x768.png 768w, https:\/\/sekelskiftesdagarna.se\/wp-content\/uploads\/2023\/08\/2022-12x12.png 12w, https:\/\/sekelskiftesdagarna.se\/wp-content\/uploads\/2023\/08\/2022-100x100.png 100w, https:\/\/sekelskiftesdagarna.se\/wp-content\/uploads\/2023\/08\/2022.png 1080w\" sizes=\"auto, (max-width: 767px) 89vw, (max-width: 1000px) 54vw, (max-width: 1071px) 543px, 580px\" \/><\/a><\/figure>\n\n\n\n<figure class=\"wp-block-image size-large\"><a href=\"https:\/\/sekelskiftes.wpengine.com\/wp-content\/uploads\/2023\/03\/Program2021.pdf\"><img loading=\"lazy\" decoding=\"async\" width=\"1024\" height=\"1024\" data-id=\"976\" src=\"https:\/\/sekelskiftesdagarna.se\/wp-content\/uploads\/2023\/06\/2021-1024x1024.png\" alt=\"\" class=\"wp-image-976\" srcset=\"https:\/\/sekelskiftesdagarna.se\/wp-content\/uploads\/2023\/06\/2021-1024x1024.png 1024w, https:\/\/sekelskiftesdagarna.se\/wp-content\/uploads\/2023\/06\/2021-300x300.png 300w, https:\/\/sekelskiftesdagarna.se\/wp-content\/uploads\/2023\/06\/2021-150x150.png 150w, https:\/\/sekelskiftesdagarna.se\/wp-content\/uploads\/2023\/06\/2021-768x768.png 768w, https:\/\/sekelskiftesdagarna.se\/wp-content\/uploads\/2023\/06\/2021-100x100.png 100w, https:\/\/sekelskiftesdagarna.se\/wp-content\/uploads\/2023\/06\/2021.png 1080w\" sizes=\"auto, (max-width: 767px) 89vw, (max-width: 1000px) 54vw, (max-width: 1071px) 543px, 580px\" \/><\/a><\/figure>\n<\/figure>\n\n\n\n<div class=\"wp-block-media-text is-stacked-on-mobile\"><figure class=\"wp-block-media-text__media\"><a href=\"https:\/\/usercontent.one\/wp\/sekelskiftesdagarna.se\/wp-content\/uploads\/2023\/07\/Marstrands-dagarna-2023-Engelska-1.pdf?media=1677740332\"><img loading=\"lazy\" decoding=\"async\" width=\"1024\" height=\"1024\" src=\"https:\/\/sekelskiftesdagarna.se\/wp-content\/uploads\/2024\/06\/2021-4-1-1024x1024.png\" alt=\"\" class=\"wp-image-1212 size-full\" srcset=\"https:\/\/sekelskiftesdagarna.se\/wp-content\/uploads\/2024\/06\/2021-4-1-1024x1024.png 1024w, https:\/\/sekelskiftesdagarna.se\/wp-content\/uploads\/2024\/06\/2021-4-1-300x300.png 300w, https:\/\/sekelskiftesdagarna.se\/wp-content\/uploads\/2024\/06\/2021-4-1-150x150.png 150w, https:\/\/sekelskiftesdagarna.se\/wp-content\/uploads\/2024\/06\/2021-4-1-768x768.png 768w, https:\/\/sekelskiftesdagarna.se\/wp-content\/uploads\/2024\/06\/2021-4-1-12x12.png 12w, https:\/\/sekelskiftesdagarna.se\/wp-content\/uploads\/2024\/06\/2021-4-1-100x100.png 100w, https:\/\/sekelskiftesdagarna.se\/wp-content\/uploads\/2024\/06\/2021-4-1.png 1080w\" sizes=\"auto, (max-width: 767px) 89vw, (max-width: 1000px) 54vw, (max-width: 1071px) 543px, 580px\" \/><\/a><\/figure><div class=\"wp-block-media-text__content\">\n<p>In 2023, the Victoiran days created an English version of the program brochure. You can read it by clicking on the image. <\/p>\n<\/div><\/div>","protected":false},"excerpt":{"rendered":"<p>Tryck p\u00e5 bilden f\u00f6r att komma till det \u00e5rets programblad \u00c5r 2023 skapade Sekelskiftesdagarna en engelsk version av programbladet. Det kan du l\u00e4sa genom att trycka p\u00e5 bilden.<\/p>","protected":false},"author":3,"featured_media":0,"parent":0,"menu_order":0,"comment_status":"closed","ping_status":"closed","template":"","meta":{"_oct_exclude_from_cache":false,"footnotes":""},"class_list":["post-1135","page","type-page","status-publish","hentry"],"_links":{"self":[{"href":"https:\/\/sekelskiftesdagarna.se\/en\/wp-json\/wp\/v2\/pages\/1135","targetHints":{"allow":["GET"]}}],"collection":[{"href":"https:\/\/sekelskiftesdagarna.se\/en\/wp-json\/wp\/v2\/pages"}],"about":[{"href":"https:\/\/sekelskiftesdagarna.se\/en\/wp-json\/wp\/v2\/types\/page"}],"author":[{"embeddable":true,"href":"https:\/\/sekelskiftesdagarna.se\/en\/wp-json\/wp\/v2\/users\/3"}],"replies":[{"embeddable":true,"href":"https:\/\/sekelskiftesdagarna.se\/en\/wp-json\/wp\/v2\/comments?post=1135"}],"version-history":[{"count":0,"href":"https:\/\/sekelskiftesdagarna.se\/en\/wp-json\/wp\/v2\/pages\/1135\/revisions"}],"wp:attachment":[{"href":"https:\/\/sekelskiftesdagarna.se\/en\/wp-json\/wp\/v2\/media?parent=1135"}],"curies":[{"name":"wp","href":"https:\/\/api.w.org\/{rel}","templated":true}]}}