{"id":722,"date":"2022-08-02T07:36:00","date_gmt":"2022-08-02T05:36:00","guid":{"rendered":"https:\/\/sekelskiftes.wpengine.com\/?page_id=722"},"modified":"2023-06-16T09:39:54","modified_gmt":"2023-06-16T07:39:54","slug":"nyheter","status":"publish","type":"page","link":"http:\/\/sekelskiftesdagarna.se\/sv_se\/nyheter\/","title":{"rendered":"Nyheter"},"content":{"rendered":"<ul class=\"wp-block-latest-posts__list has-dates aligncenter wp-block-latest-posts\"><li><a class=\"wp-block-latest-posts__post-title\" href=\"http:\/\/sekelskiftesdagarna.se\/sv_se\/2026\/04\/12\/sekelskiftesdagarna-i-forbobladet\/\">Sekelskiftesdagarna i F\u00f6rbobladet<\/a><time datetime=\"2026-04-12T17:44:50+02:00\" class=\"wp-block-latest-posts__post-date\">april 12, 2026<\/time><div class=\"wp-block-latest-posts__post-full-content\"><!-- wp:paragraph -->\n<p>Under januari 2026 fick v\u00e5r projektledare, Linn\u00e9a, medverka i F\u00f6rbobladet. L\u00e4s intervjun h\u00e4r nedan och spana in <a href=\"https:\/\/xn--frbo-5qa.se\/hjalp-och-kontakt\/boendeinformation\/forbobladet\/\">F\u00f6rboshemsida!<\/a> <\/p>\n<!-- \/wp:paragraph -->\n\n<!-- wp:file {\"id\":1766,\"href\":\"https:\/\/sekelskiftesdagarna.se\/wp-content\/uploads\/2026\/04\/Forbobladet-2026.pdf\",\"displayPreview\":true} -->\n<div class=\"wp-block-file\"><object class=\"wp-block-file__embed\" data=\"https:\/\/sekelskiftesdagarna.se\/wp-content\/uploads\/2026\/04\/Forbobladet-2026.pdf\" type=\"application\/pdf\" style=\"width:100%;height:600px\" aria-label=\"Fo\u0308rbobladet 2026\"><\/object><a id=\"wp-block-file--media-0720a555-9f53-482a-848e-8ae0025e24fe\" href=\"https:\/\/sekelskiftesdagarna.se\/wp-content\/uploads\/2026\/04\/Forbobladet-2026.pdf\">Fo\u0308rbobladet 2026<\/a><a href=\"https:\/\/sekelskiftesdagarna.se\/wp-content\/uploads\/2026\/04\/Forbobladet-2026.pdf\" class=\"wp-block-file__button wp-element-button\" download aria-describedby=\"wp-block-file--media-0720a555-9f53-482a-848e-8ae0025e24fe\">Ladda ner<\/a><\/div>\n<!-- \/wp:file -->\n\n<!-- wp:paragraph -->\n<p><\/p>\n<!-- \/wp:paragraph --><\/div><\/li>\n<li><a class=\"wp-block-latest-posts__post-title\" href=\"http:\/\/sekelskiftesdagarna.se\/sv_se\/2026\/03\/28\/sekelskiftesdagarnas-arsmote-for-2025\/\">Sekelskiftesdagarnas \u00e5rsm\u00f6te f\u00f6r 2025<\/a><time datetime=\"2026-03-28T08:25:03+01:00\" class=\"wp-block-latest-posts__post-date\">mars 28, 2026<\/time><div class=\"wp-block-latest-posts__post-full-content\"><!-- wp:paragraph -->\n<p>V\u00e4lkomna till Sekelskiftesdagarna i Marstrands ideella f\u00f6renings \u00e5rsm\u00f6te f\u00f6r 2025. M\u00f6tet kommer \u00e4ga rum p\u00e5 Marstrands Havshotell s\u00f6ndag 12 april kl. 16.00. Anm\u00e4l dig till Bobo via tlf: 0768 812040 eller mail:\u00a0<a href=\"mailto:bobo@wallmanderco.se\">bobo@wallmanderco.se<\/a> senast fredag 10 april. Om du skrollar hittar du f\u00f6reningens verksamhetsber\u00e4ttelse, dagordning, balansr\u00e4kning och resultatr\u00e4kning. Vi ses!<\/p>\n<!-- \/wp:paragraph -->\n\n<!-- wp:file {\"id\":1757,\"href\":\"https:\/\/sekelskiftesdagarna.se\/wp-content\/uploads\/2026\/03\/Verksamhetsberattelse2025-14-mars.pdf\",\"displayPreview\":true} -->\n<div class=\"wp-block-file\"><object class=\"wp-block-file__embed\" data=\"https:\/\/sekelskiftesdagarna.se\/wp-content\/uploads\/2026\/03\/Verksamhetsberattelse2025-14-mars.pdf\" type=\"application\/pdf\" style=\"width:100%;height:600px\" aria-label=\"Verksamhetsbera\u0308ttelse2025 14 mars\"><\/object><a id=\"wp-block-file--media-04c04c5d-dba0-4f0c-8bb1-f23a70ec82a3\" href=\"https:\/\/sekelskiftesdagarna.se\/wp-content\/uploads\/2026\/03\/Verksamhetsberattelse2025-14-mars.pdf\">Verksamhetsbera\u0308ttelse2025 14 mars<\/a><a href=\"https:\/\/sekelskiftesdagarna.se\/wp-content\/uploads\/2026\/03\/Verksamhetsberattelse2025-14-mars.pdf\" class=\"wp-block-file__button wp-element-button\" download aria-describedby=\"wp-block-file--media-04c04c5d-dba0-4f0c-8bb1-f23a70ec82a3\">Ladda ner<\/a><\/div>\n<!-- \/wp:file -->\n\n<!-- wp:file {\"id\":1758,\"href\":\"https:\/\/sekelskiftesdagarna.se\/wp-content\/uploads\/2026\/03\/Dagordning-Sekelskiftesdagarna-2026.pdf\",\"displayPreview\":true} -->\n<div class=\"wp-block-file\"><object class=\"wp-block-file__embed\" data=\"https:\/\/sekelskiftesdagarna.se\/wp-content\/uploads\/2026\/03\/Dagordning-Sekelskiftesdagarna-2026.pdf\" type=\"application\/pdf\" style=\"width:100%;height:600px\" aria-label=\"Dagordning Sekelskiftesdagarna 2026\"><\/object><a id=\"wp-block-file--media-6941c86f-dad2-4589-a5a5-a8f940e8ded2\" href=\"https:\/\/sekelskiftesdagarna.se\/wp-content\/uploads\/2026\/03\/Dagordning-Sekelskiftesdagarna-2026.pdf\">Dagordning Sekelskiftesdagarna 2026<\/a><a href=\"https:\/\/sekelskiftesdagarna.se\/wp-content\/uploads\/2026\/03\/Dagordning-Sekelskiftesdagarna-2026.pdf\" class=\"wp-block-file__button wp-element-button\" download aria-describedby=\"wp-block-file--media-6941c86f-dad2-4589-a5a5-a8f940e8ded2\">Ladda ner<\/a><\/div>\n<!-- \/wp:file -->\n\n<!-- wp:file {\"id\":1759,\"href\":\"https:\/\/sekelskiftesdagarna.se\/wp-content\/uploads\/2026\/03\/Resultatrakning-2025.pdf\",\"displayPreview\":true} -->\n<div class=\"wp-block-file\"><object class=\"wp-block-file__embed\" data=\"https:\/\/sekelskiftesdagarna.se\/wp-content\/uploads\/2026\/03\/Resultatrakning-2025.pdf\" type=\"application\/pdf\" style=\"width:100%;height:600px\" aria-label=\"Resultatra\u0308kning 2025\"><\/object><a id=\"wp-block-file--media-89659a74-506a-4852-8933-25a0e395065b\" href=\"https:\/\/sekelskiftesdagarna.se\/wp-content\/uploads\/2026\/03\/Resultatrakning-2025.pdf\">Resultatra\u0308kning 2025<\/a><a href=\"https:\/\/sekelskiftesdagarna.se\/wp-content\/uploads\/2026\/03\/Resultatrakning-2025.pdf\" class=\"wp-block-file__button wp-element-button\" download aria-describedby=\"wp-block-file--media-89659a74-506a-4852-8933-25a0e395065b\">Ladda ner<\/a><\/div>\n<!-- \/wp:file -->\n\n<!-- wp:file {\"id\":1760,\"href\":\"https:\/\/sekelskiftesdagarna.se\/wp-content\/uploads\/2026\/03\/Balansrakning-2025.pdf\",\"displayPreview\":true} -->\n<div class=\"wp-block-file\"><object class=\"wp-block-file__embed\" data=\"https:\/\/sekelskiftesdagarna.se\/wp-content\/uploads\/2026\/03\/Balansrakning-2025.pdf\" type=\"application\/pdf\" style=\"width:100%;height:600px\" aria-label=\"Balansra\u0308kning 2025\"><\/object><a id=\"wp-block-file--media-8e95b8ed-8271-47b9-b1dd-de0b29941719\" href=\"https:\/\/sekelskiftesdagarna.se\/wp-content\/uploads\/2026\/03\/Balansrakning-2025.pdf\">Balansra\u0308kning 2025<\/a><a href=\"https:\/\/sekelskiftesdagarna.se\/wp-content\/uploads\/2026\/03\/Balansrakning-2025.pdf\" class=\"wp-block-file__button wp-element-button\" download aria-describedby=\"wp-block-file--media-8e95b8ed-8271-47b9-b1dd-de0b29941719\">Ladda ner<\/a><\/div>\n<!-- \/wp:file -->\n\n<!-- wp:paragraph -->\n<p><\/p>\n<!-- \/wp:paragraph --><\/div><\/li>\n<li><a class=\"wp-block-latest-posts__post-title\" href=\"http:\/\/sekelskiftesdagarna.se\/sv_se\/2026\/03\/17\/sok-sommarjobb-hos-sekelskiftesdagarna\/\">S\u00f6k sommarjobb hos Sekelskiftesdagarna!<\/a><time datetime=\"2026-03-17T21:52:50+01:00\" class=\"wp-block-latest-posts__post-date\">mars 17, 2026<\/time><div class=\"wp-block-latest-posts__post-full-content\"><!-- wp:paragraph -->\n<p>Dags att s\u00f6ka sommarjobb hos Sekelskiftesdagarna! Sekelskiftesdagarna \u00e4r ett roligt kultursommarjobb d\u00e4r det finns m\u00f6jligheter att spela musik, sk\u00e5despela, dansa och mycket mer! Du kan \u00e4ven arbeta som lekledare, produktionsassistent, dokumentat\u00f6r eller med sociala medier.<\/p>\n<!-- \/wp:paragraph -->\n\n<!-- wp:paragraph -->\n<p>Via den h\u00e4r l\u00e4nken kan du s\u00f6ka de olika jobben <a href=\"https:\/\/www.kungalv.se\/arbete\/feriejobb-for-unga\/\">https:\/\/www.kungalv.se\/arbete\/feriejobb-for-unga\/<\/a> <\/p>\n<!-- \/wp:paragraph -->\n\n<!-- wp:paragraph -->\n<p>Kung\u00e4lvs kommunen har \u00e4ndrat p\u00e5 hur deras hemsida ser ut men klickar du dig vidare s\u00e5 kommer tillslut Sekelskiftesdagarna komma fram och d\u00e5 \u00e4r det bara att s\u00f6ka! H\u00f6r av dig om du st\u00f6ter p\u00e5 problem. <\/p>\n<!-- \/wp:paragraph -->\n\n<!-- wp:paragraph -->\n<p>Vi ses i sommar p\u00e5 Sekelskiftesdagarna 7-9 augusti! <\/p>\n<!-- \/wp:paragraph -->\n\n<!-- wp:gallery {\"linkTo\":\"none\"} -->\n<figure class=\"wp-block-gallery has-nested-images columns-default is-cropped\"><!-- wp:image {\"id\":1750,\"sizeSlug\":\"large\",\"linkDestination\":\"none\"} -->\n<figure class=\"wp-block-image size-large\"><img loading=\"lazy\" decoding=\"async\" width=\"1024\" height=\"683\" src=\"https:\/\/sekelskiftesdagarna.se\/wp-content\/uploads\/2026\/03\/IMG_7532-1024x683.jpg\" alt=\"\" class=\"wp-image-1750\" srcset=\"https:\/\/sekelskiftesdagarna.se\/wp-content\/uploads\/2026\/03\/IMG_7532-1024x683.jpg 1024w, https:\/\/sekelskiftesdagarna.se\/wp-content\/uploads\/2026\/03\/IMG_7532-300x200.jpg 300w, https:\/\/sekelskiftesdagarna.se\/wp-content\/uploads\/2026\/03\/IMG_7532-768x512.jpg 768w, https:\/\/sekelskiftesdagarna.se\/wp-content\/uploads\/2026\/03\/IMG_7532-1536x1024.jpg 1536w, https:\/\/sekelskiftesdagarna.se\/wp-content\/uploads\/2026\/03\/IMG_7532-2048x1365.jpg 2048w, https:\/\/sekelskiftesdagarna.se\/wp-content\/uploads\/2026\/03\/IMG_7532-18x12.jpg 18w\" sizes=\"auto, (max-width: 767px) 89vw, (max-width: 1000px) 54vw, (max-width: 1071px) 543px, 580px\" \/><\/figure>\n<!-- \/wp:image -->\n\n<!-- wp:image {\"id\":1749,\"sizeSlug\":\"large\",\"linkDestination\":\"none\"} -->\n<figure class=\"wp-block-image size-large\"><img loading=\"lazy\" decoding=\"async\" width=\"1024\" height=\"683\" src=\"https:\/\/sekelskiftesdagarna.se\/wp-content\/uploads\/2026\/03\/IMG_7465-1024x683.jpg\" alt=\"\" class=\"wp-image-1749\" srcset=\"https:\/\/sekelskiftesdagarna.se\/wp-content\/uploads\/2026\/03\/IMG_7465-1024x683.jpg 1024w, https:\/\/sekelskiftesdagarna.se\/wp-content\/uploads\/2026\/03\/IMG_7465-300x200.jpg 300w, https:\/\/sekelskiftesdagarna.se\/wp-content\/uploads\/2026\/03\/IMG_7465-768x512.jpg 768w, https:\/\/sekelskiftesdagarna.se\/wp-content\/uploads\/2026\/03\/IMG_7465-1536x1024.jpg 1536w, https:\/\/sekelskiftesdagarna.se\/wp-content\/uploads\/2026\/03\/IMG_7465-2048x1365.jpg 2048w, https:\/\/sekelskiftesdagarna.se\/wp-content\/uploads\/2026\/03\/IMG_7465-18x12.jpg 18w\" sizes=\"auto, (max-width: 767px) 89vw, (max-width: 1000px) 54vw, (max-width: 1071px) 543px, 580px\" \/><\/figure>\n<!-- \/wp:image --><\/figure>\n<!-- \/wp:gallery --><\/div><\/li>\n<\/ul>\n\n\n<div class=\"wp-block-columns is-layout-flex wp-container-core-columns-is-layout-9d6595d7 wp-block-columns-is-layout-flex\">\n<div class=\"wp-block-column is-layout-flow wp-block-column-is-layout-flow\"><\/div>\n\n\n\n<div class=\"wp-block-column is-layout-flow wp-block-column-is-layout-flow\"><ul class=\"wp-block-archives-list aligncenter wp-block-archives\">\t<li><a href='http:\/\/sekelskiftesdagarna.se\/sv_se\/2026\/'>2026<\/a><\/li>\n\t<li><a href='http:\/\/sekelskiftesdagarna.se\/sv_se\/2025\/'>2025<\/a><\/li>\n\t<li><a href='http:\/\/sekelskiftesdagarna.se\/sv_se\/2024\/'>2024<\/a><\/li>\n\t<li><a href='http:\/\/sekelskiftesdagarna.se\/sv_se\/2023\/'>2023<\/a><\/li>\n\t<li><a href='http:\/\/sekelskiftesdagarna.se\/sv_se\/2022\/'>2022<\/a><\/li>\n\t<li><a href='http:\/\/sekelskiftesdagarna.se\/sv_se\/2021\/'>2021<\/a><\/li>\n\t<li><a href='http:\/\/sekelskiftesdagarna.se\/sv_se\/2020\/'>2020<\/a><\/li>\n\t<li><a href='http:\/\/sekelskiftesdagarna.se\/sv_se\/2019\/'>2019<\/a><\/li>\n\t<li><a href='http:\/\/sekelskiftesdagarna.se\/sv_se\/2018\/'>2018<\/a><\/li>\n<\/ul><\/div>\n\n\n\n<div class=\"wp-block-column is-layout-flow wp-block-column-is-layout-flow\"><\/div>\n<\/div>\n","protected":false},"excerpt":{"rendered":"","protected":false},"author":3,"featured_media":0,"parent":0,"menu_order":0,"comment_status":"closed","ping_status":"closed","template":"","meta":{"_oct_exclude_from_cache":false,"footnotes":""},"class_list":["post-722","page","type-page","status-publish","hentry"],"_links":{"self":[{"href":"http:\/\/sekelskiftesdagarna.se\/sv_se\/wp-json\/wp\/v2\/pages\/722","targetHints":{"allow":["GET"]}}],"collection":[{"href":"http:\/\/sekelskiftesdagarna.se\/sv_se\/wp-json\/wp\/v2\/pages"}],"about":[{"href":"http:\/\/sekelskiftesdagarna.se\/sv_se\/wp-json\/wp\/v2\/types\/page"}],"author":[{"embeddable":true,"href":"http:\/\/sekelskiftesdagarna.se\/sv_se\/wp-json\/wp\/v2\/users\/3"}],"replies":[{"embeddable":true,"href":"http:\/\/sekelskiftesdagarna.se\/sv_se\/wp-json\/wp\/v2\/comments?post=722"}],"version-history":[{"count":0,"href":"http:\/\/sekelskiftesdagarna.se\/sv_se\/wp-json\/wp\/v2\/pages\/722\/revisions"}],"wp:attachment":[{"href":"http:\/\/sekelskiftesdagarna.se\/sv_se\/wp-json\/wp\/v2\/media?parent=722"}],"curies":[{"name":"wp","href":"https:\/\/api.w.org\/{rel}","templated":true}]}}