{"id":665,"date":"2023-03-01T15:19:35","date_gmt":"2023-03-01T14:19:35","guid":{"rendered":"https:\/\/sekelskiftes.wpengine.com\/?page_id=665"},"modified":"2023-03-02T09:36:27","modified_gmt":"2023-03-02T08:36:27","slug":"vara-hjaltar","status":"publish","type":"page","link":"http:\/\/sekelskiftesdagarna.se\/sv_se\/vara-hjaltar\/","title":{"rendered":"V\u00e5ra hj\u00e4ltar"},"content":{"rendered":"\n<div class=\"wp-block-group\"><div class=\"wp-block-group__inner-container is-layout-constrained wp-block-group-is-layout-constrained\">\n<h2 class=\"wp-block-heading\">Ett urval av <strong>v\u00e5ra Hj\u00e4ltar<\/strong> utan vars insats v\u00e5ra dagar inte <br>hade varit n\u00e5gonting.<\/h2>\n\n\n\n<p>Alla v\u00e5ra sommarungdomar som sjunger, spelar, spelar teater, dansar, leker med barn, filmar och fotar dagarna<br>Anders Arnell alias Oscar II<br>Anette S\u00f6rgren fr\u00e5n Svenska 1800-tals s\u00e4llskapet<br>Britt Johansson med sina underbara T-fordar<br>Christina Svensson som kan allt om Marstrands Kyrka och visar runt och ber\u00e4ttar om kyrkan<br>Cynthia Persson som spelar b\u00e5de Lus-Anna och Selma Lagerl\u00f6f <br>och Marion Larsson som spelar v\u00e4ninna till Cynthia<br>Eiwe Svanberg f\u00e4stningskommendant<br>G\u00f6ran Kristensson som under dagarna guidar runt i Marstrand<br>Julia med Shireh\u00e4starna<br>Mats Erasmie med sitt f\u00f6redrag \u201dD\u00f6dskaravanen\u201d<br>Mikael Thomasson Sagober\u00e4ttaren<br>Staffan Karlson med Gustaf V \u0301s jaktbil<\/p>\n\n\n\n<div class=\"wp-block-group\"><div class=\"wp-block-group__inner-container is-layout-constrained wp-block-group-is-layout-constrained\">\n<h2 class=\"wp-block-heading\">\u00c5terkommare till v\u00e5r marknad<\/h2>\n\n\n\n<p>Mimmi Textil &#8211; <a href=\"https:\/\/www.mimmitextil.se\/\" target=\"_blank\" rel=\"noreferrer noopener\">https:\/\/www.mimmitextil.se\/<\/a><br>F\u00e5rg\u00e5rden i Stala &#8211; <a href=\"http:\/\/www.fargarden.se\/\" target=\"_blank\" rel=\"noreferrer noopener\">http:\/\/www.fargarden.se\/<\/a><br>T\u00f6ll\u00e5s F\u00e5rg\u00e5rd &#8211; <a href=\"https:\/\/fargard.se\/\" target=\"_blank\" rel=\"noreferrer noopener\">https:\/\/fargard.se\/<\/a><br>Repslagarmus\u00e9et &#8211; <a href=\"https:\/\/repslagarbanan.se\/\" target=\"_blank\" rel=\"noreferrer noopener\">https:\/\/repslagarbanan.se\/<\/a><br>Osthyveln &#8211; <a href=\"https:\/\/cheeseonwheels.se\/\" target=\"_blank\" rel=\"noreferrer noopener\">https:\/\/cheeseonwheels.se\/<\/a><br>Cc \u0301s havtorns delikatesser &#8211; <a href=\"http:\/\/www.cclaxhavtorn.se\/\" target=\"_blank\" rel=\"noreferrer noopener\">http:\/\/www.cclaxhavtorn.se\/<\/a><br>Marstrands Hembygdsf\u00f6rening &#8211; <a href=\"https:\/\/www.hembygd.se\/marstrand\" target=\"_blank\" rel=\"noreferrer noopener\">https:\/\/www.hembygd.se\/marstrand<\/a><\/p>\n<\/div><\/div>\n<\/div><\/div>\n","protected":false},"excerpt":{"rendered":"<p>Ett urval av v\u00e5ra Hj\u00e4ltar utan vars insats v\u00e5ra dagar inte hade varit n\u00e5gonting. Alla v\u00e5ra sommarungdomar som sjunger, spelar, spelar teater, dansar, leker med barn, filmar och fotar dagarnaAnders Arnell alias Oscar IIAnette S\u00f6rgren fr\u00e5n Svenska 1800-tals s\u00e4llskapetBritt Johansson med sina underbara T-fordarChristina Svensson som kan allt om Marstrands Kyrka och visar runt och &hellip; <\/p>\n<p class=\"link-more\"><a href=\"http:\/\/sekelskiftesdagarna.se\/sv_se\/vara-hjaltar\/\" class=\"more-link\">Forts\u00e4tt l\u00e4sa<span class=\"screen-reader-text\"> \u201dV\u00e5ra hj\u00e4ltar\u201d<\/span><\/a><\/p>\n","protected":false},"author":3,"featured_media":0,"parent":0,"menu_order":0,"comment_status":"closed","ping_status":"closed","template":"","meta":{"_oct_exclude_from_cache":false,"footnotes":""},"class_list":["post-665","page","type-page","status-publish","hentry"],"_links":{"self":[{"href":"http:\/\/sekelskiftesdagarna.se\/sv_se\/wp-json\/wp\/v2\/pages\/665","targetHints":{"allow":["GET"]}}],"collection":[{"href":"http:\/\/sekelskiftesdagarna.se\/sv_se\/wp-json\/wp\/v2\/pages"}],"about":[{"href":"http:\/\/sekelskiftesdagarna.se\/sv_se\/wp-json\/wp\/v2\/types\/page"}],"author":[{"embeddable":true,"href":"http:\/\/sekelskiftesdagarna.se\/sv_se\/wp-json\/wp\/v2\/users\/3"}],"replies":[{"embeddable":true,"href":"http:\/\/sekelskiftesdagarna.se\/sv_se\/wp-json\/wp\/v2\/comments?post=665"}],"version-history":[{"count":0,"href":"http:\/\/sekelskiftesdagarna.se\/sv_se\/wp-json\/wp\/v2\/pages\/665\/revisions"}],"wp:attachment":[{"href":"http:\/\/sekelskiftesdagarna.se\/sv_se\/wp-json\/wp\/v2\/media?parent=665"}],"curies":[{"name":"wp","href":"https:\/\/api.w.org\/{rel}","templated":true}]}}