{"id":1076,"date":"2023-08-17T13:48:44","date_gmt":"2023-08-17T11:48:44","guid":{"rendered":"https:\/\/sekelskiftesdagarna.se\/?page_id=1076"},"modified":"2025-08-18T15:57:37","modified_gmt":"2025-08-18T13:57:37","slug":"sekelskiftesdagarna-2024","status":"publish","type":"page","link":"http:\/\/sekelskiftesdagarna.se\/sv_se\/sekelskiftesdagarna-2024\/","title":{"rendered":"Sekelskiftesdagarna 2024"},"content":{"rendered":"\n<div class=\"wp-block-media-text is-stacked-on-mobile\"><figure class=\"wp-block-media-text__media\"><a href=\"https:\/\/usercontent.one\/wp\/sekelskiftesdagarna.se\/wp-content\/uploads\/2024\/06\/Marstrands-dagarna-2024-web.pdf?media=1677740332\"><img loading=\"lazy\" decoding=\"async\" width=\"300\" height=\"225\" src=\"https:\/\/sekelskiftesdagarna.se\/wp-content\/uploads\/2023\/06\/program-2015-hatt-300x225-1-1.jpeg\" alt=\"\" class=\"wp-image-969 size-full\"\/><\/a><\/figure><div class=\"wp-block-media-text__content\">\n<p>\u00c5rets Sekelskiftesdagar gick av stapeln fredagen 9 augusti. Under dagen var det storm s\u00e5 allting som var utomhus innan 16.00 var tvunget att st\u00e4llas in. Solen kikade fram vid 16 n\u00e4r Ranrike Spelm\u00e4n spelade i kyrkan och Hanna Bendz framf\u00f6rde sin pj\u00e4s om Alice Tegn\u00e9r.<\/p>\n<\/div><\/div>\n\n\n\n<p>P\u00e5 l\u00f6rdagen 10 augusti spelade teaterf\u00f6rening Studio 32 tabl\u00e5er p\u00e5 flera st\u00e4llen p\u00e5 \u00f6n.<br>Herrskapsdansarna v\u00e4lkomnade Kung Oscar II n\u00e4r han anl\u00e4nde med Bohusl\u00e4n. <\/p>\n\n\n\n<p>S\u00f6ndagen 11 augusti spelades flera Kasperteatrar i Paradisparken och p\u00e5 kv\u00e4llen h\u00f6ll Kung\u00e4lv musikk\u00e5r tillsammans med Magnus Johansson en mycket uppskattad konsert.<\/p>\n\n\n\n<figure class=\"wp-block-gallery has-nested-images columns-default is-cropped wp-block-gallery-1 is-layout-flex wp-block-gallery-is-layout-flex\">\n<figure class=\"wp-block-image size-large\"><img loading=\"lazy\" decoding=\"async\" width=\"1024\" height=\"713\" data-id=\"1423\" src=\"https:\/\/sekelskiftesdagarna.se\/wp-content\/uploads\/2024\/08\/IMG_001-1-1024x713.png\" alt=\"\" class=\"wp-image-1423\" srcset=\"https:\/\/sekelskiftesdagarna.se\/wp-content\/uploads\/2024\/08\/IMG_001-1-1024x713.png 1024w, https:\/\/sekelskiftesdagarna.se\/wp-content\/uploads\/2024\/08\/IMG_001-1-300x209.png 300w, https:\/\/sekelskiftesdagarna.se\/wp-content\/uploads\/2024\/08\/IMG_001-1-768x534.png 768w, https:\/\/sekelskiftesdagarna.se\/wp-content\/uploads\/2024\/08\/IMG_001-1-1536x1069.png 1536w, https:\/\/sekelskiftesdagarna.se\/wp-content\/uploads\/2024\/08\/IMG_001-1-18x12.png 18w, https:\/\/sekelskiftesdagarna.se\/wp-content\/uploads\/2024\/08\/IMG_001-1.png 2012w\" sizes=\"auto, (max-width: 767px) 89vw, (max-width: 1000px) 54vw, (max-width: 1071px) 543px, 580px\" \/><\/figure>\n\n\n\n<figure class=\"wp-block-image size-large\"><img loading=\"lazy\" decoding=\"async\" width=\"1024\" height=\"594\" data-id=\"1425\" src=\"https:\/\/sekelskiftesdagarna.se\/wp-content\/uploads\/2024\/08\/IMG_02-1024x594.png\" alt=\"\" class=\"wp-image-1425\" srcset=\"https:\/\/sekelskiftesdagarna.se\/wp-content\/uploads\/2024\/08\/IMG_02-1024x594.png 1024w, https:\/\/sekelskiftesdagarna.se\/wp-content\/uploads\/2024\/08\/IMG_02-300x174.png 300w, https:\/\/sekelskiftesdagarna.se\/wp-content\/uploads\/2024\/08\/IMG_02-768x445.png 768w, https:\/\/sekelskiftesdagarna.se\/wp-content\/uploads\/2024\/08\/IMG_02-1536x891.png 1536w, https:\/\/sekelskiftesdagarna.se\/wp-content\/uploads\/2024\/08\/IMG_02-2048x1188.png 2048w, https:\/\/sekelskiftesdagarna.se\/wp-content\/uploads\/2024\/08\/IMG_02-18x10.png 18w\" sizes=\"auto, (max-width: 767px) 89vw, (max-width: 1000px) 54vw, (max-width: 1071px) 543px, 580px\" \/><\/figure>\n\n\n\n<figure class=\"wp-block-image size-large\"><img loading=\"lazy\" decoding=\"async\" width=\"2560\" height=\"1707\" data-id=\"1415\" src=\"https:\/\/sekelskiftesdagarna.se\/wp-content\/uploads\/2024\/08\/IMG_0828-scaled.jpg\" alt=\"\" class=\"wp-image-1415\" srcset=\"https:\/\/sekelskiftesdagarna.se\/wp-content\/uploads\/2024\/08\/IMG_0828-scaled.jpg 2560w, https:\/\/sekelskiftesdagarna.se\/wp-content\/uploads\/2024\/08\/IMG_0828-300x200.jpg 300w\" sizes=\"auto, (max-width: 767px) 89vw, (max-width: 1000px) 54vw, (max-width: 1071px) 543px, 580px\" \/><\/figure>\n\n\n\n<figure class=\"wp-block-image size-large\"><img loading=\"lazy\" decoding=\"async\" width=\"1024\" height=\"612\" data-id=\"1413\" src=\"https:\/\/sekelskiftesdagarna.se\/wp-content\/uploads\/2024\/08\/IMG_0052-1024x612.png\" alt=\"\" class=\"wp-image-1413\" srcset=\"https:\/\/sekelskiftesdagarna.se\/wp-content\/uploads\/2024\/08\/IMG_0052-1024x612.png 1024w, https:\/\/sekelskiftesdagarna.se\/wp-content\/uploads\/2024\/08\/IMG_0052-300x179.png 300w, https:\/\/sekelskiftesdagarna.se\/wp-content\/uploads\/2024\/08\/IMG_0052-768x459.png 768w, https:\/\/sekelskiftesdagarna.se\/wp-content\/uploads\/2024\/08\/IMG_0052-1536x918.png 1536w, https:\/\/sekelskiftesdagarna.se\/wp-content\/uploads\/2024\/08\/IMG_0052-2048x1223.png 2048w, https:\/\/sekelskiftesdagarna.se\/wp-content\/uploads\/2024\/08\/IMG_0052-18x12.png 18w\" sizes=\"auto, (max-width: 767px) 89vw, (max-width: 1000px) 54vw, (max-width: 1071px) 543px, 580px\" \/><\/figure>\n\n\n\n<figure class=\"wp-block-image size-large\"><img loading=\"lazy\" decoding=\"async\" width=\"1024\" height=\"683\" data-id=\"1412\" src=\"https:\/\/sekelskiftesdagarna.se\/wp-content\/uploads\/2024\/08\/IMG_0765-1024x683.jpg\" alt=\"\" class=\"wp-image-1412\" srcset=\"https:\/\/sekelskiftesdagarna.se\/wp-content\/uploads\/2024\/08\/IMG_0765-1024x683.jpg 1024w, https:\/\/sekelskiftesdagarna.se\/wp-content\/uploads\/2024\/08\/IMG_0765-300x200.jpg 300w, https:\/\/sekelskiftesdagarna.se\/wp-content\/uploads\/2024\/08\/IMG_0765-768x512.jpg 768w\" sizes=\"auto, (max-width: 767px) 89vw, (max-width: 1000px) 54vw, (max-width: 1071px) 543px, 580px\" \/><\/figure>\n\n\n\n<figure class=\"wp-block-image size-large\"><img loading=\"lazy\" decoding=\"async\" width=\"1024\" height=\"589\" data-id=\"1410\" src=\"https:\/\/sekelskiftesdagarna.se\/wp-content\/uploads\/2024\/08\/IMG_345-1024x589.png\" alt=\"\" class=\"wp-image-1410\" srcset=\"https:\/\/sekelskiftesdagarna.se\/wp-content\/uploads\/2024\/08\/IMG_345-1024x589.png 1024w, https:\/\/sekelskiftesdagarna.se\/wp-content\/uploads\/2024\/08\/IMG_345-300x173.png 300w, https:\/\/sekelskiftesdagarna.se\/wp-content\/uploads\/2024\/08\/IMG_345-768x442.png 768w, https:\/\/sekelskiftesdagarna.se\/wp-content\/uploads\/2024\/08\/IMG_345-1536x884.png 1536w, https:\/\/sekelskiftesdagarna.se\/wp-content\/uploads\/2024\/08\/IMG_345-2048x1178.png 2048w, https:\/\/sekelskiftesdagarna.se\/wp-content\/uploads\/2024\/08\/IMG_345-18x10.png 18w\" sizes=\"auto, (max-width: 767px) 89vw, (max-width: 1000px) 54vw, (max-width: 1071px) 543px, 580px\" \/><\/figure>\n\n\n\n<figure class=\"wp-block-image size-large\"><img loading=\"lazy\" decoding=\"async\" width=\"1024\" height=\"645\" data-id=\"1414\" src=\"https:\/\/sekelskiftesdagarna.se\/wp-content\/uploads\/2024\/08\/IMG_656-1024x645.png\" alt=\"\" class=\"wp-image-1414\" srcset=\"https:\/\/sekelskiftesdagarna.se\/wp-content\/uploads\/2024\/08\/IMG_656-1024x645.png 1024w, https:\/\/sekelskiftesdagarna.se\/wp-content\/uploads\/2024\/08\/IMG_656-300x189.png 300w, https:\/\/sekelskiftesdagarna.se\/wp-content\/uploads\/2024\/08\/IMG_656-768x484.png 768w, https:\/\/sekelskiftesdagarna.se\/wp-content\/uploads\/2024\/08\/IMG_656-1536x967.png 1536w, https:\/\/sekelskiftesdagarna.se\/wp-content\/uploads\/2024\/08\/IMG_656-2048x1290.png 2048w, https:\/\/sekelskiftesdagarna.se\/wp-content\/uploads\/2024\/08\/IMG_656-18x12.png 18w\" sizes=\"auto, (max-width: 767px) 89vw, (max-width: 1000px) 54vw, (max-width: 1071px) 543px, 580px\" \/><\/figure>\n\n\n\n<figure class=\"wp-block-image size-large\"><img loading=\"lazy\" decoding=\"async\" width=\"683\" height=\"1024\" data-id=\"1403\" src=\"https:\/\/sekelskiftesdagarna.se\/wp-content\/uploads\/2024\/08\/IMG_0825-683x1024.jpg\" alt=\"\" class=\"wp-image-1403\" srcset=\"https:\/\/sekelskiftesdagarna.se\/wp-content\/uploads\/2024\/08\/IMG_0825-683x1024.jpg 683w, https:\/\/sekelskiftesdagarna.se\/wp-content\/uploads\/2024\/08\/IMG_0825-200x300.jpg 200w, https:\/\/sekelskiftesdagarna.se\/wp-content\/uploads\/2024\/08\/IMG_0825-768x1152.jpg 768w, https:\/\/sekelskiftesdagarna.se\/wp-content\/uploads\/2024\/08\/IMG_0825-1024x1536.jpg 1024w, https:\/\/sekelskiftesdagarna.se\/wp-content\/uploads\/2024\/08\/IMG_0825-scaled.jpg 1707w\" sizes=\"auto, (max-width: 683px) 100vw, 683px\" \/><\/figure>\n\n\n\n<figure class=\"wp-block-image size-large\"><img loading=\"lazy\" decoding=\"async\" width=\"1024\" height=\"683\" data-id=\"1347\" src=\"https:\/\/sekelskiftesdagarna.se\/wp-content\/uploads\/2024\/08\/IMG_0605-1024x683.jpg\" alt=\"\" class=\"wp-image-1347\" srcset=\"https:\/\/sekelskiftesdagarna.se\/wp-content\/uploads\/2024\/08\/IMG_0605-1024x683.jpg 1024w, https:\/\/sekelskiftesdagarna.se\/wp-content\/uploads\/2024\/08\/IMG_0605-300x200.jpg 300w, https:\/\/sekelskiftesdagarna.se\/wp-content\/uploads\/2024\/08\/IMG_0605-768x512.jpg 768w, https:\/\/sekelskiftesdagarna.se\/wp-content\/uploads\/2024\/08\/IMG_0605-1536x1024.jpg 1536w, https:\/\/sekelskiftesdagarna.se\/wp-content\/uploads\/2024\/08\/IMG_0605-2048x1365.jpg 2048w, https:\/\/sekelskiftesdagarna.se\/wp-content\/uploads\/2024\/08\/IMG_0605-18x12.jpg 18w\" sizes=\"auto, (max-width: 767px) 89vw, (max-width: 1000px) 54vw, (max-width: 1071px) 543px, 580px\" \/><\/figure>\n\n\n\n<figure class=\"wp-block-image size-large\"><img loading=\"lazy\" decoding=\"async\" width=\"1024\" height=\"683\" data-id=\"1377\" src=\"https:\/\/sekelskiftesdagarna.se\/wp-content\/uploads\/2024\/08\/IMG_0690-1024x683.jpg\" alt=\"\" class=\"wp-image-1377\" srcset=\"https:\/\/sekelskiftesdagarna.se\/wp-content\/uploads\/2024\/08\/IMG_0690-1024x683.jpg 1024w, https:\/\/sekelskiftesdagarna.se\/wp-content\/uploads\/2024\/08\/IMG_0690-300x200.jpg 300w\" sizes=\"auto, (max-width: 767px) 89vw, (max-width: 1000px) 54vw, (max-width: 1071px) 543px, 580px\" \/><\/figure>\n\n\n\n<figure class=\"wp-block-image size-large\"><img loading=\"lazy\" decoding=\"async\" width=\"1024\" height=\"683\" data-id=\"1395\" src=\"https:\/\/sekelskiftesdagarna.se\/wp-content\/uploads\/2024\/08\/IMG_0418-1024x683.jpg\" alt=\"\" class=\"wp-image-1395\" srcset=\"https:\/\/sekelskiftesdagarna.se\/wp-content\/uploads\/2024\/08\/IMG_0418-1024x683.jpg 1024w, https:\/\/sekelskiftesdagarna.se\/wp-content\/uploads\/2024\/08\/IMG_0418-300x200.jpg 300w, https:\/\/sekelskiftesdagarna.se\/wp-content\/uploads\/2024\/08\/IMG_0418-768x512.jpg 768w\" sizes=\"auto, (max-width: 767px) 89vw, (max-width: 1000px) 54vw, (max-width: 1071px) 543px, 580px\" \/><\/figure>\n\n\n\n<figure class=\"wp-block-image size-large\"><img loading=\"lazy\" decoding=\"async\" width=\"1024\" height=\"683\" data-id=\"1394\" src=\"https:\/\/sekelskiftesdagarna.se\/wp-content\/uploads\/2024\/08\/IMG_0807-1024x683.jpg\" alt=\"\" class=\"wp-image-1394\" srcset=\"https:\/\/sekelskiftesdagarna.se\/wp-content\/uploads\/2024\/08\/IMG_0807-1024x683.jpg 1024w, https:\/\/sekelskiftesdagarna.se\/wp-content\/uploads\/2024\/08\/IMG_0807-300x200.jpg 300w, https:\/\/sekelskiftesdagarna.se\/wp-content\/uploads\/2024\/08\/IMG_0807-768x512.jpg 768w, https:\/\/sekelskiftesdagarna.se\/wp-content\/uploads\/2024\/08\/IMG_0807-1536x1024.jpg 1536w, https:\/\/sekelskiftesdagarna.se\/wp-content\/uploads\/2024\/08\/IMG_0807-2048x1365.jpg 2048w, https:\/\/sekelskiftesdagarna.se\/wp-content\/uploads\/2024\/08\/IMG_0807-18x12.jpg 18w\" sizes=\"auto, (max-width: 767px) 89vw, (max-width: 1000px) 54vw, (max-width: 1071px) 543px, 580px\" \/><\/figure>\n\n\n\n<figure class=\"wp-block-image size-large\"><img decoding=\"async\" data-id=\"1390\" src=\"https:\/\/sekelskiftesdagarna.se\/wp-content\/uploads\/2024\/08\/IMG_0700.jpg\" alt=\"\" class=\"wp-image-1390\"\/><\/figure>\n\n\n\n<figure class=\"wp-block-image size-large\"><img loading=\"lazy\" decoding=\"async\" width=\"1024\" height=\"683\" data-id=\"1375\" src=\"https:\/\/sekelskiftesdagarna.se\/wp-content\/uploads\/2024\/08\/IMG_0736-1024x683.jpg\" alt=\"\" class=\"wp-image-1375\" srcset=\"https:\/\/sekelskiftesdagarna.se\/wp-content\/uploads\/2024\/08\/IMG_0736-1024x683.jpg 1024w, https:\/\/sekelskiftesdagarna.se\/wp-content\/uploads\/2024\/08\/IMG_0736-300x200.jpg 300w, https:\/\/sekelskiftesdagarna.se\/wp-content\/uploads\/2024\/08\/IMG_0736-768x512.jpg 768w\" sizes=\"auto, (max-width: 767px) 89vw, (max-width: 1000px) 54vw, (max-width: 1071px) 543px, 580px\" \/><\/figure>\n\n\n\n<figure class=\"wp-block-image size-large\"><img loading=\"lazy\" decoding=\"async\" width=\"1024\" height=\"698\" data-id=\"1364\" src=\"https:\/\/sekelskiftesdagarna.se\/wp-content\/uploads\/2024\/08\/IMG_0022-1024x698.png\" alt=\"\" class=\"wp-image-1364\" srcset=\"https:\/\/sekelskiftesdagarna.se\/wp-content\/uploads\/2024\/08\/IMG_0022-1024x698.png 1024w, https:\/\/sekelskiftesdagarna.se\/wp-content\/uploads\/2024\/08\/IMG_0022-300x204.png 300w, https:\/\/sekelskiftesdagarna.se\/wp-content\/uploads\/2024\/08\/IMG_0022-768x523.png 768w, https:\/\/sekelskiftesdagarna.se\/wp-content\/uploads\/2024\/08\/IMG_0022-1536x1047.png 1536w, https:\/\/sekelskiftesdagarna.se\/wp-content\/uploads\/2024\/08\/IMG_0022-2048x1395.png 2048w, https:\/\/sekelskiftesdagarna.se\/wp-content\/uploads\/2024\/08\/IMG_0022-18x12.png 18w\" sizes=\"auto, (max-width: 767px) 89vw, (max-width: 1000px) 54vw, (max-width: 1071px) 543px, 580px\" \/><\/figure>\n\n\n\n<figure class=\"wp-block-image size-large\"><img loading=\"lazy\" decoding=\"async\" width=\"1024\" height=\"683\" data-id=\"1349\" src=\"https:\/\/sekelskiftesdagarna.se\/wp-content\/uploads\/2024\/08\/IMG_0805-1024x683.jpg\" alt=\"\" class=\"wp-image-1349\" srcset=\"https:\/\/sekelskiftesdagarna.se\/wp-content\/uploads\/2024\/08\/IMG_0805-1024x683.jpg 1024w, https:\/\/sekelskiftesdagarna.se\/wp-content\/uploads\/2024\/08\/IMG_0805-300x200.jpg 300w, https:\/\/sekelskiftesdagarna.se\/wp-content\/uploads\/2024\/08\/IMG_0805-768x512.jpg 768w, https:\/\/sekelskiftesdagarna.se\/wp-content\/uploads\/2024\/08\/IMG_0805-1536x1024.jpg 1536w, https:\/\/sekelskiftesdagarna.se\/wp-content\/uploads\/2024\/08\/IMG_0805-2048x1365.jpg 2048w, https:\/\/sekelskiftesdagarna.se\/wp-content\/uploads\/2024\/08\/IMG_0805-18x12.jpg 18w\" sizes=\"auto, (max-width: 767px) 89vw, (max-width: 1000px) 54vw, (max-width: 1071px) 543px, 580px\" \/><\/figure>\n\n\n\n<figure class=\"wp-block-image size-large\"><img loading=\"lazy\" decoding=\"async\" width=\"1024\" height=\"750\" data-id=\"1348\" src=\"https:\/\/sekelskiftesdagarna.se\/wp-content\/uploads\/2024\/08\/IMG_03-1024x750.png\" alt=\"\" class=\"wp-image-1348\" srcset=\"https:\/\/sekelskiftesdagarna.se\/wp-content\/uploads\/2024\/08\/IMG_03-1024x750.png 1024w, https:\/\/sekelskiftesdagarna.se\/wp-content\/uploads\/2024\/08\/IMG_03-300x220.png 300w, https:\/\/sekelskiftesdagarna.se\/wp-content\/uploads\/2024\/08\/IMG_03-768x563.png 768w, https:\/\/sekelskiftesdagarna.se\/wp-content\/uploads\/2024\/08\/IMG_03-1536x1125.png 1536w, https:\/\/sekelskiftesdagarna.se\/wp-content\/uploads\/2024\/08\/IMG_03-2048x1501.png 2048w, https:\/\/sekelskiftesdagarna.se\/wp-content\/uploads\/2024\/08\/IMG_03-16x12.png 16w\" sizes=\"auto, (max-width: 767px) 89vw, (max-width: 1000px) 54vw, (max-width: 1071px) 543px, 580px\" \/><\/figure>\n\n\n\n<figure class=\"wp-block-image size-large\"><img loading=\"lazy\" decoding=\"async\" width=\"1024\" height=\"683\" data-id=\"1341\" src=\"https:\/\/sekelskiftesdagarna.se\/wp-content\/uploads\/2024\/08\/IMG_0460-1024x683.jpg\" alt=\"\" class=\"wp-image-1341\" srcset=\"https:\/\/sekelskiftesdagarna.se\/wp-content\/uploads\/2024\/08\/IMG_0460-1024x683.jpg 1024w, https:\/\/sekelskiftesdagarna.se\/wp-content\/uploads\/2024\/08\/IMG_0460-300x200.jpg 300w, https:\/\/sekelskiftesdagarna.se\/wp-content\/uploads\/2024\/08\/IMG_0460-768x512.jpg 768w, https:\/\/sekelskiftesdagarna.se\/wp-content\/uploads\/2024\/08\/IMG_0460-1536x1024.jpg 1536w, https:\/\/sekelskiftesdagarna.se\/wp-content\/uploads\/2024\/08\/IMG_0460-2048x1365.jpg 2048w, https:\/\/sekelskiftesdagarna.se\/wp-content\/uploads\/2024\/08\/IMG_0460-18x12.jpg 18w\" sizes=\"auto, (max-width: 767px) 89vw, (max-width: 1000px) 54vw, (max-width: 1071px) 543px, 580px\" \/><\/figure>\n\n\n\n<figure class=\"wp-block-image size-large\"><img loading=\"lazy\" decoding=\"async\" width=\"1024\" height=\"683\" data-id=\"1362\" src=\"https:\/\/sekelskiftesdagarna.se\/wp-content\/uploads\/2024\/08\/IMG_0800-1024x683.jpg\" alt=\"\" class=\"wp-image-1362\" srcset=\"https:\/\/sekelskiftesdagarna.se\/wp-content\/uploads\/2024\/08\/IMG_0800-1024x683.jpg 1024w, https:\/\/sekelskiftesdagarna.se\/wp-content\/uploads\/2024\/08\/IMG_0800-300x200.jpg 300w, https:\/\/sekelskiftesdagarna.se\/wp-content\/uploads\/2024\/08\/IMG_0800-768x512.jpg 768w, https:\/\/sekelskiftesdagarna.se\/wp-content\/uploads\/2024\/08\/IMG_0800-1536x1024.jpg 1536w, https:\/\/sekelskiftesdagarna.se\/wp-content\/uploads\/2024\/08\/IMG_0800-2048x1365.jpg 2048w, https:\/\/sekelskiftesdagarna.se\/wp-content\/uploads\/2024\/08\/IMG_0800-18x12.jpg 18w\" sizes=\"auto, (max-width: 767px) 89vw, (max-width: 1000px) 54vw, (max-width: 1071px) 543px, 580px\" \/><\/figure>\n\n\n\n<figure class=\"wp-block-image size-large\"><img loading=\"lazy\" decoding=\"async\" width=\"1024\" height=\"683\" data-id=\"1428\" src=\"https:\/\/sekelskiftesdagarna.se\/wp-content\/uploads\/2024\/08\/IMG_0416-1024x683.jpg\" alt=\"\" class=\"wp-image-1428\" srcset=\"https:\/\/sekelskiftesdagarna.se\/wp-content\/uploads\/2024\/08\/IMG_0416-1024x683.jpg 1024w, https:\/\/sekelskiftesdagarna.se\/wp-content\/uploads\/2024\/08\/IMG_0416-300x200.jpg 300w, https:\/\/sekelskiftesdagarna.se\/wp-content\/uploads\/2024\/08\/IMG_0416-768x512.jpg 768w, https:\/\/sekelskiftesdagarna.se\/wp-content\/uploads\/2024\/08\/IMG_0416-1536x1024.jpg 1536w, https:\/\/sekelskiftesdagarna.se\/wp-content\/uploads\/2024\/08\/IMG_0416-2048x1365.jpg 2048w, https:\/\/sekelskiftesdagarna.se\/wp-content\/uploads\/2024\/08\/IMG_0416-18x12.jpg 18w\" sizes=\"auto, (max-width: 767px) 89vw, (max-width: 1000px) 54vw, (max-width: 1071px) 543px, 580px\" \/><\/figure>\n<\/figure>\n\n\n\n<figure class=\"wp-block-embed is-type-video is-provider-youtube wp-block-embed-youtube wp-embed-aspect-16-9 wp-has-aspect-ratio\"><div class=\"wp-block-embed__wrapper\">\n<iframe loading=\"lazy\" title=\"Sekelskiftesdagarna trailer 2024\" width=\"525\" height=\"295\" src=\"https:\/\/www.youtube.com\/embed\/YoTovU6CdsQ?feature=oembed\" frameborder=\"0\" allow=\"accelerometer; autoplay; clipboard-write; encrypted-media; gyroscope; picture-in-picture; web-share\" referrerpolicy=\"strict-origin-when-cross-origin\" allowfullscreen><\/iframe>\n<\/div><figcaption class=\"wp-element-caption\">Sekelskiftesdagarna 2024<\/figcaption><\/figure>\n\n\n\n<figure class=\"wp-block-embed is-type-video is-provider-youtube wp-block-embed-youtube wp-embed-aspect-16-9 wp-has-aspect-ratio\"><div class=\"wp-block-embed__wrapper\">\n<iframe loading=\"lazy\" title=\"Ranrike Spelm\u00e4n\" width=\"525\" height=\"295\" src=\"https:\/\/www.youtube.com\/embed\/ondno3fW7rU?feature=oembed\" frameborder=\"0\" allow=\"accelerometer; autoplay; clipboard-write; encrypted-media; gyroscope; picture-in-picture; web-share\" referrerpolicy=\"strict-origin-when-cross-origin\" allowfullscreen><\/iframe>\n<\/div><figcaption class=\"wp-element-caption\">Konsert med Ranrike spelm\u00e4n<\/figcaption><\/figure>\n\n\n\n<figure class=\"wp-block-embed is-type-video is-provider-youtube wp-block-embed-youtube wp-embed-aspect-16-9 wp-has-aspect-ratio\"><div class=\"wp-block-embed__wrapper\">\n<iframe loading=\"lazy\" title=\"Sekelskiftesdagarnas ungdomskonsert 2024\" width=\"525\" height=\"295\" src=\"https:\/\/www.youtube.com\/embed\/kCrKqeLOpg4?feature=oembed\" frameborder=\"0\" allow=\"accelerometer; autoplay; clipboard-write; encrypted-media; gyroscope; picture-in-picture; web-share\" referrerpolicy=\"strict-origin-when-cross-origin\" allowfullscreen><\/iframe>\n<\/div><figcaption class=\"wp-element-caption\">Konsert med sommarjobbare fr\u00e5n Kung\u00e4lvs kommun<\/figcaption><\/figure>\n\n\n\n<figure class=\"wp-block-embed is-type-video is-provider-youtube wp-block-embed-youtube wp-embed-aspect-16-9 wp-has-aspect-ratio\"><div class=\"wp-block-embed__wrapper\">\n<iframe loading=\"lazy\" title=\"Taubeafton\" width=\"525\" height=\"295\" src=\"https:\/\/www.youtube.com\/embed\/nPorWuPEkrE?feature=oembed\" frameborder=\"0\" allow=\"accelerometer; autoplay; clipboard-write; encrypted-media; gyroscope; picture-in-picture; web-share\" referrerpolicy=\"strict-origin-when-cross-origin\" allowfullscreen><\/iframe>\n<\/div><figcaption class=\"wp-element-caption\">Konsert med Martin Bagge och David Anthin <\/figcaption><\/figure>\n\n\n\n<figure class=\"wp-block-embed is-type-video is-provider-youtube wp-block-embed-youtube wp-embed-aspect-16-9 wp-has-aspect-ratio\"><div class=\"wp-block-embed__wrapper\">\n<iframe loading=\"lazy\" title=\"Kung\u00e4lv musikk\u00e5rs konsert med Magnus Johansson\" width=\"525\" height=\"295\" src=\"https:\/\/www.youtube.com\/embed\/afQGEV-jlwk?feature=oembed\" frameborder=\"0\" allow=\"accelerometer; autoplay; clipboard-write; encrypted-media; gyroscope; picture-in-picture; web-share\" referrerpolicy=\"strict-origin-when-cross-origin\" allowfullscreen><\/iframe>\n<\/div><figcaption class=\"wp-element-caption\">Konsert med Kung\u00e4lv musikk\u00e5r och Magnus Johansson<\/figcaption><\/figure>\n\n\n\n<figure class=\"wp-block-embed is-type-video is-provider-youtube wp-block-embed-youtube wp-embed-aspect-16-9 wp-has-aspect-ratio\"><div class=\"wp-block-embed__wrapper\">\n<iframe loading=\"lazy\" title=\"Intervju med Bj\u00f6rn och hans \u00e5ngmaskin\" width=\"525\" height=\"295\" src=\"https:\/\/www.youtube.com\/embed\/v3UYtEZYPdQ?start=1&#038;feature=oembed\" frameborder=\"0\" allow=\"accelerometer; autoplay; clipboard-write; encrypted-media; gyroscope; picture-in-picture; web-share\" referrerpolicy=\"strict-origin-when-cross-origin\" allowfullscreen><\/iframe>\n<\/div><figcaption class=\"wp-element-caption\">\u00c5ngmaskinen p\u00e5 Sekelskiftesdagarna<\/figcaption><\/figure>\n\n\n\n<figure class=\"wp-block-embed is-type-video is-provider-youtube wp-block-embed-youtube wp-embed-aspect-16-9 wp-has-aspect-ratio\"><div class=\"wp-block-embed__wrapper\">\n<iframe loading=\"lazy\" title=\"Herrskapsdans\" width=\"525\" height=\"295\" src=\"https:\/\/www.youtube.com\/embed\/en7ty3Bolfc?feature=oembed\" frameborder=\"0\" allow=\"accelerometer; autoplay; clipboard-write; encrypted-media; gyroscope; picture-in-picture; web-share\" referrerpolicy=\"strict-origin-when-cross-origin\" allowfullscreen><\/iframe>\n<\/div><figcaption class=\"wp-element-caption\">Herrskapsdans <\/figcaption><\/figure>\n\n\n\n<p>Under \u00e5ret har f\u00f6rening varit och bes\u00f6kt Llandudno Victorian Extravaganza <\/p>\n\n\n\n<figure class=\"wp-block-embed is-type-video is-provider-youtube wp-block-embed-youtube wp-embed-aspect-16-9 wp-has-aspect-ratio\"><div class=\"wp-block-embed__wrapper\">\n<iframe loading=\"lazy\" title=\"Llandudno Victorian Extravaganza\" width=\"525\" height=\"295\" src=\"https:\/\/www.youtube.com\/embed\/bwxcCW7Fcgw?feature=oembed\" frameborder=\"0\" allow=\"accelerometer; autoplay; clipboard-write; encrypted-media; gyroscope; picture-in-picture; web-share\" referrerpolicy=\"strict-origin-when-cross-origin\" allowfullscreen><\/iframe>\n<\/div><\/figure>\n","protected":false},"excerpt":{"rendered":"<p>\u00c5rets Sekelskiftesdagar gick av stapeln fredagen 9 augusti. Under dagen var det storm s\u00e5 allting som var utomhus innan 16.00 var tvunget att st\u00e4llas in. Solen kikade fram vid 16 n\u00e4r Ranrike Spelm\u00e4n spelade i kyrkan och Hanna Bendz framf\u00f6rde sin pj\u00e4s om Alice Tegn\u00e9r. P\u00e5 l\u00f6rdagen 10 augusti spelade teaterf\u00f6rening Studio 32 tabl\u00e5er p\u00e5 &hellip; <\/p>\n<p class=\"link-more\"><a href=\"http:\/\/sekelskiftesdagarna.se\/sv_se\/sekelskiftesdagarna-2024\/\" class=\"more-link\">Forts\u00e4tt l\u00e4sa<span class=\"screen-reader-text\"> \u201dSekelskiftesdagarna 2024\u201d<\/span><\/a><\/p>\n","protected":false},"author":3,"featured_media":0,"parent":0,"menu_order":0,"comment_status":"closed","ping_status":"closed","template":"","meta":{"_oct_exclude_from_cache":false,"footnotes":""},"class_list":["post-1076","page","type-page","status-publish","hentry"],"_links":{"self":[{"href":"http:\/\/sekelskiftesdagarna.se\/sv_se\/wp-json\/wp\/v2\/pages\/1076","targetHints":{"allow":["GET"]}}],"collection":[{"href":"http:\/\/sekelskiftesdagarna.se\/sv_se\/wp-json\/wp\/v2\/pages"}],"about":[{"href":"http:\/\/sekelskiftesdagarna.se\/sv_se\/wp-json\/wp\/v2\/types\/page"}],"author":[{"embeddable":true,"href":"http:\/\/sekelskiftesdagarna.se\/sv_se\/wp-json\/wp\/v2\/users\/3"}],"replies":[{"embeddable":true,"href":"http:\/\/sekelskiftesdagarna.se\/sv_se\/wp-json\/wp\/v2\/comments?post=1076"}],"version-history":[{"count":0,"href":"http:\/\/sekelskiftesdagarna.se\/sv_se\/wp-json\/wp\/v2\/pages\/1076\/revisions"}],"wp:attachment":[{"href":"http:\/\/sekelskiftesdagarna.se\/sv_se\/wp-json\/wp\/v2\/media?parent=1076"}],"curies":[{"name":"wp","href":"https:\/\/api.w.org\/{rel}","templated":true}]}}