{"id":151,"date":"2023-02-06T11:14:15","date_gmt":"2023-02-06T10:14:15","guid":{"rendered":"https:\/\/sekelskiftesdagarna.kxfh.se\/?page_id=151"},"modified":"2024-03-15T12:22:39","modified_gmt":"2024-03-15T11:22:39","slug":"gdpr","status":"publish","type":"page","link":"http:\/\/sekelskiftesdagarna.se\/en\/gdpr\/","title":{"rendered":"GDPR"},"content":{"rendered":"<h1 class=\"wp-block-heading has-text-align-left\"><strong>How we handle personal data<\/strong><br><br>MEMBERSHIP REGISTER<\/h1>\n\n\n\n<p>The membership register contains contact information for the members as well as details regarding the payment of membership fees for the past 3 years.<\/p>\n\n\n\n<p>The membership register is used for member communication via email. In these communications, we always use \"blind carbon copy\" (BCC), meaning members' email addresses are not disclosed to each other.<\/p>\n\n\n\n<p>New members register via the membership form on the association's website.<br>The information that is recorded and stored includes:<br><br>\u25aa Paid for the current year (2024)<br>\u25aa Paid for the previous year (2023)<br>\u25aa Paid for the previous year - 2 (2022)<br>\u25aa Membership number<br>\u25aa Membership date<br>\u25aa Name<br>\u25aa Address<br>\u25aa Postal code<br>\u25aa City<br>\u25aa Country<br>\u25aa Phone number<br>\u25aa Email<br><br>The original membership register is an Excel spreadsheet physically stored on the association's hard drive. Backup copies are saved on Google Drive.<\/p>\n\n\n\n<hr class=\"wp-block-separator has-alpha-channel-opacity\"\/>\n\n\n\n<h2 class=\"wp-block-heading\">PARTICIPANT REGISTER VICTORIAN DAYS<\/h2>\n\n\n\n<p>The register contains contact information for participants in this year's Victorian Days.<br><br>The register is used for, among other things, planning of locations and times for participants as well as<br>communication with participants, such as instructions about ferry crossings. This communication is conducted via email and always uses \"blind carbon copy\" (BCC) in the distribution, meaning participants' email addresses are not disclosed to each other.<\/p>\n\n\n\n<p>The register is updated when a participant signs up for the Victorian Days.<br><br>The information that is recorded and stored includes:<br>\u25aa First name<br>\u25aa Surname<br>\u25aa National Insurance Number<br>\u25aa Address<br>\u25aa Postcode<br>\u25aa City<br>\u25aa Phone number<br>\u25aa Mobile number<br>\u25aa Email<br>\u25aa Any activities the person is organizing during the event<br><br>Upon registration, the participant agrees that the association may use their image and text in connection with festival activities, as well as on the association's website and Facebook page.<br><br>The original registry is an Excel spreadsheet, along with an image archive physically stored on the association's hard drive. Backup copies are saved on Google Drive.<br><br>The registry is saved for 2 years since the invitation to the upcoming Victorian Days is based on the participation of the past 2 years.<\/p>\n\n\n\n<hr class=\"wp-block-separator has-alpha-channel-opacity\"\/>\n\n\n\n<h2 class=\"wp-block-heading\">IMAGE ARCHIVE<\/h2>\n\n\n\n<p>In connection with the Victorian Days in Marstrand and other events, the association documents and saves materials in the association's image archive. The images saved are taken by the association's appointed photographers, which means that the association holds the copyright to the images.<br><br>The image archive is used for publication on the association's website, Facebook page, Instagram, during presentations about the association's activities, and in our program brochure, etc.<br><br>The original of the image archive is stored on a hard drive and on Google Drive. The person responsible for the image archive is the association's project manager.<\/p>","protected":false},"excerpt":{"rendered":"<p>Hur vi hanterar personuppgifter MEDLEMSREGISTER Medlemsregistret inneh\u00e5ller kontaktuppgifter f\u00f6r medlemmarna samt uppgifter om betalning av medlemsavgiften de senaste 3 \u00e5ren. Medlemsregistret anv\u00e4nds f\u00f6r medlemsinformation via E-post. D\u00e5 anv\u00e4nds alltid s.k. \u201ddold kopia\u201d i utskicket, dvs medlemmarnas E-post-adresser avsl\u00f6jas inte dem sinsemellan. Nya medlemmar anm\u00e4ler sig via medlemsformul\u00e4ret p\u00e5 f\u00f6reningens hemsida.Uppgifter som registreras och sparas \u00e4r: &hellip; <\/p>\n<p class=\"link-more\"><a href=\"http:\/\/sekelskiftesdagarna.se\/en\/gdpr\/\" class=\"more-link\">Continue reading<span class=\"screen-reader-text\"> &#8221;GDPR&#8221;<\/span><\/a><\/p>","protected":false},"author":3,"featured_media":0,"parent":0,"menu_order":0,"comment_status":"closed","ping_status":"closed","template":"","meta":{"_oct_exclude_from_cache":false,"footnotes":""},"class_list":["post-151","page","type-page","status-publish","hentry"],"_links":{"self":[{"href":"http:\/\/sekelskiftesdagarna.se\/en\/wp-json\/wp\/v2\/pages\/151","targetHints":{"allow":["GET"]}}],"collection":[{"href":"http:\/\/sekelskiftesdagarna.se\/en\/wp-json\/wp\/v2\/pages"}],"about":[{"href":"http:\/\/sekelskiftesdagarna.se\/en\/wp-json\/wp\/v2\/types\/page"}],"author":[{"embeddable":true,"href":"http:\/\/sekelskiftesdagarna.se\/en\/wp-json\/wp\/v2\/users\/3"}],"replies":[{"embeddable":true,"href":"http:\/\/sekelskiftesdagarna.se\/en\/wp-json\/wp\/v2\/comments?post=151"}],"version-history":[{"count":0,"href":"http:\/\/sekelskiftesdagarna.se\/en\/wp-json\/wp\/v2\/pages\/151\/revisions"}],"wp:attachment":[{"href":"http:\/\/sekelskiftesdagarna.se\/en\/wp-json\/wp\/v2\/media?parent=151"}],"curies":[{"name":"wp","href":"https:\/\/api.w.org\/{rel}","templated":true}]}}